{"id":12282,"date":"2013-12-20T18:45:34","date_gmt":"2013-12-20T15:45:34","guid":{"rendered":"https:\/\/editura-unibuc.ro\/?p=12282"},"modified":"2025-08-06T11:31:29","modified_gmt":"2025-08-06T08:31:29","slug":"crp-dupa-20-de-ani-volum-de-evocari-ale-profesorilor-colaboratorilor-si-alumnilor-specializarii-comunicare-si-relatii-publice","status":"publish","type":"product","link":"https:\/\/editura-unibuc.ro\/en\/crp-dupa-20-de-ani-volum-de-evocari-ale-profesorilor-colaboratorilor-si-alumnilor-specializarii-comunicare-si-relatii-publice\/","title":{"rendered":"CRP \u2013 20 YEARS AFTER. EVOCATIONS OF TEACHERS, ASSOCIATES AND ALUMNI OF THE COMMUNICATION AND PUBLIC RELATIONS SPECIALIZATION"},"content":{"rendered":"<p>IN ROMANIAN<\/p>\n<p>,,Unii absolven\u021bi ai CRP-ului au intrat \u00een institu\u021biile publice, le-au determinat s\u0103 fie mai flexibile, mai receptive, mai dinamice. Al\u021bii au ajuns la Bruxelles \u00een diferite organisme ale Uniunii, fie ca reprezentan\u021bi ai Rom\u00e2niei, fie ca func\u021bionari ai Comisiei. Politicienii rom\u00e2ni mai tineri au \u00eenv\u0103\u021bat multe, fiind forma\u021bi \u00een proiecte la care au lucrat \u0219i absolven\u021bii no\u0219tri. Crearea sec\u021biei de\u00a0<i>Comunicare \u0219i Rela\u021bii publice<\/i>\u00a0a fost, \u00een perspectiv\u0103, o decizie bun\u0103.\u201d (Ioan P\u00e2nzaru)<\/p>","protected":false},"excerpt":{"rendered":"<p>IN ROMANIAN ,,Unii absolven\u021bi ai CRP-ului au intrat \u00een institu\u021biile publice, le-au determinat s\u0103 fie mai flexibile, mai receptive, mai dinamice. Al\u021bii au ajuns la Bruxelles \u00een diferite organisme ale Uniunii, fie ca reprezentan\u021bi ai Rom\u00e2niei, fie ca func\u021bionari ai Comisiei. Politicienii rom\u00e2ni mai tineri au \u00eenv\u0103\u021bat multe, fiind forma\u021bi \u00een proiecte la care au [&hellip;]<\/p>\n","protected":false},"featured_media":0,"comment_status":"open","ping_status":"closed","template":"","meta":[],"product_brand":[],"product_cat":[1464,979],"product_tag":[1202,1203],"class_list":{"0":"post-12282","1":"product","2":"type-product","3":"status-publish","5":"product_cat-filologie","6":"product_cat-limba-romana","7":"product_tag-comunicare","8":"product_tag-relatii-publice","10":"first","11":"outofstock","12":"shipping-taxable","13":"purchasable","14":"product-type-simple"},"_links":{"self":[{"href":"https:\/\/editura-unibuc.ro\/en\/wp-json\/wp\/v2\/product\/12282","targetHints":{"allow":["GET"]}}],"collection":[{"href":"https:\/\/editura-unibuc.ro\/en\/wp-json\/wp\/v2\/product"}],"about":[{"href":"https:\/\/editura-unibuc.ro\/en\/wp-json\/wp\/v2\/types\/product"}],"replies":[{"embeddable":true,"href":"https:\/\/editura-unibuc.ro\/en\/wp-json\/wp\/v2\/comments?post=12282"}],"wp:attachment":[{"href":"https:\/\/editura-unibuc.ro\/en\/wp-json\/wp\/v2\/media?parent=12282"}],"wp:term":[{"taxonomy":"product_brand","embeddable":true,"href":"https:\/\/editura-unibuc.ro\/en\/wp-json\/wp\/v2\/product_brand?post=12282"},{"taxonomy":"product_cat","embeddable":true,"href":"https:\/\/editura-unibuc.ro\/en\/wp-json\/wp\/v2\/product_cat?post=12282"},{"taxonomy":"product_tag","embeddable":true,"href":"https:\/\/editura-unibuc.ro\/en\/wp-json\/wp\/v2\/product_tag?post=12282"}],"curies":[{"name":"wp","href":"https:\/\/api.w.org\/{rel}","templated":true}]}}