{"id":12324,"date":"2014-01-13T17:28:08","date_gmt":"2014-01-13T14:28:08","guid":{"rendered":"https:\/\/editura-unibuc.ro\/?p=12324"},"modified":"2025-08-07T10:49:00","modified_gmt":"2025-08-07T07:49:00","slug":"revista-cercurilor-studentesti-ale-departamentului-de-limba-si-literatura-romana","status":"publish","type":"product","link":"https:\/\/editura-unibuc.ro\/en\/revista-cercurilor-studentesti-ale-departamentului-de-limba-si-literatura-romana\/","title":{"rendered":"STUDENTS&#8217; SOCIETY REVIEW OF THE DEPARTMENT OF FRENCH LANGUAGE AND LITERATURE"},"content":{"rendered":"<p>Aflat\u0103 la al doilea num\u0103r pe anul 2013, <i>Revista&#8230; <\/i>este o publica\u021bie a Departamentului de Limba \u0219i Literatura Francez\u0103 \u0219i reune\u0219te cele mai bune articole rezultate din interven\u021biile studen\u021bilor, \u00een anii 2011,2012 \u0219i 2013, \u00een cadrul cercurilor<i> de literatur\u0103, cultur\u0103 \u0219i civiliza\u021bie francez\u0103 <\/i>\u0219i <i>de lingvistic\u0103 francez\u0103 teoretic\u0103 \u0219i aplicat\u0103.<\/i> Ultima sec\u021biune a publica\u021biei este rezervat\u0103 prezent\u0103rii bilan\u021bului activit\u0103\u021bilor Juriului studen\u021besc bucure\u0219tean pentru decernarea <i>Premiului Goncurt <\/i>pe anul 2013.<\/p>","protected":false},"excerpt":{"rendered":"<p>Aflat\u0103 la al doilea num\u0103r pe anul 2013, Revista&#8230; este o publica\u021bie a Departamentului de Limba \u0219i Literatura Francez\u0103 \u0219i reune\u0219te cele mai bune articole rezultate din interven\u021biile studen\u021bilor, \u00een anii 2011,2012 \u0219i 2013, \u00een cadrul cercurilor de literatur\u0103, cultur\u0103 \u0219i civiliza\u021bie francez\u0103 \u0219i de lingvistic\u0103 francez\u0103 teoretic\u0103 \u0219i aplicat\u0103. Ultima sec\u021biune a publica\u021biei este [&hellip;]<\/p>\n","protected":false},"featured_media":12325,"comment_status":"open","ping_status":"closed","template":"","meta":[],"product_brand":[],"product_cat":[3944,1464,977,1469,1893],"product_tag":[1168,1042],"class_list":{"0":"post-12324","1":"product","2":"type-product","3":"status-publish","4":"has-post-thumbnail","6":"product_cat-revista-cercurilor-studentesti-limba-si-literatura-franceza","7":"product_cat-filologie","8":"product_cat-limba-franceza","9":"product_cat-periodice","10":"product_cat-reviste-academice","11":"product_tag-limba-franceza","12":"product_tag-revista","14":"first","15":"outofstock","16":"purchasable","17":"product-type-simple"},"_links":{"self":[{"href":"https:\/\/editura-unibuc.ro\/en\/wp-json\/wp\/v2\/product\/12324","targetHints":{"allow":["GET"]}}],"collection":[{"href":"https:\/\/editura-unibuc.ro\/en\/wp-json\/wp\/v2\/product"}],"about":[{"href":"https:\/\/editura-unibuc.ro\/en\/wp-json\/wp\/v2\/types\/product"}],"replies":[{"embeddable":true,"href":"https:\/\/editura-unibuc.ro\/en\/wp-json\/wp\/v2\/comments?post=12324"}],"wp:featuredmedia":[{"embeddable":true,"href":"https:\/\/editura-unibuc.ro\/en\/wp-json\/wp\/v2\/media\/12325"}],"wp:attachment":[{"href":"https:\/\/editura-unibuc.ro\/en\/wp-json\/wp\/v2\/media?parent=12324"}],"wp:term":[{"taxonomy":"product_brand","embeddable":true,"href":"https:\/\/editura-unibuc.ro\/en\/wp-json\/wp\/v2\/product_brand?post=12324"},{"taxonomy":"product_cat","embeddable":true,"href":"https:\/\/editura-unibuc.ro\/en\/wp-json\/wp\/v2\/product_cat?post=12324"},{"taxonomy":"product_tag","embeddable":true,"href":"https:\/\/editura-unibuc.ro\/en\/wp-json\/wp\/v2\/product_tag?post=12324"}],"curies":[{"name":"wp","href":"https:\/\/api.w.org\/{rel}","templated":true}]}}