{"id":12327,"date":"2014-01-13T17:39:47","date_gmt":"2014-01-13T14:39:47","guid":{"rendered":"https:\/\/editura-unibuc.ro\/?p=12327"},"modified":"2017-09-12T10:06:09","modified_gmt":"2017-09-12T07:06:09","slug":"nici-manusi-nici-mila-trei-pamfletari-interbelici","status":"publish","type":"product","link":"https:\/\/editura-unibuc.ro\/en\/nici-manusi-nici-mila-trei-pamfletari-interbelici\/","title":{"rendered":"\u201cNEITHER GLOVES, NOR MERCY\u201d \u2013 THREE INTERWAR PAMPHLETEERS"},"content":{"rendered":"<p>\u201cPunctul comun \u00een care se \u00eent\u00e2lnesc cei trei pamfletari apar\u021bin\u00e2nd unor zone canonice foarte diferite este atitudinea fa\u021b\u0103 de pamflet: ei privesc \u0219i practic\u0103 genul ca pe un fapt creator, f\u0103r\u0103 diferen\u021be fa\u021b\u0103 de celelalte forme literare. Dincolo de specificitatea viziunii \u0219i stilului fiec\u0103ruia, Arghezi, Vinea \u0219i Cocea cred \u00een for\u021ba cuv\u00e2ntului expresiv, care, la modul ideal, are puterea s\u0103 modifice reac\u021biile destinatarului pamfletizat. \u00cen discursul autoarei, analiza se \u00eembin\u0103 cu spiritul asociativ\u201d, apreciaz\u0103 prof. univ. dr. Elena Filipa\u0219.<\/p>\n","protected":false},"excerpt":{"rendered":"<p>\u201cPunctul comun \u00een care se \u00eent\u00e2lnesc cei trei pamfletari apar\u021bin\u00e2nd unor zone canonice foarte diferite este atitudinea fa\u021b\u0103 de pamflet: ei privesc \u0219i practic\u0103 genul ca pe un fapt creator, f\u0103r\u0103 diferen\u021be fa\u021b\u0103 de celelalte forme literare. Dincolo de specificitatea viziunii \u0219i stilului fiec\u0103ruia, Arghezi, Vinea \u0219i Cocea cred \u00een for\u021ba cuv\u00e2ntului expresiv, care, la [&hellip;]<\/p>\n","protected":false},"featured_media":12328,"comment_status":"open","ping_status":"closed","template":"","meta":[],"product_brand":[],"product_cat":[1464,979],"product_tag":[919,1201,1184],"class_list":{"0":"post-12327","1":"product","2":"type-product","3":"status-publish","4":"has-post-thumbnail","6":"product_cat-filologie","7":"product_cat-limba-romana","8":"product_tag-literatura","9":"product_tag-literatura-si-cultura","10":"product_tag-litere","12":"first","13":"outofstock","14":"shipping-taxable","15":"purchasable","16":"product-type-simple"},"_links":{"self":[{"href":"https:\/\/editura-unibuc.ro\/en\/wp-json\/wp\/v2\/product\/12327","targetHints":{"allow":["GET"]}}],"collection":[{"href":"https:\/\/editura-unibuc.ro\/en\/wp-json\/wp\/v2\/product"}],"about":[{"href":"https:\/\/editura-unibuc.ro\/en\/wp-json\/wp\/v2\/types\/product"}],"replies":[{"embeddable":true,"href":"https:\/\/editura-unibuc.ro\/en\/wp-json\/wp\/v2\/comments?post=12327"}],"wp:featuredmedia":[{"embeddable":true,"href":"https:\/\/editura-unibuc.ro\/en\/wp-json\/wp\/v2\/media\/12328"}],"wp:attachment":[{"href":"https:\/\/editura-unibuc.ro\/en\/wp-json\/wp\/v2\/media?parent=12327"}],"wp:term":[{"taxonomy":"product_brand","embeddable":true,"href":"https:\/\/editura-unibuc.ro\/en\/wp-json\/wp\/v2\/product_brand?post=12327"},{"taxonomy":"product_cat","embeddable":true,"href":"https:\/\/editura-unibuc.ro\/en\/wp-json\/wp\/v2\/product_cat?post=12327"},{"taxonomy":"product_tag","embeddable":true,"href":"https:\/\/editura-unibuc.ro\/en\/wp-json\/wp\/v2\/product_tag?post=12327"}],"curies":[{"name":"wp","href":"https:\/\/api.w.org\/{rel}","templated":true}]}}