{"id":12330,"date":"2014-01-13T17:44:09","date_gmt":"2014-01-13T14:44:09","guid":{"rendered":"https:\/\/editura-unibuc.ro\/?p=12330"},"modified":"2015-03-13T02:11:34","modified_gmt":"2015-03-13T00:11:34","slug":"limba-romana-variatie-sincronica-variatie-diacronica","status":"publish","type":"product","link":"https:\/\/editura-unibuc.ro\/en\/limba-romana-variatie-sincronica-variatie-diacronica\/","title":{"rendered":"ROMANIAN LANGUAGE \u2013 SYNCHRONOUS VARIATION, DIACHRONIC VARIATION vol. I"},"content":{"rendered":"<p>\u201cStudiile publicate \u00een primul volum urm\u0103resc interferen\u021be ale gramaticii cu semantica \u0219i pragmatica (de exemplu, \u00een secven\u021bele temporale), propun solu\u021bii terminologice sau completeaz\u0103 descrieri \u0219i interpret\u0103ri precedente (\u00een domeniul grada\u021biei \u0219i al intensit\u0103\u021bii, al circumstan\u021bialului de rela\u021bie, al coordon\u0103rii, al complementului secundar. \u00a0Studiile cuprinse \u00een cel de-al doilea volum aduc contribu\u021bii la cercetarea marcatorilor discursivi \u0219i sunt descrise func\u021biile pragmatice ale demonstrativelor, diminutivelor sau vocativelor, precum \u0219i strategiile conversa\u021bionale manifestate \u00een dialogurile reale, \u00een mass-media sau \u00een literatur\u0103\u201d, noteaz\u0103, printre altele, editorii.<\/p>","protected":false},"excerpt":{"rendered":"<p>\u201cStudiile publicate \u00een primul volum urm\u0103resc interferen\u021be ale gramaticii cu semantica \u0219i pragmatica (de exemplu, \u00een secven\u021bele temporale), propun solu\u021bii terminologice sau completeaz\u0103 descrieri \u0219i interpret\u0103ri precedente (\u00een domeniul grada\u021biei \u0219i al intensit\u0103\u021bii, al circumstan\u021bialului de rela\u021bie, al coordon\u0103rii, al complementului secundar. \u00a0Studiile cuprinse \u00een cel de-al doilea volum aduc contribu\u021bii la cercetarea marcatorilor discursivi [&hellip;]<\/p>\n","protected":false},"featured_media":12331,"comment_status":"open","ping_status":"closed","template":"","meta":[],"product_brand":[],"product_cat":[1464,979],"product_tag":[1011,1184],"class_list":{"0":"post-12330","1":"product","2":"type-product","3":"status-publish","4":"has-post-thumbnail","6":"product_cat-filologie","7":"product_cat-limba-romana","8":"product_tag-limba-romana","9":"product_tag-litere","11":"first","12":"instock","13":"shipping-taxable","14":"purchasable","15":"product-type-simple"},"_links":{"self":[{"href":"https:\/\/editura-unibuc.ro\/en\/wp-json\/wp\/v2\/product\/12330","targetHints":{"allow":["GET"]}}],"collection":[{"href":"https:\/\/editura-unibuc.ro\/en\/wp-json\/wp\/v2\/product"}],"about":[{"href":"https:\/\/editura-unibuc.ro\/en\/wp-json\/wp\/v2\/types\/product"}],"replies":[{"embeddable":true,"href":"https:\/\/editura-unibuc.ro\/en\/wp-json\/wp\/v2\/comments?post=12330"}],"wp:featuredmedia":[{"embeddable":true,"href":"https:\/\/editura-unibuc.ro\/en\/wp-json\/wp\/v2\/media\/12331"}],"wp:attachment":[{"href":"https:\/\/editura-unibuc.ro\/en\/wp-json\/wp\/v2\/media?parent=12330"}],"wp:term":[{"taxonomy":"product_brand","embeddable":true,"href":"https:\/\/editura-unibuc.ro\/en\/wp-json\/wp\/v2\/product_brand?post=12330"},{"taxonomy":"product_cat","embeddable":true,"href":"https:\/\/editura-unibuc.ro\/en\/wp-json\/wp\/v2\/product_cat?post=12330"},{"taxonomy":"product_tag","embeddable":true,"href":"https:\/\/editura-unibuc.ro\/en\/wp-json\/wp\/v2\/product_tag?post=12330"}],"curies":[{"name":"wp","href":"https:\/\/api.w.org\/{rel}","templated":true}]}}