{"id":12355,"date":"2014-01-17T17:49:32","date_gmt":"2014-01-17T14:49:32","guid":{"rendered":"https:\/\/editura-unibuc.ro\/?p=12355"},"modified":"2015-03-13T02:10:11","modified_gmt":"2015-03-13T00:10:11","slug":"de-la-imigranti-la-cetateni-romani-experiente-ale-integrarii-si-motivatii-pentru-obtinerea-cetateniei","status":"publish","type":"product","link":"https:\/\/editura-unibuc.ro\/en\/de-la-imigranti-la-cetateni-romani-experiente-ale-integrarii-si-motivatii-pentru-obtinerea-cetateniei\/","title":{"rendered":"FROM IMMIGRANTS TO ROMANIAN CITIZENS: INTEGRATION EXPERIENCES AND MOTIVATIONS IN OBTAINING CITIZENSHIP"},"content":{"rendered":"<p>IN ROMANIAN<\/p>\n<p>Abordare multidisciplinar\u0103 a unor teme privind imigra\u021bia, integrarea imigran\u021bilor \u0219i acordarea cet\u0103\u021beniei \u00een contextul procesului de migra\u021bie, importante at\u00e2t pentru Rom\u00e2nia, c\u00e2t \u0219i pentru spa\u021biul european. Analiz\u0103 de la documentarea teoretic\u0103 \u00een domeniul integr\u0103rii imigran\u021bilor \u0219i refugia\u021bilor, respectiv al acord\u0103rii cet\u0103\u021beniei, la cercetarea calitativ\u0103 realizat\u0103 \u00een context rom\u00e2nesc. Informa\u021bii diverse \u0219i noi, atent organizate, date de cercetare interpretate riguros. O sintez\u0103 \u0219i o surs\u0103 de documentare de utilitate at\u00e2t pentru cercet\u0103torii \u0219i studen\u021bii din domeniu, c\u00e2t \u0219i pentru orice specialist care lucreaz\u0103 cu refugia\u021bii \u0219i imigran\u021bii \u00een Rom\u00e2nia.<\/p>","protected":false},"excerpt":{"rendered":"<p>IN ROMANIAN Abordare multidisciplinar\u0103 a unor teme privind imigra\u021bia, integrarea imigran\u021bilor \u0219i acordarea cet\u0103\u021beniei \u00een contextul procesului de migra\u021bie, importante at\u00e2t pentru Rom\u00e2nia, c\u00e2t \u0219i pentru spa\u021biul european. Analiz\u0103 de la documentarea teoretic\u0103 \u00een domeniul integr\u0103rii imigran\u021bilor \u0219i refugia\u021bilor, respectiv al acord\u0103rii cet\u0103\u021beniei, la cercetarea calitativ\u0103 realizat\u0103 \u00een context rom\u00e2nesc. Informa\u021bii diverse \u0219i noi, atent [&hellip;]<\/p>\n","protected":false},"featured_media":0,"comment_status":"open","ping_status":"closed","template":"","meta":[],"product_brand":[],"product_cat":[991,998],"product_tag":[1200],"class_list":{"0":"post-12355","1":"product","2":"type-product","3":"status-publish","5":"product_cat-stiinte-sociale","6":"product_cat-sociologie-si-asistenta-sociala","7":"product_tag-cetatenie","9":"first","10":"instock","11":"shipping-taxable","12":"purchasable","13":"product-type-simple"},"_links":{"self":[{"href":"https:\/\/editura-unibuc.ro\/en\/wp-json\/wp\/v2\/product\/12355","targetHints":{"allow":["GET"]}}],"collection":[{"href":"https:\/\/editura-unibuc.ro\/en\/wp-json\/wp\/v2\/product"}],"about":[{"href":"https:\/\/editura-unibuc.ro\/en\/wp-json\/wp\/v2\/types\/product"}],"replies":[{"embeddable":true,"href":"https:\/\/editura-unibuc.ro\/en\/wp-json\/wp\/v2\/comments?post=12355"}],"wp:attachment":[{"href":"https:\/\/editura-unibuc.ro\/en\/wp-json\/wp\/v2\/media?parent=12355"}],"wp:term":[{"taxonomy":"product_brand","embeddable":true,"href":"https:\/\/editura-unibuc.ro\/en\/wp-json\/wp\/v2\/product_brand?post=12355"},{"taxonomy":"product_cat","embeddable":true,"href":"https:\/\/editura-unibuc.ro\/en\/wp-json\/wp\/v2\/product_cat?post=12355"},{"taxonomy":"product_tag","embeddable":true,"href":"https:\/\/editura-unibuc.ro\/en\/wp-json\/wp\/v2\/product_tag?post=12355"}],"curies":[{"name":"wp","href":"https:\/\/api.w.org\/{rel}","templated":true}]}}