{"id":12371,"date":"2014-01-28T12:17:29","date_gmt":"2014-01-28T09:17:29","guid":{"rendered":"https:\/\/editura-unibuc.ro\/?p=12371"},"modified":"2015-12-17T09:24:23","modified_gmt":"2015-12-17T07:24:23","slug":"epistemologia-stiintei-si-managementul-cunoasterii","status":"publish","type":"product","link":"https:\/\/editura-unibuc.ro\/en\/epistemologia-stiintei-si-managementul-cunoasterii\/","title":{"rendered":"EPISTEMOLOGY OF SCIENCE AND KNOWLEDGE MANAGEMENT"},"content":{"rendered":"<p>\u201eManagementul cunoa\u0219terii are \u00een prezent, la mai pu\u021bin de trei decenii de la fundarea teoretic\u0103 programatic\u0103, toate caracteristicile unei discipline \u0219tiin\u021bifice institu\u021bionalizate&#8230; O dezbatere asupra fundamentelor teoretice ale managementului cunoa\u0219terii, cu at\u00e2t mai mult asupra celor epistemologice, poate fi l\u0103muritoare inclusiv pentru alegerea celor mai bune strategii de politic\u0103 global\u0103 \u00eentr-o societate a cuno\u0219terii\u201d, noteaz\u0103 autorul \u00een prezentarea volumului.<\/p>","protected":false},"excerpt":{"rendered":"<p>\u201eManagementul cunoa\u0219terii are \u00een prezent, la mai pu\u021bin de trei decenii de la fundarea teoretic\u0103 programatic\u0103, toate caracteristicile unei discipline \u0219tiin\u021bifice institu\u021bionalizate&#8230; O dezbatere asupra fundamentelor teoretice ale managementului cunoa\u0219terii, cu at\u00e2t mai mult asupra celor epistemologice, poate fi l\u0103muritoare inclusiv pentru alegerea celor mai bune strategii de politic\u0103 global\u0103 \u00eentr-o societate a cuno\u0219terii\u201d, noteaz\u0103 [&hellip;]<\/p>\n","protected":false},"featured_media":12372,"comment_status":"open","ping_status":"closed","template":"","meta":[],"product_brand":[],"product_cat":[991,994],"product_tag":[1198,921],"class_list":{"0":"post-12371","1":"product","2":"type-product","3":"status-publish","4":"has-post-thumbnail","6":"product_cat-stiinte-sociale","7":"product_cat-filosofie","8":"product_tag-epistemologie","9":"product_tag-filosofie","11":"first","12":"outofstock","13":"shipping-taxable","14":"purchasable","15":"product-type-simple"},"_links":{"self":[{"href":"https:\/\/editura-unibuc.ro\/en\/wp-json\/wp\/v2\/product\/12371","targetHints":{"allow":["GET"]}}],"collection":[{"href":"https:\/\/editura-unibuc.ro\/en\/wp-json\/wp\/v2\/product"}],"about":[{"href":"https:\/\/editura-unibuc.ro\/en\/wp-json\/wp\/v2\/types\/product"}],"replies":[{"embeddable":true,"href":"https:\/\/editura-unibuc.ro\/en\/wp-json\/wp\/v2\/comments?post=12371"}],"wp:featuredmedia":[{"embeddable":true,"href":"https:\/\/editura-unibuc.ro\/en\/wp-json\/wp\/v2\/media\/12372"}],"wp:attachment":[{"href":"https:\/\/editura-unibuc.ro\/en\/wp-json\/wp\/v2\/media?parent=12371"}],"wp:term":[{"taxonomy":"product_brand","embeddable":true,"href":"https:\/\/editura-unibuc.ro\/en\/wp-json\/wp\/v2\/product_brand?post=12371"},{"taxonomy":"product_cat","embeddable":true,"href":"https:\/\/editura-unibuc.ro\/en\/wp-json\/wp\/v2\/product_cat?post=12371"},{"taxonomy":"product_tag","embeddable":true,"href":"https:\/\/editura-unibuc.ro\/en\/wp-json\/wp\/v2\/product_tag?post=12371"}],"curies":[{"name":"wp","href":"https:\/\/api.w.org\/{rel}","templated":true}]}}