{"id":12374,"date":"2014-01-28T12:21:42","date_gmt":"2014-01-28T09:21:42","guid":{"rendered":"https:\/\/editura-unibuc.ro\/?p=12374"},"modified":"2024-04-12T11:56:24","modified_gmt":"2024-04-12T08:56:24","slug":"slovo-vol-revista-cercurilor-stiintifice-ale-studentilor-masteranzilor-si-doctoranzilor-de-la-departamentul-de-filologie-rusa-si-slava","status":"publish","type":"product","link":"https:\/\/editura-unibuc.ro\/en\/slovo-vol-revista-cercurilor-stiintifice-ale-studentilor-masteranzilor-si-doctoranzilor-de-la-departamentul-de-filologie-rusa-si-slava\/","title":{"rendered":"SLOVO VOL. I &#8211; REVIEW OF SCIENTIFIC CIRCLES OF THE UNDERGRADUATE, POSTGRADUATE AND PHD CANDIDATES FROM THE DEPARTMENT OF RUSSIAN AND SLAVIC PHILOLOGY"},"content":{"rendered":"<p>Din cuprinsul revistei se poate citi printre altele: Imagini ale Rusiei la Andrei Makine, Seria \u201eErast Fandorin\u201d \u2013 un proiect postmodern, Elemente carnavele\u0219ti \u00een romanul \u201eRekreacii\u201d al lui Iuri Andruhov\u00eeci, De la Mama-P\u0103durii la corespondentul ei rusesc, Baba Iaga, Numele ca marc\u0103 a unui model auctorial \u00een romanul \u201eMaestrul \u0219i Margareta\u201d de Mihail Bulgakov, Lumi textuale la Milan Kundera. O abordare din perspectiva poeticii cognitive.<\/p>","protected":false},"excerpt":{"rendered":"<p>Din cuprinsul revistei se poate citi printre altele: Imagini ale Rusiei la Andrei Makine, Seria \u201eErast Fandorin\u201d \u2013 un proiect postmodern, Elemente carnavele\u0219ti \u00een romanul \u201eRekreacii\u201d al lui Iuri Andruhov\u00eeci, De la Mama-P\u0103durii la corespondentul ei rusesc, Baba Iaga, Numele ca marc\u0103 a unui model auctorial \u00een romanul \u201eMaestrul \u0219i Margareta\u201d de Mihail Bulgakov, Lumi [&hellip;]<\/p>\n","protected":false},"featured_media":12375,"comment_status":"open","ping_status":"closed","template":"","meta":[],"product_brand":[],"product_cat":[1464,981,1469,1893],"product_tag":[1045,922],"class_list":{"0":"post-12374","1":"product","2":"type-product","3":"status-publish","4":"has-post-thumbnail","6":"product_cat-filologie","7":"product_cat-limbi-slave","8":"product_cat-periodice","9":"product_cat-reviste-academice","10":"product_tag-rusa","11":"product_tag-slave","13":"first","14":"instock","15":"purchasable","16":"product-type-simple"},"_links":{"self":[{"href":"https:\/\/editura-unibuc.ro\/en\/wp-json\/wp\/v2\/product\/12374","targetHints":{"allow":["GET"]}}],"collection":[{"href":"https:\/\/editura-unibuc.ro\/en\/wp-json\/wp\/v2\/product"}],"about":[{"href":"https:\/\/editura-unibuc.ro\/en\/wp-json\/wp\/v2\/types\/product"}],"replies":[{"embeddable":true,"href":"https:\/\/editura-unibuc.ro\/en\/wp-json\/wp\/v2\/comments?post=12374"}],"wp:featuredmedia":[{"embeddable":true,"href":"https:\/\/editura-unibuc.ro\/en\/wp-json\/wp\/v2\/media\/12375"}],"wp:attachment":[{"href":"https:\/\/editura-unibuc.ro\/en\/wp-json\/wp\/v2\/media?parent=12374"}],"wp:term":[{"taxonomy":"product_brand","embeddable":true,"href":"https:\/\/editura-unibuc.ro\/en\/wp-json\/wp\/v2\/product_brand?post=12374"},{"taxonomy":"product_cat","embeddable":true,"href":"https:\/\/editura-unibuc.ro\/en\/wp-json\/wp\/v2\/product_cat?post=12374"},{"taxonomy":"product_tag","embeddable":true,"href":"https:\/\/editura-unibuc.ro\/en\/wp-json\/wp\/v2\/product_tag?post=12374"}],"curies":[{"name":"wp","href":"https:\/\/api.w.org\/{rel}","templated":true}]}}