{"id":12376,"date":"2014-01-28T12:24:29","date_gmt":"2014-01-28T09:24:29","guid":{"rendered":"https:\/\/editura-unibuc.ro\/?p=12376"},"modified":"2015-03-13T02:07:49","modified_gmt":"2015-03-13T00:07:49","slug":"travers-la-fictionland","status":"publish","type":"product","link":"https:\/\/editura-unibuc.ro\/en\/travers-la-fictionland\/","title":{"rendered":"THROUGH FICTIONLAND"},"content":{"rendered":"<p>Volumul este structurat \u00een patru capitole: Rivages Antiques, Pays de la raison sensible, Carrefours de la modernit\u00e9, La litt\u00e9rature roumaine: espace du dialogue esth\u00e9thique. \u00cen total, volumul cuprinde optsprezece studii de literatur\u0103 comparat\u0103 \u0219i o bibliografie selectiv\u0103.<\/p>\n","protected":false},"excerpt":{"rendered":"<p>Volumul este structurat \u00een patru capitole: Rivages Antiques, Pays de la raison sensible, Carrefours de la modernit\u00e9, La litt\u00e9rature roumaine: espace du dialogue esth\u00e9thique. \u00cen total, volumul cuprinde optsprezece studii de literatur\u0103 comparat\u0103 \u0219i o bibliografie selectiv\u0103.<\/p>\n","protected":false},"featured_media":12377,"comment_status":"open","ping_status":"closed","template":"","meta":[],"product_brand":[],"product_cat":[855],"product_tag":[879,877],"class_list":{"0":"post-12376","1":"product","2":"type-product","3":"status-publish","4":"has-post-thumbnail","6":"product_cat-colectia-imago-mundi","7":"product_tag-fictiune","8":"product_tag-franceza","10":"first","11":"instock","12":"shipping-taxable","13":"purchasable","14":"product-type-simple"},"_links":{"self":[{"href":"https:\/\/editura-unibuc.ro\/en\/wp-json\/wp\/v2\/product\/12376","targetHints":{"allow":["GET"]}}],"collection":[{"href":"https:\/\/editura-unibuc.ro\/en\/wp-json\/wp\/v2\/product"}],"about":[{"href":"https:\/\/editura-unibuc.ro\/en\/wp-json\/wp\/v2\/types\/product"}],"replies":[{"embeddable":true,"href":"https:\/\/editura-unibuc.ro\/en\/wp-json\/wp\/v2\/comments?post=12376"}],"wp:featuredmedia":[{"embeddable":true,"href":"https:\/\/editura-unibuc.ro\/en\/wp-json\/wp\/v2\/media\/12377"}],"wp:attachment":[{"href":"https:\/\/editura-unibuc.ro\/en\/wp-json\/wp\/v2\/media?parent=12376"}],"wp:term":[{"taxonomy":"product_brand","embeddable":true,"href":"https:\/\/editura-unibuc.ro\/en\/wp-json\/wp\/v2\/product_brand?post=12376"},{"taxonomy":"product_cat","embeddable":true,"href":"https:\/\/editura-unibuc.ro\/en\/wp-json\/wp\/v2\/product_cat?post=12376"},{"taxonomy":"product_tag","embeddable":true,"href":"https:\/\/editura-unibuc.ro\/en\/wp-json\/wp\/v2\/product_tag?post=12376"}],"curies":[{"name":"wp","href":"https:\/\/api.w.org\/{rel}","templated":true}]}}