{"id":12379,"date":"2014-01-28T12:29:54","date_gmt":"2014-01-28T09:29:54","guid":{"rendered":"https:\/\/editura-unibuc.ro\/?p=12379"},"modified":"2015-03-13T02:07:22","modified_gmt":"2015-03-13T00:07:22","slug":"dictionar-spaniol-roman-capcane-asemanari-deosebiri","status":"publish","type":"product","link":"https:\/\/editura-unibuc.ro\/en\/dictionar-spaniol-roman-capcane-asemanari-deosebiri\/","title":{"rendered":"SPANISH-ROMANIAN DICTIONARY \u2013 CONFUSIONS, RESEMBLANCES, DIFFERENCES"},"content":{"rendered":"<p>\u201e\u00cen structura acestui dic\u021bionar am p\u0103strat \u00een primul r\u00e2nd cuvintele care fac parte din categoria fal\u0219ilor prieteni, dar \u0219i lexeme \u0219i sensuri din spaniola colocvial\u0103. Foarte bogat este \u0219i contingentul de termeni folosi\u021bi \u00een anumite sectoare ale vie\u021bii sociale (juridic, sport, arhitectur\u0103, informatic\u0103 etc) \u0219i, \u00een general, cuvintele caracterizate prin tr\u0103s\u0103tura [+ cult], multe dintre acestea fiind intrate \u00een circuitul interna\u021bional\u201d, subliniaz\u0103 autorul \u00een prezentarea dic\u021bionarului.<\/p>\n","protected":false},"excerpt":{"rendered":"<p>\u201e\u00cen structura acestui dic\u021bionar am p\u0103strat \u00een primul r\u00e2nd cuvintele care fac parte din categoria fal\u0219ilor prieteni, dar \u0219i lexeme \u0219i sensuri din spaniola colocvial\u0103. Foarte bogat este \u0219i contingentul de termeni folosi\u021bi \u00een anumite sectoare ale vie\u021bii sociale (juridic, sport, arhitectur\u0103, informatic\u0103 etc) \u0219i, \u00een general, cuvintele caracterizate prin tr\u0103s\u0103tura [+ cult], multe dintre [&hellip;]<\/p>\n","protected":false},"featured_media":12380,"comment_status":"open","ping_status":"closed","template":"","meta":[],"product_brand":[],"product_cat":[853],"product_tag":[883,880],"class_list":{"0":"post-12379","1":"product","2":"type-product","3":"status-publish","4":"has-post-thumbnail","6":"product_cat-colectia-didactica-magna","7":"product_tag-dictionar","8":"product_tag-spaniola","10":"first","11":"instock","12":"shipping-taxable","13":"purchasable","14":"product-type-simple"},"_links":{"self":[{"href":"https:\/\/editura-unibuc.ro\/en\/wp-json\/wp\/v2\/product\/12379","targetHints":{"allow":["GET"]}}],"collection":[{"href":"https:\/\/editura-unibuc.ro\/en\/wp-json\/wp\/v2\/product"}],"about":[{"href":"https:\/\/editura-unibuc.ro\/en\/wp-json\/wp\/v2\/types\/product"}],"replies":[{"embeddable":true,"href":"https:\/\/editura-unibuc.ro\/en\/wp-json\/wp\/v2\/comments?post=12379"}],"wp:featuredmedia":[{"embeddable":true,"href":"https:\/\/editura-unibuc.ro\/en\/wp-json\/wp\/v2\/media\/12380"}],"wp:attachment":[{"href":"https:\/\/editura-unibuc.ro\/en\/wp-json\/wp\/v2\/media?parent=12379"}],"wp:term":[{"taxonomy":"product_brand","embeddable":true,"href":"https:\/\/editura-unibuc.ro\/en\/wp-json\/wp\/v2\/product_brand?post=12379"},{"taxonomy":"product_cat","embeddable":true,"href":"https:\/\/editura-unibuc.ro\/en\/wp-json\/wp\/v2\/product_cat?post=12379"},{"taxonomy":"product_tag","embeddable":true,"href":"https:\/\/editura-unibuc.ro\/en\/wp-json\/wp\/v2\/product_tag?post=12379"}],"curies":[{"name":"wp","href":"https:\/\/api.w.org\/{rel}","templated":true}]}}