{"id":12391,"date":"2014-02-01T14:48:13","date_gmt":"2014-02-01T11:48:13","guid":{"rendered":"https:\/\/editura-unibuc.ro\/?p=12391"},"modified":"2017-02-16T11:28:35","modified_gmt":"2017-02-16T09:28:35","slug":"din-istoricul-numelor-de-monede-limba-romana","status":"publish","type":"product","link":"https:\/\/editura-unibuc.ro\/en\/din-istoricul-numelor-de-monede-limba-romana\/","title":{"rendered":"FROM THE HISTORY OF CURRENCY NAMES IN ROMANIAN LANGUAGE. SECOND EDITION REVISED AND EXPANDED"},"content":{"rendered":"<p>\u201eCircula\u021bia unui mare num\u0103r de monede \u00een \u021b\u0103rile rom\u00e2ne se explic\u0103 at\u00e2t prin condi\u021biile istorice \u00een care fiecare provincie a cunoscut diferite domina\u021bii politice, ce impuneau \u00een circuitul economico-financiar monedele lor, c\u00e2t \u0219i prin pozi\u021bia geografic\u0103 a principatelor, situate la confluen\u021ba c\u0103ilor comerciale dintre Levant \u0219i Occidentul european. Lexicul monetar rom\u00e2nesc este alc\u0103tuit din \u00eemprumuturi care provin din limba diferitelor popoare cu a c\u0103ror civiliza\u021bie au venit \u00een contact \u021b\u0103rile rom\u00e2ne\u201d, precizeaz\u0103 autorul \u00een prezentare.<\/p>","protected":false},"excerpt":{"rendered":"<p>\u201eCircula\u021bia unui mare num\u0103r de monede \u00een \u021b\u0103rile rom\u00e2ne se explic\u0103 at\u00e2t prin condi\u021biile istorice \u00een care fiecare provincie a cunoscut diferite domina\u021bii politice, ce impuneau \u00een circuitul economico-financiar monedele lor, c\u00e2t \u0219i prin pozi\u021bia geografic\u0103 a principatelor, situate la confluen\u021ba c\u0103ilor comerciale dintre Levant \u0219i Occidentul european. Lexicul monetar rom\u00e2nesc este alc\u0103tuit din \u00eemprumuturi [&hellip;]<\/p>\n","protected":false},"featured_media":12394,"comment_status":"open","ping_status":"closed","template":"","meta":[],"product_brand":[],"product_cat":[858],"product_tag":[881,882,873],"class_list":{"0":"post-12391","1":"product","2":"type-product","3":"status-publish","4":"has-post-thumbnail","6":"product_cat-colectia-romanica","7":"product_tag-istorie","8":"product_tag-monede","9":"product_tag-romanica","11":"first","12":"outofstock","13":"shipping-taxable","14":"purchasable","15":"product-type-simple"},"_links":{"self":[{"href":"https:\/\/editura-unibuc.ro\/en\/wp-json\/wp\/v2\/product\/12391","targetHints":{"allow":["GET"]}}],"collection":[{"href":"https:\/\/editura-unibuc.ro\/en\/wp-json\/wp\/v2\/product"}],"about":[{"href":"https:\/\/editura-unibuc.ro\/en\/wp-json\/wp\/v2\/types\/product"}],"replies":[{"embeddable":true,"href":"https:\/\/editura-unibuc.ro\/en\/wp-json\/wp\/v2\/comments?post=12391"}],"wp:featuredmedia":[{"embeddable":true,"href":"https:\/\/editura-unibuc.ro\/en\/wp-json\/wp\/v2\/media\/12394"}],"wp:attachment":[{"href":"https:\/\/editura-unibuc.ro\/en\/wp-json\/wp\/v2\/media?parent=12391"}],"wp:term":[{"taxonomy":"product_brand","embeddable":true,"href":"https:\/\/editura-unibuc.ro\/en\/wp-json\/wp\/v2\/product_brand?post=12391"},{"taxonomy":"product_cat","embeddable":true,"href":"https:\/\/editura-unibuc.ro\/en\/wp-json\/wp\/v2\/product_cat?post=12391"},{"taxonomy":"product_tag","embeddable":true,"href":"https:\/\/editura-unibuc.ro\/en\/wp-json\/wp\/v2\/product_tag?post=12391"}],"curies":[{"name":"wp","href":"https:\/\/api.w.org\/{rel}","templated":true}]}}