{"id":12396,"date":"2014-02-01T14:52:15","date_gmt":"2014-02-01T11:52:15","guid":{"rendered":"https:\/\/editura-unibuc.ro\/?p=12396"},"modified":"2020-02-24T10:51:14","modified_gmt":"2020-02-24T08:51:14","slug":"business-english-theory-practice","status":"publish","type":"product","link":"https:\/\/editura-unibuc.ro\/en\/business-english-theory-practice\/","title":{"rendered":"BUSINESS ENGLISH \u2013 THEORY AND PRACTICE"},"content":{"rendered":"<p>\u201eAcest volum este un instrument de lucru pentru dob\u00e2ndirea abilit\u0103\u021bilor de comunicare \u00een limba englez\u0103 folosit\u0103 \u00een afaceri \u0219i este destinat cu prec\u0103dere studen\u021bilor de nivel C1\/C2, \u00eenscri\u0219i \u00een programele de masterat \u00een studii culturale britanice \u0219i americane, precum \u0219i la masteratul de cultur\u0103 \u0219i limb\u0103 a organiza\u021biilor europene sus\u021binute \u00een cadrul Departamentului de limb\u0103 englez\u0103 din Facultatea de Limbi \u0219i Literaturi Str\u0103ine a Universit\u0103\u021bii din Bucure\u0219ti\u201d, noteaz\u0103 autoarea volumului.<\/p>","protected":false},"excerpt":{"rendered":"<p>\u201eAcest volum este un instrument de lucru pentru dob\u00e2ndirea abilit\u0103\u021bilor de comunicare \u00een limba englez\u0103 folosit\u0103 \u00een afaceri \u0219i este destinat cu prec\u0103dere studen\u021bilor de nivel C1\/C2, \u00eenscri\u0219i \u00een programele de masterat \u00een studii culturale britanice \u0219i americane, precum \u0219i la masteratul de cultur\u0103 \u0219i limb\u0103 a organiza\u021biilor europene sus\u021binute \u00een cadrul Departamentului de limb\u0103 [&hellip;]<\/p>\n","protected":false},"featured_media":12397,"comment_status":"open","ping_status":"closed","template":"","meta":[],"product_brand":[],"product_cat":[1464,976],"product_tag":[1195],"class_list":{"0":"post-12396","1":"product","2":"type-product","3":"status-publish","4":"has-post-thumbnail","6":"product_cat-filologie","7":"product_cat-limba-engleza","8":"product_tag-business-english","10":"first","11":"outofstock","12":"shipping-taxable","13":"purchasable","14":"product-type-simple"},"_links":{"self":[{"href":"https:\/\/editura-unibuc.ro\/en\/wp-json\/wp\/v2\/product\/12396","targetHints":{"allow":["GET"]}}],"collection":[{"href":"https:\/\/editura-unibuc.ro\/en\/wp-json\/wp\/v2\/product"}],"about":[{"href":"https:\/\/editura-unibuc.ro\/en\/wp-json\/wp\/v2\/types\/product"}],"replies":[{"embeddable":true,"href":"https:\/\/editura-unibuc.ro\/en\/wp-json\/wp\/v2\/comments?post=12396"}],"wp:featuredmedia":[{"embeddable":true,"href":"https:\/\/editura-unibuc.ro\/en\/wp-json\/wp\/v2\/media\/12397"}],"wp:attachment":[{"href":"https:\/\/editura-unibuc.ro\/en\/wp-json\/wp\/v2\/media?parent=12396"}],"wp:term":[{"taxonomy":"product_brand","embeddable":true,"href":"https:\/\/editura-unibuc.ro\/en\/wp-json\/wp\/v2\/product_brand?post=12396"},{"taxonomy":"product_cat","embeddable":true,"href":"https:\/\/editura-unibuc.ro\/en\/wp-json\/wp\/v2\/product_cat?post=12396"},{"taxonomy":"product_tag","embeddable":true,"href":"https:\/\/editura-unibuc.ro\/en\/wp-json\/wp\/v2\/product_tag?post=12396"}],"curies":[{"name":"wp","href":"https:\/\/api.w.org\/{rel}","templated":true}]}}