{"id":12418,"date":"2014-02-08T10:58:36","date_gmt":"2014-02-08T07:58:36","guid":{"rendered":"https:\/\/editura-unibuc.ro\/?p=12418"},"modified":"2015-03-13T01:48:23","modified_gmt":"2015-03-12T23:48:23","slug":"bibliografia-logicii-romanesti-articole-aparute-reviste-de-specialitate","status":"publish","type":"product","link":"https:\/\/editura-unibuc.ro\/en\/bibliografia-logicii-romanesti-articole-aparute-reviste-de-specialitate\/","title":{"rendered":"BIBLIOGRAPHY OF ROMANIAN LOGICS: ARTICLES IN PROFESSIONAL JOURNALS"},"content":{"rendered":"<p>\u201eVolumul de fa\u021b\u0103 \u00ee\u0219i propune s\u0103 adune \u00een paginile sale titlurile acelor articole care pot fi subsumate logicii din spa\u021biul cultural rom\u00e2nesc. Este vorba, fire\u0219te, de o parte consistent\u0103 din \u00eens\u0103\u0219i mo\u0219tenirea pe care ne-au l\u0103sat-o \u00eenainta\u0219ii de la noi \u00eentru ale logicii, de mai bine de un secol (primul articol semnalat este din 1907)\u201d, noteaz\u0103 autorul \u00een prezentare.<\/p>\n","protected":false},"excerpt":{"rendered":"<p>\u201eVolumul de fa\u021b\u0103 \u00ee\u0219i propune s\u0103 adune \u00een paginile sale titlurile acelor articole care pot fi subsumate logicii din spa\u021biul cultural rom\u00e2nesc. Este vorba, fire\u0219te, de o parte consistent\u0103 din \u00eens\u0103\u0219i mo\u0219tenirea pe care ne-au l\u0103sat-o \u00eenainta\u0219ii de la noi \u00eentru ale logicii, de mai bine de un secol (primul articol semnalat este din 1907)\u201d, [&hellip;]<\/p>\n","protected":false},"featured_media":12419,"comment_status":"open","ping_status":"closed","template":"","meta":[],"product_brand":[],"product_cat":[991,994],"product_tag":[921,1194],"class_list":{"0":"post-12418","1":"product","2":"type-product","3":"status-publish","4":"has-post-thumbnail","6":"product_cat-stiinte-sociale","7":"product_cat-filosofie","8":"product_tag-filosofie","9":"product_tag-logica","11":"first","12":"instock","13":"shipping-taxable","14":"purchasable","15":"product-type-simple"},"_links":{"self":[{"href":"https:\/\/editura-unibuc.ro\/en\/wp-json\/wp\/v2\/product\/12418","targetHints":{"allow":["GET"]}}],"collection":[{"href":"https:\/\/editura-unibuc.ro\/en\/wp-json\/wp\/v2\/product"}],"about":[{"href":"https:\/\/editura-unibuc.ro\/en\/wp-json\/wp\/v2\/types\/product"}],"replies":[{"embeddable":true,"href":"https:\/\/editura-unibuc.ro\/en\/wp-json\/wp\/v2\/comments?post=12418"}],"wp:featuredmedia":[{"embeddable":true,"href":"https:\/\/editura-unibuc.ro\/en\/wp-json\/wp\/v2\/media\/12419"}],"wp:attachment":[{"href":"https:\/\/editura-unibuc.ro\/en\/wp-json\/wp\/v2\/media?parent=12418"}],"wp:term":[{"taxonomy":"product_brand","embeddable":true,"href":"https:\/\/editura-unibuc.ro\/en\/wp-json\/wp\/v2\/product_brand?post=12418"},{"taxonomy":"product_cat","embeddable":true,"href":"https:\/\/editura-unibuc.ro\/en\/wp-json\/wp\/v2\/product_cat?post=12418"},{"taxonomy":"product_tag","embeddable":true,"href":"https:\/\/editura-unibuc.ro\/en\/wp-json\/wp\/v2\/product_tag?post=12418"}],"curies":[{"name":"wp","href":"https:\/\/api.w.org\/{rel}","templated":true}]}}