{"id":12422,"date":"2014-02-08T11:01:45","date_gmt":"2014-02-08T08:01:45","guid":{"rendered":"https:\/\/editura-unibuc.ro\/?p=12422"},"modified":"2024-04-10T11:39:42","modified_gmt":"2024-04-10T08:39:42","slug":"techniques-narratives-et-descriptives-dans-loeuvre-de-roger-martin-du-gard-2","status":"publish","type":"product","link":"https:\/\/editura-unibuc.ro\/en\/techniques-narratives-et-descriptives-dans-loeuvre-de-roger-martin-du-gard-2\/","title":{"rendered":"NARRATIVE AND DESCRIPTIVE TECHNIQUES IN THE WORK OF ROGER MARTIN DU GARD. SECOND EDITION REVISED AND EXPANDED"},"content":{"rendered":"<p>\u201eSilvia Pandelescu deschide \u00een Rom\u00e2nia calea exegezei martiniene prin teza sa de doctorat sus\u021binut\u0103 \u00een 1971 la Universitatea din Bucure\u0219ti, intitulat\u0103 Tehnicile romanului la Roger Martin du Gard, contribu\u021bie \u00eensemnat\u0103 \u0219i titlu de neocolit \u00een bibliografia domeniului. Ipotezele de lucru sunt reluate, rafinate \u0219i nuan\u021bate \u00een cele dou\u0103 edi\u021bii pe care le-am \u00eengrijit \u0219i care reprezint\u0103, ambele, rodul unei reflec\u021bii intelectuale ce se \u00eentinde pe o jum\u0103tate de veac \u0219i, totodat\u0103, un omagiu adus at\u00e2t de c\u0103tre autor, c\u00e2t \u0219i de c\u0103tre editor omului de litere total care a fost Roger Martin du Gard\u201d, arat\u0103 Conf. univ. Lidia Cotea.<\/p>\n","protected":false},"excerpt":{"rendered":"<p>\u201eSilvia Pandelescu deschide \u00een Rom\u00e2nia calea exegezei martiniene prin teza sa de doctorat sus\u021binut\u0103 \u00een 1971 la Universitatea din Bucure\u0219ti, intitulat\u0103 Tehnicile romanului la Roger Martin du Gard, contribu\u021bie \u00eensemnat\u0103 \u0219i titlu de neocolit \u00een bibliografia domeniului. Ipotezele de lucru sunt reluate, rafinate \u0219i nuan\u021bate \u00een cele dou\u0103 edi\u021bii pe care le-am \u00eengrijit \u0219i care [&hellip;]<\/p>\n","protected":false},"featured_media":12423,"comment_status":"open","ping_status":"closed","template":"","meta":[],"product_brand":[],"product_cat":[1464,977],"product_tag":[877,919],"class_list":{"0":"post-12422","1":"product","2":"type-product","3":"status-publish","4":"has-post-thumbnail","6":"product_cat-filologie","7":"product_cat-limba-franceza","8":"product_tag-franceza","9":"product_tag-literatura","11":"first","12":"instock","13":"shipping-taxable","14":"purchasable","15":"product-type-simple"},"_links":{"self":[{"href":"https:\/\/editura-unibuc.ro\/en\/wp-json\/wp\/v2\/product\/12422","targetHints":{"allow":["GET"]}}],"collection":[{"href":"https:\/\/editura-unibuc.ro\/en\/wp-json\/wp\/v2\/product"}],"about":[{"href":"https:\/\/editura-unibuc.ro\/en\/wp-json\/wp\/v2\/types\/product"}],"replies":[{"embeddable":true,"href":"https:\/\/editura-unibuc.ro\/en\/wp-json\/wp\/v2\/comments?post=12422"}],"wp:featuredmedia":[{"embeddable":true,"href":"https:\/\/editura-unibuc.ro\/en\/wp-json\/wp\/v2\/media\/12423"}],"wp:attachment":[{"href":"https:\/\/editura-unibuc.ro\/en\/wp-json\/wp\/v2\/media?parent=12422"}],"wp:term":[{"taxonomy":"product_brand","embeddable":true,"href":"https:\/\/editura-unibuc.ro\/en\/wp-json\/wp\/v2\/product_brand?post=12422"},{"taxonomy":"product_cat","embeddable":true,"href":"https:\/\/editura-unibuc.ro\/en\/wp-json\/wp\/v2\/product_cat?post=12422"},{"taxonomy":"product_tag","embeddable":true,"href":"https:\/\/editura-unibuc.ro\/en\/wp-json\/wp\/v2\/product_tag?post=12422"}],"curies":[{"name":"wp","href":"https:\/\/api.w.org\/{rel}","templated":true}]}}