{"id":12448,"date":"2014-02-19T23:29:15","date_gmt":"2014-02-19T20:29:15","guid":{"rendered":"https:\/\/editura-unibuc.ro\/?p=12448"},"modified":"2018-11-07T23:27:06","modified_gmt":"2018-11-07T21:27:06","slug":"semiotica-modei-mutatii-de-gen-moda-contemporana","status":"publish","type":"product","link":"https:\/\/editura-unibuc.ro\/en\/semiotica-modei-mutatii-de-gen-moda-contemporana\/","title":{"rendered":"FASHION SEMIOTICS: GENDER CHANGE IN CONTEMPORARY FASHION"},"content":{"rendered":"<p>\u201eLucrarea investigheaz\u0103 un fenomen extrem de interesant al societ\u0103\u021bii contemporane studiat de sociologi, filozofi, antropologi, semioticieni etc.: moda ca ansamblu de practici expresive (\u00eembr\u0103c\u0103minte, coafur\u0103, m\u00e2ncare, petrecerea timpului liber) pe care majoritatea indivizilor o consider\u0103 indicatoare de status \u0219i personalitate. Dar, \u00een toate ariile de manifestare ale fenomenului modei, autorul decide, \u00een mod justificat dup\u0103 opinia noastr\u0103, s\u0103 se opreasc\u0103 la moda vestimentar\u0103.\u201d<\/p>","protected":false},"excerpt":{"rendered":"<p>\u201eLucrarea investigheaz\u0103 un fenomen extrem de interesant al societ\u0103\u021bii contemporane studiat de sociologi, filozofi, antropologi, semioticieni etc.: moda ca ansamblu de practici expresive (\u00eembr\u0103c\u0103minte, coafur\u0103, m\u00e2ncare, petrecerea timpului liber) pe care majoritatea indivizilor o consider\u0103 indicatoare de status \u0219i personalitate. Dar, \u00een toate ariile de manifestare ale fenomenului modei, autorul decide, \u00een mod justificat dup\u0103 [&hellip;]<\/p>\n","protected":false},"featured_media":12449,"comment_status":"open","ping_status":"closed","template":"","meta":[],"product_brand":[],"product_cat":[991,996],"product_tag":[1100,892,1193],"class_list":{"0":"post-12448","1":"product","2":"type-product","3":"status-publish","4":"has-post-thumbnail","6":"product_cat-stiinte-sociale","7":"product_cat-jurnalism-si-stiintele-comunicarii","8":"product_tag-jurnalism","9":"product_tag-moda","10":"product_tag-semiotica","12":"first","13":"outofstock","14":"shipping-taxable","15":"purchasable","16":"product-type-simple"},"_links":{"self":[{"href":"https:\/\/editura-unibuc.ro\/en\/wp-json\/wp\/v2\/product\/12448","targetHints":{"allow":["GET"]}}],"collection":[{"href":"https:\/\/editura-unibuc.ro\/en\/wp-json\/wp\/v2\/product"}],"about":[{"href":"https:\/\/editura-unibuc.ro\/en\/wp-json\/wp\/v2\/types\/product"}],"replies":[{"embeddable":true,"href":"https:\/\/editura-unibuc.ro\/en\/wp-json\/wp\/v2\/comments?post=12448"}],"wp:featuredmedia":[{"embeddable":true,"href":"https:\/\/editura-unibuc.ro\/en\/wp-json\/wp\/v2\/media\/12449"}],"wp:attachment":[{"href":"https:\/\/editura-unibuc.ro\/en\/wp-json\/wp\/v2\/media?parent=12448"}],"wp:term":[{"taxonomy":"product_brand","embeddable":true,"href":"https:\/\/editura-unibuc.ro\/en\/wp-json\/wp\/v2\/product_brand?post=12448"},{"taxonomy":"product_cat","embeddable":true,"href":"https:\/\/editura-unibuc.ro\/en\/wp-json\/wp\/v2\/product_cat?post=12448"},{"taxonomy":"product_tag","embeddable":true,"href":"https:\/\/editura-unibuc.ro\/en\/wp-json\/wp\/v2\/product_tag?post=12448"}],"curies":[{"name":"wp","href":"https:\/\/api.w.org\/{rel}","templated":true}]}}