{"id":12452,"date":"2014-02-19T23:41:40","date_gmt":"2014-02-19T20:41:40","guid":{"rendered":"https:\/\/editura-unibuc.ro\/?p=12452"},"modified":"2024-04-10T10:30:36","modified_gmt":"2024-04-10T07:30:36","slug":"fitness-pentru-educatia-corporala-studentelor","status":"publish","type":"product","link":"https:\/\/editura-unibuc.ro\/en\/fitness-pentru-educatia-corporala-studentelor\/","title":{"rendered":"FITNESS FOR THE EDUCATION OF THE FEMALE STUDENTS&#8217; BODY"},"content":{"rendered":"<p>\u201eProblematica acestui curs se \u00eenscrie \u00een sfera preocup\u0103rilor care leag\u0103 obiectivul de men\u021binere \u0219i \u00eembun\u0103t\u0103\u021bire a st\u0103rii de s\u0103n\u0103tate, cu elaborarea unei concep\u021bii de lucru \u00een care exerci\u021biul fizic devine un instrument flexibil pentru atingerea obiectivelor de dezvoltare strucural-func\u021bional\u0103, a celor care vizeaz\u0103 nivelul fitness-ului, al componentelor psihomotorii sau al celor care privesc subiectul ca fiin\u021b\u0103 social\u0103 integral\u0103. Un poten\u021bial biologic crescut conduce la o stare optim\u0103 de s\u0103n\u0103tate, \u00eentre\u021binut\u0103 permanent prin efort fizic sistematic.\u201d<\/p>","protected":false},"excerpt":{"rendered":"<p>\u201eProblematica acestui curs se \u00eenscrie \u00een sfera preocup\u0103rilor care leag\u0103 obiectivul de men\u021binere \u0219i \u00eembun\u0103t\u0103\u021bire a st\u0103rii de s\u0103n\u0103tate, cu elaborarea unei concep\u021bii de lucru \u00een care exerci\u021biul fizic devine un instrument flexibil pentru atingerea obiectivelor de dezvoltare strucural-func\u021bional\u0103, a celor care vizeaz\u0103 nivelul fitness-ului, al componentelor psihomotorii sau al celor care privesc subiectul ca [&hellip;]<\/p>\n","protected":false},"featured_media":13645,"comment_status":"open","ping_status":"closed","template":"","meta":[],"product_brand":[],"product_cat":[993,991],"product_tag":[1166,1191,1192],"class_list":{"0":"post-12452","1":"product","2":"type-product","3":"status-publish","4":"has-post-thumbnail","6":"product_cat-educatie-fizica-si-sport","7":"product_cat-stiinte-sociale","8":"product_tag-educatie-fizica","9":"product_tag-fitnes","10":"product_tag-studente","12":"first","13":"instock","14":"shipping-taxable","15":"purchasable","16":"product-type-simple"},"_links":{"self":[{"href":"https:\/\/editura-unibuc.ro\/en\/wp-json\/wp\/v2\/product\/12452","targetHints":{"allow":["GET"]}}],"collection":[{"href":"https:\/\/editura-unibuc.ro\/en\/wp-json\/wp\/v2\/product"}],"about":[{"href":"https:\/\/editura-unibuc.ro\/en\/wp-json\/wp\/v2\/types\/product"}],"replies":[{"embeddable":true,"href":"https:\/\/editura-unibuc.ro\/en\/wp-json\/wp\/v2\/comments?post=12452"}],"wp:featuredmedia":[{"embeddable":true,"href":"https:\/\/editura-unibuc.ro\/en\/wp-json\/wp\/v2\/media\/13645"}],"wp:attachment":[{"href":"https:\/\/editura-unibuc.ro\/en\/wp-json\/wp\/v2\/media?parent=12452"}],"wp:term":[{"taxonomy":"product_brand","embeddable":true,"href":"https:\/\/editura-unibuc.ro\/en\/wp-json\/wp\/v2\/product_brand?post=12452"},{"taxonomy":"product_cat","embeddable":true,"href":"https:\/\/editura-unibuc.ro\/en\/wp-json\/wp\/v2\/product_cat?post=12452"},{"taxonomy":"product_tag","embeddable":true,"href":"https:\/\/editura-unibuc.ro\/en\/wp-json\/wp\/v2\/product_tag?post=12452"}],"curies":[{"name":"wp","href":"https:\/\/api.w.org\/{rel}","templated":true}]}}