{"id":12457,"date":"2014-02-19T23:47:45","date_gmt":"2014-02-19T20:47:45","guid":{"rendered":"https:\/\/editura-unibuc.ro\/?p=12457"},"modified":"2024-04-12T11:50:33","modified_gmt":"2024-04-12T08:50:33","slug":"starea-de-binesanatate-volumul-combinatia-ideala-intre-nutritie-refacere-si-activitati-fizice","status":"publish","type":"product","link":"https:\/\/editura-unibuc.ro\/en\/starea-de-binesanatate-volumul-combinatia-ideala-intre-nutritie-refacere-si-activitati-fizice\/","title":{"rendered":"WELLBEING = HEALTH, VOLUME I: THE IDEAL COMBINATION OF NUTRITION, RESTORATION AND PHYSICAL ACTIVITY"},"content":{"rendered":"<p>\u201eLucrarea de fa\u021b\u0103 \u00ee\u0219i propune cuprinderea a c\u00e2t mai multor aspecte care \u021bin de Starea de bine ca \u201edefini\u021bie\u201d simplist\u0103 a S\u0103n\u0103t\u0103\u021bii, devenind o sintez\u0103 a cuno\u0219tin\u021belor acumulate de autori, speciali\u0219ti de un \u00eenalt profesionalism apar\u021bin\u00e2nd domeniilor distincte \u0219i de grani\u021b\u0103, specifice stilului de via\u021b\u0103, venind cu delimit\u0103ri, care \u021bintesc sfera preocup\u0103rilor fiin\u021bei umane sub aspectul activit\u0103\u021bilor fizice \u0219i sportive, nutri\u021biei, refacerii \u0219i recuper\u0103rii.\u201d<\/p>","protected":false},"excerpt":{"rendered":"<p>\u201eLucrarea de fa\u021b\u0103 \u00ee\u0219i propune cuprinderea a c\u00e2t mai multor aspecte care \u021bin de Starea de bine ca \u201edefini\u021bie\u201d simplist\u0103 a S\u0103n\u0103t\u0103\u021bii, devenind o sintez\u0103 a cuno\u0219tin\u021belor acumulate de autori, speciali\u0219ti de un \u00eenalt profesionalism apar\u021bin\u00e2nd domeniilor distincte \u0219i de grani\u021b\u0103, specifice stilului de via\u021b\u0103, venind cu delimit\u0103ri, care \u021bintesc sfera preocup\u0103rilor fiin\u021bei umane sub [&hellip;]<\/p>\n","protected":false},"featured_media":13644,"comment_status":"open","ping_status":"closed","template":"","meta":[],"product_brand":[],"product_cat":[993,991],"product_tag":[1166,1188],"class_list":{"0":"post-12457","1":"product","2":"type-product","3":"status-publish","4":"has-post-thumbnail","6":"product_cat-educatie-fizica-si-sport","7":"product_cat-stiinte-sociale","8":"product_tag-educatie-fizica","9":"product_tag-sanatate","11":"first","12":"instock","13":"shipping-taxable","14":"purchasable","15":"product-type-simple"},"_links":{"self":[{"href":"https:\/\/editura-unibuc.ro\/en\/wp-json\/wp\/v2\/product\/12457","targetHints":{"allow":["GET"]}}],"collection":[{"href":"https:\/\/editura-unibuc.ro\/en\/wp-json\/wp\/v2\/product"}],"about":[{"href":"https:\/\/editura-unibuc.ro\/en\/wp-json\/wp\/v2\/types\/product"}],"replies":[{"embeddable":true,"href":"https:\/\/editura-unibuc.ro\/en\/wp-json\/wp\/v2\/comments?post=12457"}],"wp:featuredmedia":[{"embeddable":true,"href":"https:\/\/editura-unibuc.ro\/en\/wp-json\/wp\/v2\/media\/13644"}],"wp:attachment":[{"href":"https:\/\/editura-unibuc.ro\/en\/wp-json\/wp\/v2\/media?parent=12457"}],"wp:term":[{"taxonomy":"product_brand","embeddable":true,"href":"https:\/\/editura-unibuc.ro\/en\/wp-json\/wp\/v2\/product_brand?post=12457"},{"taxonomy":"product_cat","embeddable":true,"href":"https:\/\/editura-unibuc.ro\/en\/wp-json\/wp\/v2\/product_cat?post=12457"},{"taxonomy":"product_tag","embeddable":true,"href":"https:\/\/editura-unibuc.ro\/en\/wp-json\/wp\/v2\/product_tag?post=12457"}],"curies":[{"name":"wp","href":"https:\/\/api.w.org\/{rel}","templated":true}]}}