{"id":12460,"date":"2014-02-19T23:50:02","date_gmt":"2014-02-19T20:50:02","guid":{"rendered":"https:\/\/editura-unibuc.ro\/?p=12460"},"modified":"2015-03-13T01:44:40","modified_gmt":"2015-03-12T23:44:40","slug":"starea-de-binesanatate-volumul-ii-combinatia-ideala-intre-nutritie-refacere-si-activitati-fizice","status":"publish","type":"product","link":"https:\/\/editura-unibuc.ro\/en\/starea-de-binesanatate-volumul-ii-combinatia-ideala-intre-nutritie-refacere-si-activitati-fizice\/","title":{"rendered":"WELLBEING = HEALTH, VOLUME II: THE IDEAL COMBINATION OF NUTRITION, RESTORATION AND PHYSICAL ACTIVITY"},"content":{"rendered":"<p>\u201ePreciz\u0103m c\u0103 este o continuare a volumului I, \u00een care sunt prezentate solu\u021bii concrete, c\u00e2t mai obiective \u00een rezolvarea unor prebleme care \u021bin de motricitatea uman\u0103, educa\u021bie fizic\u0103 \u0219i sport, recuperare medical\u0103, nutri\u021bie, dob\u00e2ndind astfel, caracteristici interdisciplinare. Volumul II este structurat \u00een \u0219apte capitole (consilierea psihomotric\u0103, recuperare, nutri\u021bie, gimnastic\u0103 aerobic\u0103, dans, culturism \u0219i fitness, streching) \u0219i \u00eencepe cu o prezentare a conceptului \u0219i rolului consilierii psihomotrice \u0219i kineto-terapeutice\u201d, precizeaz\u0103 coordonatorul .<\/p>","protected":false},"excerpt":{"rendered":"<p>\u201ePreciz\u0103m c\u0103 este o continuare a volumului I, \u00een care sunt prezentate solu\u021bii concrete, c\u00e2t mai obiective \u00een rezolvarea unor prebleme care \u021bin de motricitatea uman\u0103, educa\u021bie fizic\u0103 \u0219i sport, recuperare medical\u0103, nutri\u021bie, dob\u00e2ndind astfel, caracteristici interdisciplinare. Volumul II este structurat \u00een \u0219apte capitole (consilierea psihomotric\u0103, recuperare, nutri\u021bie, gimnastic\u0103 aerobic\u0103, dans, culturism \u0219i fitness, streching) [&hellip;]<\/p>\n","protected":false},"featured_media":12461,"comment_status":"open","ping_status":"closed","template":"","meta":[],"product_brand":[],"product_cat":[993,991],"product_tag":[1166,1188],"class_list":{"0":"post-12460","1":"product","2":"type-product","3":"status-publish","4":"has-post-thumbnail","6":"product_cat-educatie-fizica-si-sport","7":"product_cat-stiinte-sociale","8":"product_tag-educatie-fizica","9":"product_tag-sanatate","11":"first","12":"instock","13":"shipping-taxable","14":"purchasable","15":"product-type-simple"},"_links":{"self":[{"href":"https:\/\/editura-unibuc.ro\/en\/wp-json\/wp\/v2\/product\/12460","targetHints":{"allow":["GET"]}}],"collection":[{"href":"https:\/\/editura-unibuc.ro\/en\/wp-json\/wp\/v2\/product"}],"about":[{"href":"https:\/\/editura-unibuc.ro\/en\/wp-json\/wp\/v2\/types\/product"}],"replies":[{"embeddable":true,"href":"https:\/\/editura-unibuc.ro\/en\/wp-json\/wp\/v2\/comments?post=12460"}],"wp:featuredmedia":[{"embeddable":true,"href":"https:\/\/editura-unibuc.ro\/en\/wp-json\/wp\/v2\/media\/12461"}],"wp:attachment":[{"href":"https:\/\/editura-unibuc.ro\/en\/wp-json\/wp\/v2\/media?parent=12460"}],"wp:term":[{"taxonomy":"product_brand","embeddable":true,"href":"https:\/\/editura-unibuc.ro\/en\/wp-json\/wp\/v2\/product_brand?post=12460"},{"taxonomy":"product_cat","embeddable":true,"href":"https:\/\/editura-unibuc.ro\/en\/wp-json\/wp\/v2\/product_cat?post=12460"},{"taxonomy":"product_tag","embeddable":true,"href":"https:\/\/editura-unibuc.ro\/en\/wp-json\/wp\/v2\/product_tag?post=12460"}],"curies":[{"name":"wp","href":"https:\/\/api.w.org\/{rel}","templated":true}]}}