{"id":12492,"date":"2014-02-23T15:50:39","date_gmt":"2014-02-23T12:50:39","guid":{"rendered":"https:\/\/editura-unibuc.ro\/?p=12492"},"modified":"2015-03-13T01:43:21","modified_gmt":"2015-03-12T23:43:21","slug":"bechor-despre-intaiul-nascut-biblia-ebraica","status":"publish","type":"product","link":"https:\/\/editura-unibuc.ro\/en\/bechor-despre-intaiul-nascut-biblia-ebraica\/","title":{"rendered":"BECHOR \u2013 ON THE FIRST BORN IN THE HEBREW BIBLE"},"content":{"rendered":"<p>,,Lucrarea Alinei Drimer reprezint\u0103 o contribu\u021bie semnificativ\u0103 \u00een domeniul recent dezvoltat la noi al studiilor iudaice, concentr\u00e2ndu-se asupra unei teme-cheie din Biblia Ebraic\u0103, tema ,,\u00eent\u00e2iului n\u0103scut&#8221; (ebr. bechor).<\/p>\n<p>Cartea este relevant\u0103 at\u00e2t pentru speciali\u0219tii \u00een studii biblice, c\u00e2t \u0219i pentru cititorii nespeciali\u0219ti, pasiona\u021bi de lectura \u0219i interpretarea \u00een profunzime a Bibliei Ebraice.<br \/>\nLucrarea ofer\u0103 o abordare adecvat\u0103 \u0219i inedit\u0103 \u00een privin\u021ba analizelor terminologice, pornind de la textul ebraic, dar \u0219i \u00een privin\u021ba contextualiz\u0103rilor ample \u0219i nuan\u021bate, menite a reliefa dimensiuni noi \u0219i registre ale textului biblic trecute cu vederea de c\u0103tre comentatorii care urmeaz\u0103 tradi\u021bia de interpretare a Septuagintei.&#8221; (Madeea Axinciuc)<\/p>\n","protected":false},"excerpt":{"rendered":"<p>,,Lucrarea Alinei Drimer reprezint\u0103 o contribu\u021bie semnificativ\u0103 \u00een domeniul recent dezvoltat la noi al studiilor iudaice, concentr\u00e2ndu-se asupra unei teme-cheie din Biblia Ebraic\u0103, tema ,,\u00eent\u00e2iului n\u0103scut&#8221; (ebr. bechor). Cartea este relevant\u0103 at\u00e2t pentru speciali\u0219tii \u00een studii biblice, c\u00e2t \u0219i pentru cititorii nespeciali\u0219ti, pasiona\u021bi de lectura \u0219i interpretarea \u00een profunzime a Bibliei Ebraice. Lucrarea ofer\u0103 o [&hellip;]<\/p>\n","protected":false},"featured_media":0,"comment_status":"open","ping_status":"closed","template":"","meta":[],"product_brand":[],"product_cat":[991,999],"product_tag":[1186],"class_list":{"0":"post-12492","1":"product","2":"type-product","3":"status-publish","5":"product_cat-stiinte-sociale","6":"product_cat-teologie","7":"product_tag-biblia","9":"first","10":"instock","11":"shipping-taxable","12":"purchasable","13":"product-type-simple"},"_links":{"self":[{"href":"https:\/\/editura-unibuc.ro\/en\/wp-json\/wp\/v2\/product\/12492","targetHints":{"allow":["GET"]}}],"collection":[{"href":"https:\/\/editura-unibuc.ro\/en\/wp-json\/wp\/v2\/product"}],"about":[{"href":"https:\/\/editura-unibuc.ro\/en\/wp-json\/wp\/v2\/types\/product"}],"replies":[{"embeddable":true,"href":"https:\/\/editura-unibuc.ro\/en\/wp-json\/wp\/v2\/comments?post=12492"}],"wp:attachment":[{"href":"https:\/\/editura-unibuc.ro\/en\/wp-json\/wp\/v2\/media?parent=12492"}],"wp:term":[{"taxonomy":"product_brand","embeddable":true,"href":"https:\/\/editura-unibuc.ro\/en\/wp-json\/wp\/v2\/product_brand?post=12492"},{"taxonomy":"product_cat","embeddable":true,"href":"https:\/\/editura-unibuc.ro\/en\/wp-json\/wp\/v2\/product_cat?post=12492"},{"taxonomy":"product_tag","embeddable":true,"href":"https:\/\/editura-unibuc.ro\/en\/wp-json\/wp\/v2\/product_tag?post=12492"}],"curies":[{"name":"wp","href":"https:\/\/api.w.org\/{rel}","templated":true}]}}