{"id":12494,"date":"2014-02-23T16:07:37","date_gmt":"2014-02-23T13:07:37","guid":{"rendered":"https:\/\/editura-unibuc.ro\/?p=12494"},"modified":"2015-03-13T01:42:54","modified_gmt":"2015-03-12T23:42:54","slug":"julien-gracq-ou-la-litterature-rebours-de-la-litterature","status":"publish","type":"product","link":"https:\/\/editura-unibuc.ro\/en\/julien-gracq-ou-la-litterature-rebours-de-la-litterature\/","title":{"rendered":"JULIEN GRACQ OR LITERATURE AGAINST LITERATURE"},"content":{"rendered":"<p>IN FRENCH, WITH ABSTRACT IN ROMANIAN AND ENGLISH<\/p>\n<p>\u00ab Y a-t-il des preuves d\u2019une litt\u00e9rature contemporaine\u00a0?\u00bb, se demandait Julien Gracq en 1960. Quelque quarante-cinquante ann\u00e9es plus tard, le doute l\u00e0-dessus a peut-\u00eatre atteint ses cotes les plus vertigineuses\u00a0: l\u2019id\u00e9e de \u00abfin de la litt\u00e9rature\u00bb est de plus en plus pr\u00e9sente dans le discours sur la litt\u00e9rature.<\/p>\n<p>En enregistrant avec la finesse d\u2019un sismographe les mutations qui se produisent dans ce domaine, en cherchant leurs origines et en anticipant sur leurs \u00e9volutions, le conf\u00e9rence \u00abPourquoi la litt\u00e9rature respire mal\u00bb propose un tableau de la litt\u00e9rature de l\u2019\u00e9poque lucide, mais, en m\u00eame temps, angoissant. Sartre, Camus, Malraux, Robbe-Grillet, des noms que Gracq range sous la banni\u00e8re d\u2019une litt\u00e9rature qui dit \u00abnon\u00bb au monde et auxquels il oppose Breton et les surr\u00e9alistes, seraient peut-\u00eatre les premiers grands responsables de la \u00abmort de la litt\u00e9rature\u00bb.<\/p>","protected":false},"excerpt":{"rendered":"<p>IN FRENCH, WITH ABSTRACT IN ROMANIAN AND ENGLISH \u00ab Y a-t-il des preuves d\u2019une litt\u00e9rature contemporaine\u00a0?\u00bb, se demandait Julien Gracq en 1960. Quelque quarante-cinquante ann\u00e9es plus tard, le doute l\u00e0-dessus a peut-\u00eatre atteint ses cotes les plus vertigineuses\u00a0: l\u2019id\u00e9e de \u00abfin de la litt\u00e9rature\u00bb est de plus en plus pr\u00e9sente dans le discours sur la [&hellip;]<\/p>\n","protected":false},"featured_media":0,"comment_status":"open","ping_status":"closed","template":"","meta":[],"product_brand":[],"product_cat":[1464,977],"product_tag":[1169],"class_list":{"0":"post-12494","1":"product","2":"type-product","3":"status-publish","5":"product_cat-filologie","6":"product_cat-limba-franceza","7":"product_tag-literatura-franceza","9":"first","10":"instock","11":"shipping-taxable","12":"purchasable","13":"product-type-simple"},"_links":{"self":[{"href":"https:\/\/editura-unibuc.ro\/en\/wp-json\/wp\/v2\/product\/12494","targetHints":{"allow":["GET"]}}],"collection":[{"href":"https:\/\/editura-unibuc.ro\/en\/wp-json\/wp\/v2\/product"}],"about":[{"href":"https:\/\/editura-unibuc.ro\/en\/wp-json\/wp\/v2\/types\/product"}],"replies":[{"embeddable":true,"href":"https:\/\/editura-unibuc.ro\/en\/wp-json\/wp\/v2\/comments?post=12494"}],"wp:attachment":[{"href":"https:\/\/editura-unibuc.ro\/en\/wp-json\/wp\/v2\/media?parent=12494"}],"wp:term":[{"taxonomy":"product_brand","embeddable":true,"href":"https:\/\/editura-unibuc.ro\/en\/wp-json\/wp\/v2\/product_brand?post=12494"},{"taxonomy":"product_cat","embeddable":true,"href":"https:\/\/editura-unibuc.ro\/en\/wp-json\/wp\/v2\/product_cat?post=12494"},{"taxonomy":"product_tag","embeddable":true,"href":"https:\/\/editura-unibuc.ro\/en\/wp-json\/wp\/v2\/product_tag?post=12494"}],"curies":[{"name":"wp","href":"https:\/\/api.w.org\/{rel}","templated":true}]}}