{"id":12513,"date":"2014-02-25T13:22:55","date_gmt":"2014-02-25T10:22:55","guid":{"rendered":"https:\/\/editura-unibuc.ro\/?p=12513"},"modified":"2015-03-13T01:42:25","modified_gmt":"2015-03-12T23:42:25","slug":"inot-fundamentele-teoretice-si-practico-metodice-pentru-studentii-universitatii-din-bucuresti","status":"publish","type":"product","link":"https:\/\/editura-unibuc.ro\/en\/inot-fundamentele-teoretice-si-practico-metodice-pentru-studentii-universitatii-din-bucuresti\/","title":{"rendered":"SWIMMING \u2013 THEORETICAL AND PRACTICAL-METHODICAL FUNDAMENTALS FOR STUDENTS OF THE UNIVERSITY OF BUCHAREST"},"content":{"rendered":"<p>\u201eCartea prezint\u0103 o abordare clasic\u0103 a literaturii de specialitate \u0219i prezint\u0103, \u00eentr-o manier\u0103 accesibil\u0103 \u0219i riguroas\u0103, concepte precum: capacitatea de efort, \u00eenv\u0103t\u0103rea motric\u0103 \u00een \u00eenot, \u00eenot aplicativ-utilitar \u0219i surprinde principalele aspecte referitoare la tehnica procedeelor de \u00eenot, metodele de antrenament, ramurile nata\u021biei. Prin con\u021binutul s\u0103u \u0219i maniera de abordare, manualul se adreseaz\u0103 at\u00e2t speciali\u0219tilor \u00een domeniu, practicienilor, c\u00e2t \u0219i studen\u021bilor \u00een \u00eenv\u0103\u021b\u0103m\u00e2ntul superior de neprofil.\u201d<\/p>\n","protected":false},"excerpt":{"rendered":"<p>\u201eCartea prezint\u0103 o abordare clasic\u0103 a literaturii de specialitate \u0219i prezint\u0103, \u00eentr-o manier\u0103 accesibil\u0103 \u0219i riguroas\u0103, concepte precum: capacitatea de efort, \u00eenv\u0103t\u0103rea motric\u0103 \u00een \u00eenot, \u00eenot aplicativ-utilitar \u0219i surprinde principalele aspecte referitoare la tehnica procedeelor de \u00eenot, metodele de antrenament, ramurile nata\u021biei. Prin con\u021binutul s\u0103u \u0219i maniera de abordare, manualul se adreseaz\u0103 at\u00e2t speciali\u0219tilor \u00een [&hellip;]<\/p>\n","protected":false},"featured_media":12516,"comment_status":"open","ping_status":"closed","template":"","meta":[],"product_brand":[],"product_cat":[993,991],"product_tag":[1166,1185],"class_list":{"0":"post-12513","1":"product","2":"type-product","3":"status-publish","4":"has-post-thumbnail","6":"product_cat-educatie-fizica-si-sport","7":"product_cat-stiinte-sociale","8":"product_tag-educatie-fizica","9":"product_tag-inot","11":"first","12":"instock","13":"shipping-taxable","14":"purchasable","15":"product-type-simple"},"_links":{"self":[{"href":"https:\/\/editura-unibuc.ro\/en\/wp-json\/wp\/v2\/product\/12513","targetHints":{"allow":["GET"]}}],"collection":[{"href":"https:\/\/editura-unibuc.ro\/en\/wp-json\/wp\/v2\/product"}],"about":[{"href":"https:\/\/editura-unibuc.ro\/en\/wp-json\/wp\/v2\/types\/product"}],"replies":[{"embeddable":true,"href":"https:\/\/editura-unibuc.ro\/en\/wp-json\/wp\/v2\/comments?post=12513"}],"wp:featuredmedia":[{"embeddable":true,"href":"https:\/\/editura-unibuc.ro\/en\/wp-json\/wp\/v2\/media\/12516"}],"wp:attachment":[{"href":"https:\/\/editura-unibuc.ro\/en\/wp-json\/wp\/v2\/media?parent=12513"}],"wp:term":[{"taxonomy":"product_brand","embeddable":true,"href":"https:\/\/editura-unibuc.ro\/en\/wp-json\/wp\/v2\/product_brand?post=12513"},{"taxonomy":"product_cat","embeddable":true,"href":"https:\/\/editura-unibuc.ro\/en\/wp-json\/wp\/v2\/product_cat?post=12513"},{"taxonomy":"product_tag","embeddable":true,"href":"https:\/\/editura-unibuc.ro\/en\/wp-json\/wp\/v2\/product_tag?post=12513"}],"curies":[{"name":"wp","href":"https:\/\/api.w.org\/{rel}","templated":true}]}}