{"id":12526,"date":"2014-02-25T13:32:14","date_gmt":"2014-02-25T10:32:14","guid":{"rendered":"https:\/\/editura-unibuc.ro\/?p=12526"},"modified":"2015-03-13T01:41:13","modified_gmt":"2015-03-12T23:41:13","slug":"studii-despre-literatura-rusa-si-alte-eseuri","status":"publish","type":"product","link":"https:\/\/editura-unibuc.ro\/en\/studii-despre-literatura-rusa-si-alte-eseuri\/","title":{"rendered":"STUDIES ON RUSSIAN LITERATURE AND OTHER ESSAYS"},"content":{"rendered":"<p>\u201eCartea de fa\u021b\u0103 este o culegere de studii \u0219i eseuri ale regretatului Ion Vasile \u0218erban (1942-2005), profesor de teorie a literaturii la Facultatea de Litere a Universit\u0103\u021bii Bucure\u0219ti, fondator al Departamentului de Studii Europene. Autor al uor valoroase volume de sociologie a literaturii, Ion Vasile \u0218erban a l\u0103sat nestr\u00e2nse \u00eentre coper\u021bi de carte un set consistent de studii asupra prozei ruse, introduceri la traduceri rom\u00e2ne\u0219ti ale unor mari romane ale secolelor XIX-XX, precum \u0219i alte articole \u0219i eseuri diverse, risipite \u00een ziare \u0219i \u00een reviste culturale. O bun\u0103 parte dintre aceste texte sunt acum recuperate editorial, \u00eentregind profilul intelectual al unuia dintre profesorii care au dat identitate \u0219i prestigiu Universit\u0103\u021bii bucure\u0219tene \u00een ultimele decenii ale secolului XX \u0219i \u00een primii ani ai secolului XXI.\u201d (Zemira \u0218erban \u0219i Ion Bogdan Lefter)<\/p>","protected":false},"excerpt":{"rendered":"<p>\u201eCartea de fa\u021b\u0103 este o culegere de studii \u0219i eseuri ale regretatului Ion Vasile \u0218erban (1942-2005), profesor de teorie a literaturii la Facultatea de Litere a Universit\u0103\u021bii Bucure\u0219ti, fondator al Departamentului de Studii Europene. Autor al uor valoroase volume de sociologie a literaturii, Ion Vasile \u0218erban a l\u0103sat nestr\u00e2nse \u00eentre coper\u021bi de carte un set [&hellip;]<\/p>\n","protected":false},"featured_media":12528,"comment_status":"open","ping_status":"closed","template":"","meta":[],"product_brand":[],"product_cat":[1464,979,981],"product_tag":[1071,919],"class_list":{"0":"post-12526","1":"product","2":"type-product","3":"status-publish","4":"has-post-thumbnail","6":"product_cat-filologie","7":"product_cat-limba-romana","8":"product_cat-limbi-slave","9":"product_tag-eseuri","10":"product_tag-literatura","12":"first","13":"instock","14":"shipping-taxable","15":"purchasable","16":"product-type-simple"},"_links":{"self":[{"href":"https:\/\/editura-unibuc.ro\/en\/wp-json\/wp\/v2\/product\/12526","targetHints":{"allow":["GET"]}}],"collection":[{"href":"https:\/\/editura-unibuc.ro\/en\/wp-json\/wp\/v2\/product"}],"about":[{"href":"https:\/\/editura-unibuc.ro\/en\/wp-json\/wp\/v2\/types\/product"}],"replies":[{"embeddable":true,"href":"https:\/\/editura-unibuc.ro\/en\/wp-json\/wp\/v2\/comments?post=12526"}],"wp:featuredmedia":[{"embeddable":true,"href":"https:\/\/editura-unibuc.ro\/en\/wp-json\/wp\/v2\/media\/12528"}],"wp:attachment":[{"href":"https:\/\/editura-unibuc.ro\/en\/wp-json\/wp\/v2\/media?parent=12526"}],"wp:term":[{"taxonomy":"product_brand","embeddable":true,"href":"https:\/\/editura-unibuc.ro\/en\/wp-json\/wp\/v2\/product_brand?post=12526"},{"taxonomy":"product_cat","embeddable":true,"href":"https:\/\/editura-unibuc.ro\/en\/wp-json\/wp\/v2\/product_cat?post=12526"},{"taxonomy":"product_tag","embeddable":true,"href":"https:\/\/editura-unibuc.ro\/en\/wp-json\/wp\/v2\/product_tag?post=12526"}],"curies":[{"name":"wp","href":"https:\/\/api.w.org\/{rel}","templated":true}]}}