{"id":12569,"date":"2014-03-03T20:01:44","date_gmt":"2014-03-03T17:01:44","guid":{"rendered":"https:\/\/editura-unibuc.ro\/?p=12569"},"modified":"2016-04-15T11:24:52","modified_gmt":"2016-04-15T08:24:52","slug":"lumea-romana-si-barbaricum-antichitatea-tarzie-confruntare-si-metamorfoza","status":"publish","type":"product","link":"https:\/\/editura-unibuc.ro\/en\/lumea-romana-si-barbaricum-antichitatea-tarzie-confruntare-si-metamorfoza\/","title":{"rendered":"THE ROMAN WORLD AND BARBARICUM IN LATE ANTIQUITY: CONFRONTATION AND METAMORPHOSIS"},"content":{"rendered":"<p>\u201eLucrarea de fa\u021b\u0103 aduce \u00een paginile sale toate articolele \u0219i studiile de specialitate al istoricului \u0219i arheologului Cristian OLARIU, care au fost publicate \u00een diferite reviste din \u021bar\u0103 \u0219i str\u0103in\u0103tate, constituind doar o parte a impresionantei sale activit\u0103\u021bi de cercetare desf\u0103surat\u0103 timp de doar 16 ani. \u00cencerc\u0103m, astfel, s\u0103 oferim publicului, colaboratorilor \u0219i studen\u021bilor profesorului Cristian OLARIU o formul\u0103 compact\u0103 de prezentare a efortului s\u0103u \u0219tiin\u021bific care m\u0103rturise\u0219te seriozitatea \u0219i pasiunea cu care a readus \u00een actualitate fascinanta istorie a metamorfozei lumii romane antice \u00een secolele III-IV \u0219i a contactului acesteia cu regatele barbare de la periferia imperiului.\u201d, noteaz\u0103 editorii.<\/p>","protected":false},"excerpt":{"rendered":"<p>\u201eLucrarea de fa\u021b\u0103 aduce \u00een paginile sale toate articolele \u0219i studiile de specialitate al istoricului \u0219i arheologului Cristian OLARIU, care au fost publicate \u00een diferite reviste din \u021bar\u0103 \u0219i str\u0103in\u0103tate, constituind doar o parte a impresionantei sale activit\u0103\u021bi de cercetare desf\u0103surat\u0103 timp de doar 16 ani. \u00cencerc\u0103m, astfel, s\u0103 oferim publicului, colaboratorilor \u0219i studen\u021bilor profesorului [&hellip;]<\/p>\n","protected":false},"featured_media":12570,"comment_status":"open","ping_status":"closed","template":"","meta":[],"product_brand":[],"product_cat":[991,995],"product_tag":[942,881,1182],"class_list":{"0":"post-12569","1":"product","2":"type-product","3":"status-publish","4":"has-post-thumbnail","6":"product_cat-stiinte-sociale","7":"product_cat-istorie-stiinte-politice","8":"product_tag-antichitate","9":"product_tag-istorie","10":"product_tag-lumea-romana","12":"first","13":"outofstock","14":"shipping-taxable","15":"product-type-simple"},"_links":{"self":[{"href":"https:\/\/editura-unibuc.ro\/en\/wp-json\/wp\/v2\/product\/12569","targetHints":{"allow":["GET"]}}],"collection":[{"href":"https:\/\/editura-unibuc.ro\/en\/wp-json\/wp\/v2\/product"}],"about":[{"href":"https:\/\/editura-unibuc.ro\/en\/wp-json\/wp\/v2\/types\/product"}],"replies":[{"embeddable":true,"href":"https:\/\/editura-unibuc.ro\/en\/wp-json\/wp\/v2\/comments?post=12569"}],"wp:featuredmedia":[{"embeddable":true,"href":"https:\/\/editura-unibuc.ro\/en\/wp-json\/wp\/v2\/media\/12570"}],"wp:attachment":[{"href":"https:\/\/editura-unibuc.ro\/en\/wp-json\/wp\/v2\/media?parent=12569"}],"wp:term":[{"taxonomy":"product_brand","embeddable":true,"href":"https:\/\/editura-unibuc.ro\/en\/wp-json\/wp\/v2\/product_brand?post=12569"},{"taxonomy":"product_cat","embeddable":true,"href":"https:\/\/editura-unibuc.ro\/en\/wp-json\/wp\/v2\/product_cat?post=12569"},{"taxonomy":"product_tag","embeddable":true,"href":"https:\/\/editura-unibuc.ro\/en\/wp-json\/wp\/v2\/product_tag?post=12569"}],"curies":[{"name":"wp","href":"https:\/\/api.w.org\/{rel}","templated":true}]}}