{"id":12573,"date":"2014-03-03T20:04:59","date_gmt":"2014-03-03T17:04:59","guid":{"rendered":"https:\/\/editura-unibuc.ro\/?p=12573"},"modified":"2018-04-19T13:08:15","modified_gmt":"2018-04-19T10:08:15","slug":"romania-israel-france-jewish-trails-volume-honor-professor-carol-iancu","status":"publish","type":"product","link":"https:\/\/editura-unibuc.ro\/en\/romania-israel-france-jewish-trails-volume-honor-professor-carol-iancu\/","title":{"rendered":"ROMANIA, ISRAEL, FRANCE: JEWISH TRAILS. VOLUME IN HONOR OF PROFESSOR CAROL IANCU"},"content":{"rendered":"<p>Lucrarea de fa\u021b\u0103 reprezint\u0103 un volum omagial \u00een onoarea profesorului Carol Iancu, volum ce con\u021bine 14 studii \u00een limba rom\u00e2n\u0103 \u0219i 8 \u00een limba englez\u0103, scrise de diferi\u021bi autori de mai multe na\u021bionalit\u0103\u021bi. Cartea este \u00eemp\u0103r\u021bit\u0103 \u00een patru p\u0103r\u021bi, prima ilustr\u00e2nd mentalit\u0103\u021bi \u0219i istorii ale evreilor din diferite zone geografice. A doua parte este destinat\u0103 studiului religiilor, sec\u021biune \u00een care autorii dezbat tematici legate de sabatarianism, hasidism, dar \u0219i protestantism. Cea de a treia parte a lucr\u0103rii este rezervat\u0103 istoriei rela\u021biilor dintre rom\u00e2ni \u0219i evrei. A patra parte a volumului este compus\u0103 din studii despre istoria evreilor din Rom\u00e2nia \u0219i Basarabia.<\/p>\n","protected":false},"excerpt":{"rendered":"<p>Lucrarea de fa\u021b\u0103 reprezint\u0103 un volum omagial \u00een onoarea profesorului Carol Iancu, volum ce con\u021bine 14 studii \u00een limba rom\u00e2n\u0103 \u0219i 8 \u00een limba englez\u0103, scrise de diferi\u021bi autori de mai multe na\u021bionalit\u0103\u021bi. Cartea este \u00eemp\u0103r\u021bit\u0103 \u00een patru p\u0103r\u021bi, prima ilustr\u00e2nd mentalit\u0103\u021bi \u0219i istorii ale evreilor din diferite zone geografice. A doua parte este destinat\u0103 [&hellip;]<\/p>\n","protected":false},"featured_media":12553,"comment_status":"open","ping_status":"closed","template":"","meta":[],"product_brand":[],"product_cat":[991,995],"product_tag":[1180,881,1181],"class_list":{"0":"post-12573","1":"product","2":"type-product","3":"status-publish","4":"has-post-thumbnail","6":"product_cat-stiinte-sociale","7":"product_cat-istorie-stiinte-politice","8":"product_tag-evrei","9":"product_tag-istorie","10":"product_tag-sabatarianism","12":"first","13":"outofstock","14":"shipping-taxable","15":"purchasable","16":"product-type-simple"},"_links":{"self":[{"href":"https:\/\/editura-unibuc.ro\/en\/wp-json\/wp\/v2\/product\/12573","targetHints":{"allow":["GET"]}}],"collection":[{"href":"https:\/\/editura-unibuc.ro\/en\/wp-json\/wp\/v2\/product"}],"about":[{"href":"https:\/\/editura-unibuc.ro\/en\/wp-json\/wp\/v2\/types\/product"}],"replies":[{"embeddable":true,"href":"https:\/\/editura-unibuc.ro\/en\/wp-json\/wp\/v2\/comments?post=12573"}],"wp:featuredmedia":[{"embeddable":true,"href":"https:\/\/editura-unibuc.ro\/en\/wp-json\/wp\/v2\/media\/12553"}],"wp:attachment":[{"href":"https:\/\/editura-unibuc.ro\/en\/wp-json\/wp\/v2\/media?parent=12573"}],"wp:term":[{"taxonomy":"product_brand","embeddable":true,"href":"https:\/\/editura-unibuc.ro\/en\/wp-json\/wp\/v2\/product_brand?post=12573"},{"taxonomy":"product_cat","embeddable":true,"href":"https:\/\/editura-unibuc.ro\/en\/wp-json\/wp\/v2\/product_cat?post=12573"},{"taxonomy":"product_tag","embeddable":true,"href":"https:\/\/editura-unibuc.ro\/en\/wp-json\/wp\/v2\/product_tag?post=12573"}],"curies":[{"name":"wp","href":"https:\/\/api.w.org\/{rel}","templated":true}]}}