{"id":12578,"date":"2014-03-03T20:12:56","date_gmt":"2014-03-03T17:12:56","guid":{"rendered":"https:\/\/editura-unibuc.ro\/?p=12578"},"modified":"2015-03-13T01:38:34","modified_gmt":"2015-03-12T23:38:34","slug":"femmes-dexterieur-les-deplacements-feminins-dans-la-litterature-et-les-relations-de-voyage","status":"publish","type":"product","link":"https:\/\/editura-unibuc.ro\/en\/femmes-dexterieur-les-deplacements-feminins-dans-la-litterature-et-les-relations-de-voyage\/","title":{"rendered":"OUTDOOR WOMEN. WOMEN&#8217;S TRAVELS IN LITERATURE AND TRAVEL RELATIONS"},"content":{"rendered":"<p>\u00abLe pr\u00e9sent volume t\u00e9moigne de la f\u00e9condit\u00e9 de le probl\u00e9matique des mobilit\u00e9s f\u00e9minines, en faisant ressortir la vari\u00e9t\u00e9 des r\u00e9ponses possibles \u00e0 ces questions. La diversit\u00e9 d\u2019approches rel\u00e8ve de la diversit\u00e9 des d\u00e9manches (au double sens du terme) des voyageuses prises en compte, qu\u2019elles soient r\u00e9elles ou fictives. Om remarque ainsi que depuis la Moyen \u00c2ge les figures de femmes qui voyagent sont plac\u00e9es sous le signe du myst\u00e8re et de l\u2019\u00e9tranget\u00e9, cette \u00abalt\u00e9rit\u00e9\u00bb se retrouvant, d\u2019une mani\u00e8re ou d\u2019une autre, aux \u00e9poques suivantes, \u00e0 chaque fois selon un rapport particulier \u00e0 l\u2019espace, \u00e0 soi et \u00e0 l\u2019Autre.\u00bb<\/p>","protected":false},"excerpt":{"rendered":"<p>\u00abLe pr\u00e9sent volume t\u00e9moigne de la f\u00e9condit\u00e9 de le probl\u00e9matique des mobilit\u00e9s f\u00e9minines, en faisant ressortir la vari\u00e9t\u00e9 des r\u00e9ponses possibles \u00e0 ces questions. La diversit\u00e9 d\u2019approches rel\u00e8ve de la diversit\u00e9 des d\u00e9manches (au double sens du terme) des voyageuses prises en compte, qu\u2019elles soient r\u00e9elles ou fictives. Om remarque ainsi que depuis la Moyen [&hellip;]<\/p>\n","protected":false},"featured_media":12579,"comment_status":"open","ping_status":"closed","template":"","meta":[],"product_brand":[],"product_cat":[854],"product_tag":[876,877,878],"class_list":{"0":"post-12578","1":"product","2":"type-product","3":"status-publish","4":"has-post-thumbnail","6":"product_cat-colectia-heterotopos","7":"product_tag-feminism","8":"product_tag-franceza","9":"product_tag-heterotopos","11":"first","12":"instock","13":"shipping-taxable","14":"purchasable","15":"product-type-simple"},"_links":{"self":[{"href":"https:\/\/editura-unibuc.ro\/en\/wp-json\/wp\/v2\/product\/12578","targetHints":{"allow":["GET"]}}],"collection":[{"href":"https:\/\/editura-unibuc.ro\/en\/wp-json\/wp\/v2\/product"}],"about":[{"href":"https:\/\/editura-unibuc.ro\/en\/wp-json\/wp\/v2\/types\/product"}],"replies":[{"embeddable":true,"href":"https:\/\/editura-unibuc.ro\/en\/wp-json\/wp\/v2\/comments?post=12578"}],"wp:featuredmedia":[{"embeddable":true,"href":"https:\/\/editura-unibuc.ro\/en\/wp-json\/wp\/v2\/media\/12579"}],"wp:attachment":[{"href":"https:\/\/editura-unibuc.ro\/en\/wp-json\/wp\/v2\/media?parent=12578"}],"wp:term":[{"taxonomy":"product_brand","embeddable":true,"href":"https:\/\/editura-unibuc.ro\/en\/wp-json\/wp\/v2\/product_brand?post=12578"},{"taxonomy":"product_cat","embeddable":true,"href":"https:\/\/editura-unibuc.ro\/en\/wp-json\/wp\/v2\/product_cat?post=12578"},{"taxonomy":"product_tag","embeddable":true,"href":"https:\/\/editura-unibuc.ro\/en\/wp-json\/wp\/v2\/product_tag?post=12578"}],"curies":[{"name":"wp","href":"https:\/\/api.w.org\/{rel}","templated":true}]}}