{"id":12582,"date":"2014-03-04T10:01:55","date_gmt":"2014-03-04T07:01:55","guid":{"rendered":"https:\/\/editura-unibuc.ro\/?p=12582"},"modified":"2025-08-06T11:44:58","modified_gmt":"2025-08-06T08:44:58","slug":"dictionar-de-termeni-hidro-geografici","status":"publish","type":"product","link":"https:\/\/editura-unibuc.ro\/en\/dictionar-de-termeni-hidro-geografici\/","title":{"rendered":"HYDROGEOGRAPHIC DICTIONARY"},"content":{"rendered":"<p>,,Definirea termenilor \u00ee\u0219i asum\u0103 o explica\u021bie simpl\u0103, integral\u0103 \u0219i concret\u0103 care s\u0103 conduc\u0103 la evitarea neclarit\u0103\u021bilor. Foarte multe situa\u021bii, \u00een special de natur\u0103 geografic\u0103, presupun exemplific\u0103ri \u0219i chiar ilustr\u0103ri prin fotografii, h\u0103r\u021bi, scheme. O astfel de lucrare te reprezint\u0103 ca nivel de g\u00e2ndire, concep\u021bie, putere de sintez\u0103 \u0219i expunere mai mult dec\u00e2t un articol sau carte de strict\u0103 specialitate, mai ales datorit\u0103 utiliz\u0103rii sale de c\u0103tre un num\u0103r mare de cititori \u2013 speciali\u0219ti geografi sau din alte domenii, mai mult sau pu\u021bin (constructori, biologi, geologi, agronomi etc.).&#8221; (Prof. univ. dr. Mihai Ielenicz)<\/p>\n","protected":false},"excerpt":{"rendered":"<p>,,Definirea termenilor \u00ee\u0219i asum\u0103 o explica\u021bie simpl\u0103, integral\u0103 \u0219i concret\u0103 care s\u0103 conduc\u0103 la evitarea neclarit\u0103\u021bilor. Foarte multe situa\u021bii, \u00een special de natur\u0103 geografic\u0103, presupun exemplific\u0103ri \u0219i chiar ilustr\u0103ri prin fotografii, h\u0103r\u021bi, scheme. O astfel de lucrare te reprezint\u0103 ca nivel de g\u00e2ndire, concep\u021bie, putere de sintez\u0103 \u0219i expunere mai mult dec\u00e2t un articol sau [&hellip;]<\/p>\n","protected":false},"featured_media":0,"comment_status":"open","ping_status":"closed","template":"","meta":[],"product_brand":[],"product_cat":[1466,989],"product_tag":[1178],"class_list":{"0":"post-12582","1":"product","2":"type-product","3":"status-publish","5":"product_cat-stiinte-ale-naturii","6":"product_cat-geografie","7":"product_tag-hidrogeografie","9":"first","10":"outofstock","11":"shipping-taxable","12":"purchasable","13":"product-type-simple"},"_links":{"self":[{"href":"https:\/\/editura-unibuc.ro\/en\/wp-json\/wp\/v2\/product\/12582","targetHints":{"allow":["GET"]}}],"collection":[{"href":"https:\/\/editura-unibuc.ro\/en\/wp-json\/wp\/v2\/product"}],"about":[{"href":"https:\/\/editura-unibuc.ro\/en\/wp-json\/wp\/v2\/types\/product"}],"replies":[{"embeddable":true,"href":"https:\/\/editura-unibuc.ro\/en\/wp-json\/wp\/v2\/comments?post=12582"}],"wp:attachment":[{"href":"https:\/\/editura-unibuc.ro\/en\/wp-json\/wp\/v2\/media?parent=12582"}],"wp:term":[{"taxonomy":"product_brand","embeddable":true,"href":"https:\/\/editura-unibuc.ro\/en\/wp-json\/wp\/v2\/product_brand?post=12582"},{"taxonomy":"product_cat","embeddable":true,"href":"https:\/\/editura-unibuc.ro\/en\/wp-json\/wp\/v2\/product_cat?post=12582"},{"taxonomy":"product_tag","embeddable":true,"href":"https:\/\/editura-unibuc.ro\/en\/wp-json\/wp\/v2\/product_tag?post=12582"}],"curies":[{"name":"wp","href":"https:\/\/api.w.org\/{rel}","templated":true}]}}