{"id":12601,"date":"2014-03-10T16:45:37","date_gmt":"2014-03-10T13:45:37","guid":{"rendered":"https:\/\/editura-unibuc.ro\/?p=12601"},"modified":"2025-08-07T11:27:10","modified_gmt":"2025-08-07T08:27:10","slug":"strategies-de-lauteur-et-du-narrateur-dans-la-nouvelle-et-le-roman-etudes-narratologiques-sur-le-xixe-siecle-francais-honore-de-balzac-victor-hugo-georges-sand-guy-de-maupassant","status":"publish","type":"product","link":"https:\/\/editura-unibuc.ro\/en\/strategies-de-lauteur-et-du-narrateur-dans-la-nouvelle-et-le-roman-etudes-narratologiques-sur-le-xixe-siecle-francais-honore-de-balzac-victor-hugo-georges-sand-guy-de-maupassant\/","title":{"rendered":"AUTHOUR AND NARRATOR STRATEGIES IN THE SHORT STORY AND NOVEL: NARRATOLOGICAL STUDIES ON THE FRENCH 19TH CENTURY (Honor\u00e9 de Balzac, Victor Hugo, George Sand, Guy de Maupassant)"},"content":{"rendered":"<p>Domeniile de specialitate ale Lilianei Anghel, cadru didactic la Universitatea din Bucure\u0219ti, sunt literatura francez\u0103 a secolului al XIX-lea, literatura rom\u00e2n\u0103 \u0219i universal\u0103, critica \u0219i istoria literar\u0103, istoria \u0219i civiliza\u021bia Fran\u021bei, teoria literaturii \u0219i naratologia, civiliza\u021bia european\u0103 contemporan\u0103.<\/p>\n","protected":false},"excerpt":{"rendered":"<p>Domeniile de specialitate ale Lilianei Anghel, cadru didactic la Universitatea din Bucure\u0219ti, sunt literatura francez\u0103 a secolului al XIX-lea, literatura rom\u00e2n\u0103 \u0219i universal\u0103, critica \u0219i istoria literar\u0103, istoria \u0219i civiliza\u021bia Fran\u021bei, teoria literaturii \u0219i naratologia, civiliza\u021bia european\u0103 contemporan\u0103.<\/p>\n","protected":false},"featured_media":0,"comment_status":"open","ping_status":"closed","template":"","meta":[],"product_brand":[],"product_cat":[1464,977],"product_tag":[1177,1169,1176],"class_list":{"0":"post-12601","1":"product","2":"type-product","3":"status-publish","5":"product_cat-filologie","6":"product_cat-limba-franceza","7":"product_tag-critica-lietrara","8":"product_tag-literatura-franceza","9":"product_tag-studii-literare","11":"first","12":"outofstock","13":"shipping-taxable","14":"purchasable","15":"product-type-simple"},"_links":{"self":[{"href":"https:\/\/editura-unibuc.ro\/en\/wp-json\/wp\/v2\/product\/12601","targetHints":{"allow":["GET"]}}],"collection":[{"href":"https:\/\/editura-unibuc.ro\/en\/wp-json\/wp\/v2\/product"}],"about":[{"href":"https:\/\/editura-unibuc.ro\/en\/wp-json\/wp\/v2\/types\/product"}],"replies":[{"embeddable":true,"href":"https:\/\/editura-unibuc.ro\/en\/wp-json\/wp\/v2\/comments?post=12601"}],"wp:attachment":[{"href":"https:\/\/editura-unibuc.ro\/en\/wp-json\/wp\/v2\/media?parent=12601"}],"wp:term":[{"taxonomy":"product_brand","embeddable":true,"href":"https:\/\/editura-unibuc.ro\/en\/wp-json\/wp\/v2\/product_brand?post=12601"},{"taxonomy":"product_cat","embeddable":true,"href":"https:\/\/editura-unibuc.ro\/en\/wp-json\/wp\/v2\/product_cat?post=12601"},{"taxonomy":"product_tag","embeddable":true,"href":"https:\/\/editura-unibuc.ro\/en\/wp-json\/wp\/v2\/product_tag?post=12601"}],"curies":[{"name":"wp","href":"https:\/\/api.w.org\/{rel}","templated":true}]}}