{"id":12602,"date":"2014-03-13T15:02:49","date_gmt":"2014-03-13T12:02:49","guid":{"rendered":"https:\/\/editura-unibuc.ro\/?p=12602"},"modified":"2015-03-13T01:37:08","modified_gmt":"2015-03-12T23:37:08","slug":"etudes-sur-le-xviiie-siecle-iv","status":"publish","type":"product","link":"https:\/\/editura-unibuc.ro\/en\/etudes-sur-le-xviiie-siecle-iv\/","title":{"rendered":"18th-CENTURY STUDIES IV"},"content":{"rendered":"<p>In FRENCH, SPANISH, ROMANIAN<\/p>\n<p>Sub semnul multiculturalit\u0103\u021bii, articolele cuprinse \u00een cel de al patrulea volum dedicat veacului al XVIII-lea (ultimul secol din epoca modern\u0103, primul din cea contemporan\u0103) abordeaz\u0103 teme dintre cele mai diverse: Jean-Jacques Rousseau (Ilinca Balas), Ion Budai-Deleanu (Iulian Boldea) sau universul ludic-galant (francez) al vremii (Lucia Marinescu); editorii propun un studiu de lingvistic\u0103 spaniol\u0103 (Coman Lupu), respectiv o incursiune \u00een universul romanesc francez (Andreea Vl\u0103descu); \u00eentre autorii contribu\u021biilor se afl\u0103 \u0219i dou\u0103 nume din str\u0103in\u0103tate, Beatriz G\u00f3mez Pablos, cu un articol despre traduceri din elin\u0103 \u00een spaniol\u0103, \u0219i M\u00e1ria Medveczk\u00e1, al c\u0103rei articol este dedicat descrierii, de c\u0103tre un c\u0103l\u0103tor englez \u00een Ungaria, a unor ora\u0219e actualmente slovace, cartea (1793) afl\u00e2ndu-se \u00een Biblioteca Na\u021bional\u0103 a Spaniei.<\/p>","protected":false},"excerpt":{"rendered":"<p>In FRENCH, SPANISH, ROMANIAN Sub semnul multiculturalit\u0103\u021bii, articolele cuprinse \u00een cel de al patrulea volum dedicat veacului al XVIII-lea (ultimul secol din epoca modern\u0103, primul din cea contemporan\u0103) abordeaz\u0103 teme dintre cele mai diverse: Jean-Jacques Rousseau (Ilinca Balas), Ion Budai-Deleanu (Iulian Boldea) sau universul ludic-galant (francez) al vremii (Lucia Marinescu); editorii propun un studiu de [&hellip;]<\/p>\n","protected":false},"featured_media":0,"comment_status":"open","ping_status":"closed","template":"","meta":[],"product_brand":[],"product_cat":[1464,977,979,980],"product_tag":[1175,1176],"class_list":{"0":"post-12602","1":"product","2":"type-product","3":"status-publish","5":"product_cat-filologie","6":"product_cat-limba-franceza","7":"product_cat-limba-romana","8":"product_cat-limbi-romanice-clasice-si-orientale","9":"product_tag-secolul-al-xviii-lea","10":"product_tag-studii-literare","12":"first","13":"instock","14":"shipping-taxable","15":"purchasable","16":"product-type-simple"},"_links":{"self":[{"href":"https:\/\/editura-unibuc.ro\/en\/wp-json\/wp\/v2\/product\/12602","targetHints":{"allow":["GET"]}}],"collection":[{"href":"https:\/\/editura-unibuc.ro\/en\/wp-json\/wp\/v2\/product"}],"about":[{"href":"https:\/\/editura-unibuc.ro\/en\/wp-json\/wp\/v2\/types\/product"}],"replies":[{"embeddable":true,"href":"https:\/\/editura-unibuc.ro\/en\/wp-json\/wp\/v2\/comments?post=12602"}],"wp:attachment":[{"href":"https:\/\/editura-unibuc.ro\/en\/wp-json\/wp\/v2\/media?parent=12602"}],"wp:term":[{"taxonomy":"product_brand","embeddable":true,"href":"https:\/\/editura-unibuc.ro\/en\/wp-json\/wp\/v2\/product_brand?post=12602"},{"taxonomy":"product_cat","embeddable":true,"href":"https:\/\/editura-unibuc.ro\/en\/wp-json\/wp\/v2\/product_cat?post=12602"},{"taxonomy":"product_tag","embeddable":true,"href":"https:\/\/editura-unibuc.ro\/en\/wp-json\/wp\/v2\/product_tag?post=12602"}],"curies":[{"name":"wp","href":"https:\/\/api.w.org\/{rel}","templated":true}]}}