{"id":12622,"date":"2014-03-18T15:47:48","date_gmt":"2014-03-18T12:47:48","guid":{"rendered":"https:\/\/editura-unibuc.ro\/?p=12622"},"modified":"2018-01-04T10:20:13","modified_gmt":"2018-01-04T08:20:13","slug":"copilul-un-candidat-la-umanitate-sau-un-sistem-complex-cu-multiple-necunoscute-2","status":"publish","type":"product","link":"https:\/\/editura-unibuc.ro\/en\/copilul-un-candidat-la-umanitate-sau-un-sistem-complex-cu-multiple-necunoscute-2\/","title":{"rendered":"CHILD: A CANDIDATE TO HUMANITY OR A COMPLEX SYSTEM WITH UNKNOWN VARIABLES?"},"content":{"rendered":"<p>\u201e Demersul nostru se \u00eenscrie \u00eentre coordonatele psihologiei aplicate \u0219i psihologia dezvolt\u0103rii, ne\u00eesemn\u00e2nd c\u0103 nu am \u00eentregit aser\u021biunile cu note din discipline de grani\u021b\u0103, \u00een speran\u021ba c\u0103 stimatul cititor \u2013 fie el student ori absolvent al facult\u0103\u021bii de psihologie -, educatoare din gradini\u021be, \u00eenv\u0103\u021b\u0103toarele din clasele elementare \u0219i mai ales p\u0103rin\u021bii, adul\u021bii, care \u00eei \u00eengrijesc pe cei mici, vor g\u0103si \u00een aceast\u0103 lucrare aspecte noi \u0219i vechi, cunoscute ori necunoscute, agereate sau respinse de ace\u0219tia. Pe to\u021bi \u00eei invit\u0103m respectuos, cu deschidere s\u0103 parcurg\u0103 paginile \u00een speran\u021ba unui viitor dialog util pentru ambele p\u0103r\u021bi ale <b><i>ecua\u021biei<\/i><\/b>.\u201d<\/p>\n","protected":false},"excerpt":{"rendered":"<p>\u201e Demersul nostru se \u00eenscrie \u00eentre coordonatele psihologiei aplicate \u0219i psihologia dezvolt\u0103rii, ne\u00eesemn\u00e2nd c\u0103 nu am \u00eentregit aser\u021biunile cu note din discipline de grani\u021b\u0103, \u00een speran\u021ba c\u0103 stimatul cititor \u2013 fie el student ori absolvent al facult\u0103\u021bii de psihologie -, educatoare din gradini\u021be, \u00eenv\u0103\u021b\u0103toarele din clasele elementare \u0219i mai ales p\u0103rin\u021bii, adul\u021bii, care \u00eei \u00eengrijesc [&hellip;]<\/p>\n","protected":false},"featured_media":12623,"comment_status":"open","ping_status":"closed","template":"","meta":[],"product_brand":[],"product_cat":[991,997],"product_tag":[1174,1111],"class_list":{"0":"post-12622","1":"product","2":"type-product","3":"status-publish","4":"has-post-thumbnail","6":"product_cat-stiinte-sociale","7":"product_cat-psihologie-stiintele-educatiei-si-pedagogie","8":"product_tag-copil","9":"product_tag-psihologie","11":"first","12":"outofstock","13":"shipping-taxable","14":"purchasable","15":"product-type-simple"},"_links":{"self":[{"href":"https:\/\/editura-unibuc.ro\/en\/wp-json\/wp\/v2\/product\/12622","targetHints":{"allow":["GET"]}}],"collection":[{"href":"https:\/\/editura-unibuc.ro\/en\/wp-json\/wp\/v2\/product"}],"about":[{"href":"https:\/\/editura-unibuc.ro\/en\/wp-json\/wp\/v2\/types\/product"}],"replies":[{"embeddable":true,"href":"https:\/\/editura-unibuc.ro\/en\/wp-json\/wp\/v2\/comments?post=12622"}],"wp:featuredmedia":[{"embeddable":true,"href":"https:\/\/editura-unibuc.ro\/en\/wp-json\/wp\/v2\/media\/12623"}],"wp:attachment":[{"href":"https:\/\/editura-unibuc.ro\/en\/wp-json\/wp\/v2\/media?parent=12622"}],"wp:term":[{"taxonomy":"product_brand","embeddable":true,"href":"https:\/\/editura-unibuc.ro\/en\/wp-json\/wp\/v2\/product_brand?post=12622"},{"taxonomy":"product_cat","embeddable":true,"href":"https:\/\/editura-unibuc.ro\/en\/wp-json\/wp\/v2\/product_cat?post=12622"},{"taxonomy":"product_tag","embeddable":true,"href":"https:\/\/editura-unibuc.ro\/en\/wp-json\/wp\/v2\/product_tag?post=12622"}],"curies":[{"name":"wp","href":"https:\/\/api.w.org\/{rel}","templated":true}]}}