{"id":12658,"date":"2014-03-25T14:28:23","date_gmt":"2014-03-25T11:28:23","guid":{"rendered":"https:\/\/editura-unibuc.ro\/?p=12658"},"modified":"2015-03-13T01:33:19","modified_gmt":"2015-03-12T23:33:19","slug":"activitati-corporale-calea-spre-o-sanatate-mai-buna","status":"publish","type":"product","link":"https:\/\/editura-unibuc.ro\/en\/activitati-corporale-calea-spre-o-sanatate-mai-buna\/","title":{"rendered":"PHYSICAL ACTIVITIES \u2013 A BETTER WAY TO HEALTH"},"content":{"rendered":"<p>\u201eActivit\u0103\u021bile corporale (multiple, variate, diversificate) trebuie s\u0103 dezvolte, s\u0103 formeze (\u00een toate situa\u021biile) s\u0103 previn\u0103, s\u0103 compenseze \u0219i s\u0103 corecteze disfunc\u021biile, acolo unde condi\u021biile de via\u021b\u0103, munc\u0103 \u0219i activitate nu reu\u0219esc s\u0103 p\u0103stereze echilibrul personalit\u0103\u021bii umane. Printre cele mai apreciate activit\u0103\u021bi corporale \u00een r\u00e2ndul studen\u021bilor se afl\u0103 gimnastica, fitness-ul, \u00eenotul, jocurile sportive, mersul pe jos, jogging-ul, mersul pe biciclet\u0103, plimb\u0103rile lungi, dar \u0219i turismul\u201d.<\/p>\n","protected":false},"excerpt":{"rendered":"<p>\u201eActivit\u0103\u021bile corporale (multiple, variate, diversificate) trebuie s\u0103 dezvolte, s\u0103 formeze (\u00een toate situa\u021biile) s\u0103 previn\u0103, s\u0103 compenseze \u0219i s\u0103 corecteze disfunc\u021biile, acolo unde condi\u021biile de via\u021b\u0103, munc\u0103 \u0219i activitate nu reu\u0219esc s\u0103 p\u0103stereze echilibrul personalit\u0103\u021bii umane. Printre cele mai apreciate activit\u0103\u021bi corporale \u00een r\u00e2ndul studen\u021bilor se afl\u0103 gimnastica, fitness-ul, \u00eenotul, jocurile sportive, mersul pe jos, [&hellip;]<\/p>\n","protected":false},"featured_media":12660,"comment_status":"open","ping_status":"closed","template":"","meta":[],"product_brand":[],"product_cat":[993,991],"product_tag":[1165,1166],"class_list":{"0":"post-12658","1":"product","2":"type-product","3":"status-publish","4":"has-post-thumbnail","6":"product_cat-educatie-fizica-si-sport","7":"product_cat-stiinte-sociale","8":"product_tag-activitati-corporale","9":"product_tag-educatie-fizica","11":"first","12":"instock","13":"shipping-taxable","14":"purchasable","15":"product-type-simple"},"_links":{"self":[{"href":"https:\/\/editura-unibuc.ro\/en\/wp-json\/wp\/v2\/product\/12658","targetHints":{"allow":["GET"]}}],"collection":[{"href":"https:\/\/editura-unibuc.ro\/en\/wp-json\/wp\/v2\/product"}],"about":[{"href":"https:\/\/editura-unibuc.ro\/en\/wp-json\/wp\/v2\/types\/product"}],"replies":[{"embeddable":true,"href":"https:\/\/editura-unibuc.ro\/en\/wp-json\/wp\/v2\/comments?post=12658"}],"wp:featuredmedia":[{"embeddable":true,"href":"https:\/\/editura-unibuc.ro\/en\/wp-json\/wp\/v2\/media\/12660"}],"wp:attachment":[{"href":"https:\/\/editura-unibuc.ro\/en\/wp-json\/wp\/v2\/media?parent=12658"}],"wp:term":[{"taxonomy":"product_brand","embeddable":true,"href":"https:\/\/editura-unibuc.ro\/en\/wp-json\/wp\/v2\/product_brand?post=12658"},{"taxonomy":"product_cat","embeddable":true,"href":"https:\/\/editura-unibuc.ro\/en\/wp-json\/wp\/v2\/product_cat?post=12658"},{"taxonomy":"product_tag","embeddable":true,"href":"https:\/\/editura-unibuc.ro\/en\/wp-json\/wp\/v2\/product_tag?post=12658"}],"curies":[{"name":"wp","href":"https:\/\/api.w.org\/{rel}","templated":true}]}}