{"id":12717,"date":"2014-04-09T15:33:05","date_gmt":"2014-04-09T12:33:05","guid":{"rendered":"https:\/\/editura-unibuc.ro\/?p=12717"},"modified":"2024-04-11T11:33:54","modified_gmt":"2024-04-11T08:33:54","slug":"axis-revista-de-studii-religioase-nr-22013","status":"publish","type":"product","link":"https:\/\/editura-unibuc.ro\/en\/axis-revista-de-studii-religioase-nr-22013\/","title":{"rendered":"AXIS \u2013 RELIGIOUS STUDIES REVIEW, no. 2\/2013"},"content":{"rendered":"<p>Cuprins: Elemente alogene \u00een escatologia qumranic\u0103? (R\u0103zvan Bunea); Oameni angelici \u0219i \u00eengeri umani: medierea cunoa\u0219terii \u00een\u00a0<em>Cartea veghetorilor, 1 Enoch<\/em>\u00a0(Sergiu-Alexandru Ciutescu); Dosarul patristic despre\u00a0<em>Filioque<\/em>\u00a0prezentat de latini la conciliul unionist de la Floren\u021ba, \u00een 1439; Numele divin din \u0219aptezeci \u0219i dou\u0103 de litere. Analiz\u0103 structural\u0103, opera\u021bional\u0103 \u0219i rela\u021bional\u0103 (Alexandru Docze); Mesia la Qumran \u0219i \u00een textele neotestamentare (Gabriela Iag\u0103r); Monahismul ca itineran\u021b\u0103 (Mihai Pecingine); Limbajul ambivalent al lui Agrippa \u00een\u00a0<em>De occulta philosophia libri tres<\/em>\u00a0\u0219i\u00a0<em>De incertitudine et vanitate scientiarum atque artium declamatio invectiva<\/em>\u00a0(Cristian Vechiu).<\/p>","protected":false},"excerpt":{"rendered":"<p>Cuprins: Elemente alogene \u00een escatologia qumranic\u0103? (R\u0103zvan Bunea); Oameni angelici \u0219i \u00eengeri umani: medierea cunoa\u0219terii \u00een\u00a0Cartea veghetorilor, 1 Enoch\u00a0(Sergiu-Alexandru Ciutescu); Dosarul patristic despre\u00a0Filioque\u00a0prezentat de latini la conciliul unionist de la Floren\u021ba, \u00een 1439; Numele divin din \u0219aptezeci \u0219i dou\u0103 de litere. Analiz\u0103 structural\u0103, opera\u021bional\u0103 \u0219i rela\u021bional\u0103 (Alexandru Docze); Mesia la Qumran \u0219i \u00een textele neotestamentare [&hellip;]<\/p>\n","protected":false},"featured_media":0,"comment_status":"open","ping_status":"closed","template":"","meta":[],"product_brand":[],"product_cat":[1464,1469,1893,999],"product_tag":[1157,1158],"class_list":{"0":"post-12717","1":"product","2":"type-product","3":"status-publish","5":"product_cat-filologie","6":"product_cat-periodice","7":"product_cat-reviste-academice","8":"product_cat-teologie","9":"product_tag-noul-testament","10":"product_tag-vechiul-testament","12":"first","13":"instock","14":"purchasable","15":"product-type-simple"},"_links":{"self":[{"href":"https:\/\/editura-unibuc.ro\/en\/wp-json\/wp\/v2\/product\/12717","targetHints":{"allow":["GET"]}}],"collection":[{"href":"https:\/\/editura-unibuc.ro\/en\/wp-json\/wp\/v2\/product"}],"about":[{"href":"https:\/\/editura-unibuc.ro\/en\/wp-json\/wp\/v2\/types\/product"}],"replies":[{"embeddable":true,"href":"https:\/\/editura-unibuc.ro\/en\/wp-json\/wp\/v2\/comments?post=12717"}],"wp:attachment":[{"href":"https:\/\/editura-unibuc.ro\/en\/wp-json\/wp\/v2\/media?parent=12717"}],"wp:term":[{"taxonomy":"product_brand","embeddable":true,"href":"https:\/\/editura-unibuc.ro\/en\/wp-json\/wp\/v2\/product_brand?post=12717"},{"taxonomy":"product_cat","embeddable":true,"href":"https:\/\/editura-unibuc.ro\/en\/wp-json\/wp\/v2\/product_cat?post=12717"},{"taxonomy":"product_tag","embeddable":true,"href":"https:\/\/editura-unibuc.ro\/en\/wp-json\/wp\/v2\/product_tag?post=12717"}],"curies":[{"name":"wp","href":"https:\/\/api.w.org\/{rel}","templated":true}]}}