{"id":12721,"date":"2014-04-09T15:42:23","date_gmt":"2014-04-09T12:42:23","guid":{"rendered":"https:\/\/editura-unibuc.ro\/?p=12721"},"modified":"2025-07-17T12:52:14","modified_gmt":"2025-07-17T09:52:14","slug":"mircea-eliade-si-modernitatea-filosofica-europeana-viata-extatica-arta-tragica-daimonicul-metafizica","status":"publish","type":"product","link":"https:\/\/editura-unibuc.ro\/en\/mircea-eliade-si-modernitatea-filosofica-europeana-viata-extatica-arta-tragica-daimonicul-metafizica\/","title":{"rendered":"MIRCEA ELIADE AND THE EUROPEAN PHILOSOPHICAL MODERNITY: EXTATIC LIFE, TRAGIC ART, DAIMONIC, METAPHYSICS"},"content":{"rendered":"<p>,,Liviu Costin propune o nou\u0103 abordare a lui Mircea Eliade, pu\u021bin sau deloc prezent\u0103 \u00een scrierile celor care i-au analizat filosofia. Energia incandescent\u0103 a c\u0103r\u021bilor din tinere\u021be ale acestuia a fost v\u0103zut\u0103 de obicei ca o marc\u0103 stilistic\u0103, f\u0103r\u0103 leg\u0103tur\u0103 cu reflec\u021bia despre spiritualitate ori cu anumite concepte filosofice, precum\u00a0<i>ekstasis<\/i>-ul. Pentru a le dovedi, Liviu Costin porne\u0219te de la cursurile \u021binute de Nae Ionescu, locul \u00een care s-a format filosofic \u00eentreaga genera\u021bie Criterion. Cei doi poli ai g\u00e2ndirii lui Nae Ionescu, metafizicul \u0219i istoricul, se reg\u0103sesc astfel \u0219i la Mircea Eliade. Ideea de extaz creator, venit\u0103 din Nietzsche, era \u00eens\u0103 destul de general\u0103 \u00een filosofia interbelic\u0103 [&#8230;]. Liviu Costin sugereaz\u0103, pentru a explica creativitatea excep\u021bional\u0103 a lui Mircea Eliade \u00eentre 1932 \u0219i 1940, chiar influen\u021ba unei \u201efor\u021be misterioase, ambigue, o stranie demonie\u201d, r\u0103mas\u0103 necunoscut\u0103 ori nem\u0103rturisit\u0103.\u00a0<i>Daimonic<\/i>-ul, persistent de la Platon la Goethe, a trecut astfel \u00een modernitatea surescitat\u0103 a secolului XX [&#8230;] \u0219i a ajuns p\u00e2n\u0103 \u00een fenomenologia istoricului religiilor, la maturitate, \u00een Fran\u021ba \u0219i \u00een Statele Unite. Cartea lui Liviu Costin este excelent\u0103 nu numai prin asemenea idei, ci \u0219i pentru c\u0103 este scris\u0103 cu rigoare \u0219i cu o aten\u021bie deosebit\u0103 la detaliu, la citat, la informa\u021bie bibliografic\u0103 \u0219i la formulare.\u201d (Sorin Alexandrescu)<\/p>\n<p>Liviu-Cristian Costin: doctor \u00een filosofie (2009) al Universit\u0103\u021bii \u201eAl. I. Cuza\u201d, Ia\u0219i, cu o tez\u0103 despre raportul dintre metafizic\u0103 \u0219i hermeneutic\u0103 \u00een opera lui Mircea Eliade \u0219i a lui Ioan-Petru Culianu; cercet\u0103tor postdoctoral al Centrului de Excelen\u021b\u0103 \u00een Studiul Imaginii (CESI), Universitatea din Bucure\u0219ti (2010-2013);\u00a0<i>Associate Research Student\u00a0<\/i>la Oxford Brookes University, Marea Britanie (2012); a tradus volumul lui Douglas Allen,\u00a0<i>Mit \u0219i religie la Mircea Eliade<\/i>\u00a0(Casa C\u0103r\u021bii de \u0218tiin\u021b\u0103, Cluj-Napoca, 2011); particip\u0103, al\u0103turi de Sorin Alexandrescu \u0219i Liviu Borda\u0219, la editarea publicisticii interbelice post-indiene a lui Mircea Eliade.<\/p>","protected":false},"excerpt":{"rendered":"<p>,,Liviu Costin propune o nou\u0103 abordare a lui Mircea Eliade, pu\u021bin sau deloc prezent\u0103 \u00een scrierile celor care i-au analizat filosofia. Energia incandescent\u0103 a c\u0103r\u021bilor din tinere\u021be ale acestuia a fost v\u0103zut\u0103 de obicei ca o marc\u0103 stilistic\u0103, f\u0103r\u0103 leg\u0103tur\u0103 cu reflec\u021bia despre spiritualitate ori cu anumite concepte filosofice, precum\u00a0ekstasis-ul. Pentru a le dovedi, Liviu [&hellip;]<\/p>\n","protected":false},"featured_media":44856,"comment_status":"open","ping_status":"closed","template":"","meta":[],"product_brand":[],"product_cat":[851,1464,979,991,994],"product_tag":[874],"class_list":{"0":"post-12721","1":"product","2":"type-product","3":"status-publish","4":"has-post-thumbnail","6":"product_cat-cesi-text-imagine","7":"product_cat-filologie","8":"product_cat-limba-romana","9":"product_cat-stiinte-sociale","10":"product_cat-filosofie","11":"product_tag-mircea-eliade","13":"first","14":"instock","15":"shipping-taxable","16":"purchasable","17":"product-type-simple"},"_links":{"self":[{"href":"https:\/\/editura-unibuc.ro\/en\/wp-json\/wp\/v2\/product\/12721","targetHints":{"allow":["GET"]}}],"collection":[{"href":"https:\/\/editura-unibuc.ro\/en\/wp-json\/wp\/v2\/product"}],"about":[{"href":"https:\/\/editura-unibuc.ro\/en\/wp-json\/wp\/v2\/types\/product"}],"replies":[{"embeddable":true,"href":"https:\/\/editura-unibuc.ro\/en\/wp-json\/wp\/v2\/comments?post=12721"}],"wp:featuredmedia":[{"embeddable":true,"href":"https:\/\/editura-unibuc.ro\/en\/wp-json\/wp\/v2\/media\/44856"}],"wp:attachment":[{"href":"https:\/\/editura-unibuc.ro\/en\/wp-json\/wp\/v2\/media?parent=12721"}],"wp:term":[{"taxonomy":"product_brand","embeddable":true,"href":"https:\/\/editura-unibuc.ro\/en\/wp-json\/wp\/v2\/product_brand?post=12721"},{"taxonomy":"product_cat","embeddable":true,"href":"https:\/\/editura-unibuc.ro\/en\/wp-json\/wp\/v2\/product_cat?post=12721"},{"taxonomy":"product_tag","embeddable":true,"href":"https:\/\/editura-unibuc.ro\/en\/wp-json\/wp\/v2\/product_tag?post=12721"}],"curies":[{"name":"wp","href":"https:\/\/api.w.org\/{rel}","templated":true}]}}