{"id":12736,"date":"2014-04-15T19:09:00","date_gmt":"2014-04-15T16:09:00","guid":{"rendered":"https:\/\/editura-unibuc.ro\/?p=12736"},"modified":"2015-06-17T10:57:55","modified_gmt":"2015-06-17T07:57:55","slug":"actele-verbale-expresive-limba-romana","status":"publish","type":"product","link":"https:\/\/editura-unibuc.ro\/en\/actele-verbale-expresive-limba-romana\/","title":{"rendered":"VERBAL ACTS OF EXPRESSION IN ROMANIAN"},"content":{"rendered":"<p>\u201eLucrarea de fa\u021b\u0103 propune o analiz\u0103 pragmalingvistic\u0103 a clasei actelor de vorbire expresive \u00een limba rom\u00e2n\u0103 actual\u0103. Aten\u021bia noastr\u0103 se \u00eendreapt\u0103 asupra a 11 subtipuri de acte verbale pe care le-am inclus \u00een seria expresivelor, pe baza capacit\u0103\u021bii acestora de a indica diferitele atitudini sau st\u0103ri psiho-emo\u021bionale experimentate de catre emi\u021b\u0103tor \u00een cursul interac\u021biunii: <i>complimentul, lauda, autolauda, insulta, critica, autocritica, repro\u0219ul, acuza\u021bia, salutul, mul\u021bumirea <\/i>\u0219i<i> scuza<\/i>. Lucrarea este structurat\u0103 \u00een dou\u0103 p\u0103r\u021bi, fiecare a c\u00e2te dou\u0103 capitole, urmate de un capitol special dedicat concluziilor.\u201d<\/p>","protected":false},"excerpt":{"rendered":"<p>\u201eLucrarea de fa\u021b\u0103 propune o analiz\u0103 pragmalingvistic\u0103 a clasei actelor de vorbire expresive \u00een limba rom\u00e2n\u0103 actual\u0103. Aten\u021bia noastr\u0103 se \u00eendreapt\u0103 asupra a 11 subtipuri de acte verbale pe care le-am inclus \u00een seria expresivelor, pe baza capacit\u0103\u021bii acestora de a indica diferitele atitudini sau st\u0103ri psiho-emo\u021bionale experimentate de catre emi\u021b\u0103tor \u00een cursul interac\u021biunii: complimentul, [&hellip;]<\/p>\n","protected":false},"featured_media":12737,"comment_status":"open","ping_status":"closed","template":"","meta":[],"product_brand":[],"product_cat":[1464,979],"product_tag":[1156],"class_list":{"0":"post-12736","1":"product","2":"type-product","3":"status-publish","4":"has-post-thumbnail","6":"product_cat-filologie","7":"product_cat-limba-romana","8":"product_tag-limba-romana-contemporana","10":"first","11":"outofstock","12":"shipping-taxable","13":"product-type-simple"},"_links":{"self":[{"href":"https:\/\/editura-unibuc.ro\/en\/wp-json\/wp\/v2\/product\/12736","targetHints":{"allow":["GET"]}}],"collection":[{"href":"https:\/\/editura-unibuc.ro\/en\/wp-json\/wp\/v2\/product"}],"about":[{"href":"https:\/\/editura-unibuc.ro\/en\/wp-json\/wp\/v2\/types\/product"}],"replies":[{"embeddable":true,"href":"https:\/\/editura-unibuc.ro\/en\/wp-json\/wp\/v2\/comments?post=12736"}],"wp:featuredmedia":[{"embeddable":true,"href":"https:\/\/editura-unibuc.ro\/en\/wp-json\/wp\/v2\/media\/12737"}],"wp:attachment":[{"href":"https:\/\/editura-unibuc.ro\/en\/wp-json\/wp\/v2\/media?parent=12736"}],"wp:term":[{"taxonomy":"product_brand","embeddable":true,"href":"https:\/\/editura-unibuc.ro\/en\/wp-json\/wp\/v2\/product_brand?post=12736"},{"taxonomy":"product_cat","embeddable":true,"href":"https:\/\/editura-unibuc.ro\/en\/wp-json\/wp\/v2\/product_cat?post=12736"},{"taxonomy":"product_tag","embeddable":true,"href":"https:\/\/editura-unibuc.ro\/en\/wp-json\/wp\/v2\/product_tag?post=12736"}],"curies":[{"name":"wp","href":"https:\/\/api.w.org\/{rel}","templated":true}]}}