{"id":12741,"date":"2014-04-15T19:15:12","date_gmt":"2014-04-15T16:15:12","guid":{"rendered":"https:\/\/editura-unibuc.ro\/?p=12741"},"modified":"2022-04-20T22:12:33","modified_gmt":"2022-04-20T19:12:33","slug":"anatomia-cognitiva-filmului-introducere-abordarea-semio-cognitiva-discursului-audiovizual","status":"publish","type":"product","link":"https:\/\/editura-unibuc.ro\/en\/anatomia-cognitiva-filmului-introducere-abordarea-semio-cognitiva-discursului-audiovizual\/","title":{"rendered":"COGNITIVE ANATOMY OF THE MOVIE: INTRODUCTION TO SEMIO-COGNITIVE APPROACH OF THE AUDIOVISUAL SPEECH"},"content":{"rendered":"<p>\u201cO prim\u0103 inten\u021bie a lucr\u0103rii de fa\u021b\u0103 este de a oferi lectorului accesul la o serie de c\u0103rti care nu au fost traduse \u00een rom\u00e2n\u0103 \u0219i care nu au fost dezb\u0103tute sau prelucrate \u00een domeniul teoriei de film din Rom\u00e2nia. Pe r\u00e2nd am prezentat terminologia \u0219i unghiul de atac al unor cercet\u0103tori ai filmului care au adoptat forme complementare ale cognitivismului(&#8230;). Cartea se dore\u0219te a fi doar o introducere a aparatului conceptual dezvoltat de c\u0103tre ace\u0219ti diver\u0219i cercet\u0103tori. Dar totodat\u0103, cartea poate fi considerat\u0103 o succesiune ordonat\u0103 a unor fi\u0219e de lectur\u0103 pe domenii de analiz\u0103\u201d.<\/p>\n","protected":false},"excerpt":{"rendered":"<p>\u201cO prim\u0103 inten\u021bie a lucr\u0103rii de fa\u021b\u0103 este de a oferi lectorului accesul la o serie de c\u0103rti care nu au fost traduse \u00een rom\u00e2n\u0103 \u0219i care nu au fost dezb\u0103tute sau prelucrate \u00een domeniul teoriei de film din Rom\u00e2nia. Pe r\u00e2nd am prezentat terminologia \u0219i unghiul de atac al unor cercet\u0103tori ai filmului care [&hellip;]<\/p>\n","protected":false},"featured_media":12742,"comment_status":"open","ping_status":"closed","template":"","meta":[],"product_brand":[],"product_cat":[991,996],"product_tag":[1154,1155,1100],"class_list":{"0":"post-12741","1":"product","2":"type-product","3":"status-publish","4":"has-post-thumbnail","6":"product_cat-stiinte-sociale","7":"product_cat-jurnalism-si-stiintele-comunicarii","8":"product_tag-audiovizual","9":"product_tag-film","10":"product_tag-jurnalism","12":"first","13":"outofstock","14":"shipping-taxable","15":"purchasable","16":"product-type-simple"},"_links":{"self":[{"href":"https:\/\/editura-unibuc.ro\/en\/wp-json\/wp\/v2\/product\/12741","targetHints":{"allow":["GET"]}}],"collection":[{"href":"https:\/\/editura-unibuc.ro\/en\/wp-json\/wp\/v2\/product"}],"about":[{"href":"https:\/\/editura-unibuc.ro\/en\/wp-json\/wp\/v2\/types\/product"}],"replies":[{"embeddable":true,"href":"https:\/\/editura-unibuc.ro\/en\/wp-json\/wp\/v2\/comments?post=12741"}],"wp:featuredmedia":[{"embeddable":true,"href":"https:\/\/editura-unibuc.ro\/en\/wp-json\/wp\/v2\/media\/12742"}],"wp:attachment":[{"href":"https:\/\/editura-unibuc.ro\/en\/wp-json\/wp\/v2\/media?parent=12741"}],"wp:term":[{"taxonomy":"product_brand","embeddable":true,"href":"https:\/\/editura-unibuc.ro\/en\/wp-json\/wp\/v2\/product_brand?post=12741"},{"taxonomy":"product_cat","embeddable":true,"href":"https:\/\/editura-unibuc.ro\/en\/wp-json\/wp\/v2\/product_cat?post=12741"},{"taxonomy":"product_tag","embeddable":true,"href":"https:\/\/editura-unibuc.ro\/en\/wp-json\/wp\/v2\/product_tag?post=12741"}],"curies":[{"name":"wp","href":"https:\/\/api.w.org\/{rel}","templated":true}]}}