{"id":12743,"date":"2014-04-15T19:17:49","date_gmt":"2014-04-15T16:17:49","guid":{"rendered":"https:\/\/editura-unibuc.ro\/?p=12743"},"modified":"2015-03-13T01:28:08","modified_gmt":"2015-03-12T23:28:08","slug":"mobilitati-si-strategii-rezidentiale-urbane-si-periurbane","status":"publish","type":"product","link":"https:\/\/editura-unibuc.ro\/en\/mobilitati-si-strategii-rezidentiale-urbane-si-periurbane\/","title":{"rendered":"URBAN AND SUBURBAN RESIDENTIAL MOBILITIES AND STRATEGIES"},"content":{"rendered":"<p>Lucrarea de fa\u021b\u0103 dezbate numeroase teme \u00een legatur\u0103 cu strategiile urbanistice \u00een Bucure\u0219ti, cum ar fi motivele pentru care se mut\u0103 locuitorii din capital\u0103, Bucure\u0219tiul ca ora\u0219 comunist, dar \u0219i ca ora\u0219 post-comunist, \u00een care au ap\u0103rut ansambluri reziden\u021biale \u0219i o dezvoltare urban\u0103 dup\u0103 reguli liberale. Autorul dezbate \u0219i subiecte de politici urbane \u0219i particularit\u0103\u021bi ale pie\u021bei imobiliare. Bogdan Suditu motiveaz\u0103 alegerea Bucure\u0219tiului ca spa\u021biu geografic al lucr\u0103rii sale prin m\u0103rimea \u0219i diversitatea acestui ora\u0219.<\/p>\n","protected":false},"excerpt":{"rendered":"<p>Lucrarea de fa\u021b\u0103 dezbate numeroase teme \u00een legatur\u0103 cu strategiile urbanistice \u00een Bucure\u0219ti, cum ar fi motivele pentru care se mut\u0103 locuitorii din capital\u0103, Bucure\u0219tiul ca ora\u0219 comunist, dar \u0219i ca ora\u0219 post-comunist, \u00een care au ap\u0103rut ansambluri reziden\u021biale \u0219i o dezvoltare urban\u0103 dup\u0103 reguli liberale. Autorul dezbate \u0219i subiecte de politici urbane \u0219i particularit\u0103\u021bi [&hellip;]<\/p>\n","protected":false},"featured_media":12744,"comment_status":"open","ping_status":"closed","template":"","meta":[],"product_brand":[],"product_cat":[991,998],"product_tag":[1152,1153],"class_list":{"0":"post-12743","1":"product","2":"type-product","3":"status-publish","4":"has-post-thumbnail","6":"product_cat-stiinte-sociale","7":"product_cat-sociologie-si-asistenta-sociala","8":"product_tag-bucuresti","9":"product_tag-imobiliare","11":"first","12":"outofstock","13":"shipping-taxable","14":"purchasable","15":"product-type-simple"},"_links":{"self":[{"href":"https:\/\/editura-unibuc.ro\/en\/wp-json\/wp\/v2\/product\/12743","targetHints":{"allow":["GET"]}}],"collection":[{"href":"https:\/\/editura-unibuc.ro\/en\/wp-json\/wp\/v2\/product"}],"about":[{"href":"https:\/\/editura-unibuc.ro\/en\/wp-json\/wp\/v2\/types\/product"}],"replies":[{"embeddable":true,"href":"https:\/\/editura-unibuc.ro\/en\/wp-json\/wp\/v2\/comments?post=12743"}],"wp:featuredmedia":[{"embeddable":true,"href":"https:\/\/editura-unibuc.ro\/en\/wp-json\/wp\/v2\/media\/12744"}],"wp:attachment":[{"href":"https:\/\/editura-unibuc.ro\/en\/wp-json\/wp\/v2\/media?parent=12743"}],"wp:term":[{"taxonomy":"product_brand","embeddable":true,"href":"https:\/\/editura-unibuc.ro\/en\/wp-json\/wp\/v2\/product_brand?post=12743"},{"taxonomy":"product_cat","embeddable":true,"href":"https:\/\/editura-unibuc.ro\/en\/wp-json\/wp\/v2\/product_cat?post=12743"},{"taxonomy":"product_tag","embeddable":true,"href":"https:\/\/editura-unibuc.ro\/en\/wp-json\/wp\/v2\/product_tag?post=12743"}],"curies":[{"name":"wp","href":"https:\/\/api.w.org\/{rel}","templated":true}]}}