{"id":12746,"date":"2014-04-15T19:20:05","date_gmt":"2014-04-15T16:20:05","guid":{"rendered":"https:\/\/editura-unibuc.ro\/?p=12746"},"modified":"2024-03-11T14:07:07","modified_gmt":"2024-03-11T12:07:07","slug":"romano-arabica-xiv-ammiyya-fusha-linguistics-literature","status":"publish","type":"product","link":"https:\/\/editura-unibuc.ro\/en\/romano-arabica-xiv-ammiyya-fusha-linguistics-literature\/","title":{"rendered":"ROMANO-ARABICA XIV, \u2018\u0100MMIYYA AND FUSH\u0100 IN LINGUISTICS AND LITERATURE"},"content":{"rendered":"<p>Lucrarea de fa\u021b\u0103 este o colec\u021bie de studii ce au leg\u0103tur\u0103 cu lumea \u0219i cultura arab\u0103, autorii sunt cercet\u0103tori specializa\u021bi pe acest domeniu. Studiile cuprinse \u00een aceast\u0103 lucrare ating diferite domenii ale vie\u021bii culturale, de la proverbe morale, cercet\u0103ri de gramatic\u0103, la studii de istorie, poezie, literatur\u0103.<\/p>\n","protected":false},"excerpt":{"rendered":"<p>Lucrarea de fa\u021b\u0103 este o colec\u021bie de studii ce au leg\u0103tur\u0103 cu lumea \u0219i cultura arab\u0103, autorii sunt cercet\u0103tori specializa\u021bi pe acest domeniu. Studiile cuprinse \u00een aceast\u0103 lucrare ating diferite domenii ale vie\u021bii culturale, de la proverbe morale, cercet\u0103ri de gramatic\u0103, la studii de istorie, poezie, literatur\u0103.<\/p>\n","protected":false},"featured_media":12747,"comment_status":"open","ping_status":"closed","template":"","meta":[],"product_brand":[],"product_cat":[3962,1464,980,1469,1893],"product_tag":[1150,1151],"class_list":{"0":"post-12746","1":"product","2":"type-product","3":"status-publish","4":"has-post-thumbnail","6":"product_cat-romano-arabica","7":"product_cat-filologie","8":"product_cat-limbi-romanice-clasice-si-orientale","9":"product_cat-periodice","10":"product_cat-reviste-academice","11":"product_tag-orientale","12":"product_tag-romano-arabica","14":"first","15":"instock","16":"shipping-taxable","17":"purchasable","18":"product-type-simple"},"_links":{"self":[{"href":"https:\/\/editura-unibuc.ro\/en\/wp-json\/wp\/v2\/product\/12746","targetHints":{"allow":["GET"]}}],"collection":[{"href":"https:\/\/editura-unibuc.ro\/en\/wp-json\/wp\/v2\/product"}],"about":[{"href":"https:\/\/editura-unibuc.ro\/en\/wp-json\/wp\/v2\/types\/product"}],"replies":[{"embeddable":true,"href":"https:\/\/editura-unibuc.ro\/en\/wp-json\/wp\/v2\/comments?post=12746"}],"wp:featuredmedia":[{"embeddable":true,"href":"https:\/\/editura-unibuc.ro\/en\/wp-json\/wp\/v2\/media\/12747"}],"wp:attachment":[{"href":"https:\/\/editura-unibuc.ro\/en\/wp-json\/wp\/v2\/media?parent=12746"}],"wp:term":[{"taxonomy":"product_brand","embeddable":true,"href":"https:\/\/editura-unibuc.ro\/en\/wp-json\/wp\/v2\/product_brand?post=12746"},{"taxonomy":"product_cat","embeddable":true,"href":"https:\/\/editura-unibuc.ro\/en\/wp-json\/wp\/v2\/product_cat?post=12746"},{"taxonomy":"product_tag","embeddable":true,"href":"https:\/\/editura-unibuc.ro\/en\/wp-json\/wp\/v2\/product_tag?post=12746"}],"curies":[{"name":"wp","href":"https:\/\/api.w.org\/{rel}","templated":true}]}}