{"id":12763,"date":"2014-04-29T13:07:47","date_gmt":"2014-04-29T10:07:47","guid":{"rendered":"https:\/\/editura-unibuc.ro\/?p=12763"},"modified":"2015-03-13T01:26:41","modified_gmt":"2015-03-12T23:26:41","slug":"pisne-otroka-cantecele-sclavului","status":"publish","type":"product","link":"https:\/\/editura-unibuc.ro\/en\/pisne-otroka-cantecele-sclavului\/","title":{"rendered":"P\u00cdSN\u0114 OTROKA \u2013 THE SLAVE&#8217;S SONGS"},"content":{"rendered":"<p>\u201c\u010cech a fost definitiv consacrat drept primul poet politic ceh de poemul <em>C\u00e2ntecele sclavului<\/em>, compozi\u021bie alegoric\u0103 \u00een dou\u0103zeci \u0219i trei de p\u0103r\u021bi, situat\u0103 undeva \u00eentr-un atemporal exotic. Apar aici \u00een prim plan \u0219i repetate la nesf\u00e2r\u0219it motivele sclavului, \u00eenrobirii, al lan\u021burilor \u0219i al dorin\u021bei de libertate, care se reg\u0103seau \u00een toat\u0103 publicistica politic\u0103 ceh\u0103 de la sf\u00e2r\u0219itul veacului, \u00eencep\u00e2nd \u00eenc\u0103 din anii \u201960 \u0219i se f\u0103cuser\u0103 auzite \u0219i \u00een <em>C\u00e2ntecele de diminea\u021b\u0103<\/em> \u0219i <em>C\u00e2ntecele noi<\/em> ale lui \u010cech. Poemul <em>C\u00e2ntecele scalvului<\/em> a aparut la cump\u0103na dintre anii 1894 \u0219i 1895.\u201d<\/p>","protected":false},"excerpt":{"rendered":"<p>\u201c\u010cech a fost definitiv consacrat drept primul poet politic ceh de poemul C\u00e2ntecele sclavului, compozi\u021bie alegoric\u0103 \u00een dou\u0103zeci \u0219i trei de p\u0103r\u021bi, situat\u0103 undeva \u00eentr-un atemporal exotic. Apar aici \u00een prim plan \u0219i repetate la nesf\u00e2r\u0219it motivele sclavului, \u00eenrobirii, al lan\u021burilor \u0219i al dorin\u021bei de libertate, care se reg\u0103seau \u00een toat\u0103 publicistica politic\u0103 ceh\u0103 de [&hellip;]<\/p>\n","protected":false},"featured_media":12764,"comment_status":"open","ping_status":"closed","template":"","meta":[],"product_brand":[],"product_cat":[1464,981],"product_tag":[1147,902],"class_list":{"0":"post-12763","1":"product","2":"type-product","3":"status-publish","4":"has-post-thumbnail","6":"product_cat-filologie","7":"product_cat-limbi-slave","8":"product_tag-literatura-ceha","9":"product_tag-poezie","11":"first","12":"instock","13":"shipping-taxable","14":"purchasable","15":"product-type-simple"},"_links":{"self":[{"href":"https:\/\/editura-unibuc.ro\/en\/wp-json\/wp\/v2\/product\/12763","targetHints":{"allow":["GET"]}}],"collection":[{"href":"https:\/\/editura-unibuc.ro\/en\/wp-json\/wp\/v2\/product"}],"about":[{"href":"https:\/\/editura-unibuc.ro\/en\/wp-json\/wp\/v2\/types\/product"}],"replies":[{"embeddable":true,"href":"https:\/\/editura-unibuc.ro\/en\/wp-json\/wp\/v2\/comments?post=12763"}],"wp:featuredmedia":[{"embeddable":true,"href":"https:\/\/editura-unibuc.ro\/en\/wp-json\/wp\/v2\/media\/12764"}],"wp:attachment":[{"href":"https:\/\/editura-unibuc.ro\/en\/wp-json\/wp\/v2\/media?parent=12763"}],"wp:term":[{"taxonomy":"product_brand","embeddable":true,"href":"https:\/\/editura-unibuc.ro\/en\/wp-json\/wp\/v2\/product_brand?post=12763"},{"taxonomy":"product_cat","embeddable":true,"href":"https:\/\/editura-unibuc.ro\/en\/wp-json\/wp\/v2\/product_cat?post=12763"},{"taxonomy":"product_tag","embeddable":true,"href":"https:\/\/editura-unibuc.ro\/en\/wp-json\/wp\/v2\/product_tag?post=12763"}],"curies":[{"name":"wp","href":"https:\/\/api.w.org\/{rel}","templated":true}]}}