{"id":12768,"date":"2014-04-29T13:11:39","date_gmt":"2014-04-29T10:11:39","guid":{"rendered":"https:\/\/editura-unibuc.ro\/?p=12768"},"modified":"2025-08-28T11:53:37","modified_gmt":"2025-08-28T08:53:37","slug":"moralitate-emotii-si-cognitii-influenta-starii-afective-asupra-auto-si-hetero-atribuirii","status":"publish","type":"product","link":"https:\/\/editura-unibuc.ro\/en\/moralitate-emotii-si-cognitii-influenta-starii-afective-asupra-auto-si-hetero-atribuirii\/","title":{"rendered":"MORALITY, EMOTIONS AND COGNITION: THE INFLUENCE OF AFFECTIVE STATE ON SELF- AND HETERO-AWARDING"},"content":{"rendered":"<p>\u201eObiectul cercet\u0103rii prezente se afl\u0103 la confluen\u021ba dintre emo\u021bii morale, judec\u0103\u021bi morale \u0219i judec\u0103\u021bi cauzale. \u00cen primul capitol am prezentat sociologia moralit\u0103\u021bii, un domeniu nou ca titulatur\u0103, dar vechi ca preocupare intelectual\u0103. \u00cen cel de-al doilea capitol, am prezentat efectul Muhammad Ali \u0219i alte c\u00e2teva efecte asem\u0103n\u0103toare care relev\u0103 tendin\u021ba celor mai mul\u021bi dintre noi de a ne considera mai morali dec\u00e2t semenii no\u0219tri. Cel de al treilea capitol prezint\u0103 teoriile clasice ale atribuirilor, \u00eencep\u00e2nd cu teoria cauzalit\u0103\u021bii fenomonologice a lui Fritz Heider p\u00e2n\u0103 la o analiz\u0103 personal\u0103 a atribuirilor din perspectiva dramaturgic\u0103. Al patrulea capitol prezint\u0103 o serie de cercet\u0103ri concrete \u00een care emo\u021biile au fost teoretizate ca variabile independente. Ultimul capitol este dedicat cercet\u0103rii concrete realizate pe un num\u0103r de 570 de persoane.\u201d<\/p>","protected":false},"excerpt":{"rendered":"<p>\u201eObiectul cercet\u0103rii prezente se afl\u0103 la confluen\u021ba dintre emo\u021bii morale, judec\u0103\u021bi morale \u0219i judec\u0103\u021bi cauzale. \u00cen primul capitol am prezentat sociologia moralit\u0103\u021bii, un domeniu nou ca titulatur\u0103, dar vechi ca preocupare intelectual\u0103. \u00cen cel de-al doilea capitol, am prezentat efectul Muhammad Ali \u0219i alte c\u00e2teva efecte asem\u0103n\u0103toare care relev\u0103 tendin\u021ba celor mai mul\u021bi dintre noi [&hellip;]<\/p>\n","protected":false},"featured_media":12769,"comment_status":"open","ping_status":"closed","template":"","meta":[],"product_brand":[],"product_cat":[991,998],"product_tag":[1145,1146,1039],"class_list":{"0":"post-12768","1":"product","2":"type-product","3":"status-publish","4":"has-post-thumbnail","6":"product_cat-stiinte-sociale","7":"product_cat-sociologie-si-asistenta-sociala","8":"product_tag-emotie","9":"product_tag-moralitate","10":"product_tag-sociologie","12":"first","13":"instock","14":"shipping-taxable","15":"purchasable","16":"product-type-simple"},"_links":{"self":[{"href":"https:\/\/editura-unibuc.ro\/en\/wp-json\/wp\/v2\/product\/12768","targetHints":{"allow":["GET"]}}],"collection":[{"href":"https:\/\/editura-unibuc.ro\/en\/wp-json\/wp\/v2\/product"}],"about":[{"href":"https:\/\/editura-unibuc.ro\/en\/wp-json\/wp\/v2\/types\/product"}],"replies":[{"embeddable":true,"href":"https:\/\/editura-unibuc.ro\/en\/wp-json\/wp\/v2\/comments?post=12768"}],"wp:featuredmedia":[{"embeddable":true,"href":"https:\/\/editura-unibuc.ro\/en\/wp-json\/wp\/v2\/media\/12769"}],"wp:attachment":[{"href":"https:\/\/editura-unibuc.ro\/en\/wp-json\/wp\/v2\/media?parent=12768"}],"wp:term":[{"taxonomy":"product_brand","embeddable":true,"href":"https:\/\/editura-unibuc.ro\/en\/wp-json\/wp\/v2\/product_brand?post=12768"},{"taxonomy":"product_cat","embeddable":true,"href":"https:\/\/editura-unibuc.ro\/en\/wp-json\/wp\/v2\/product_cat?post=12768"},{"taxonomy":"product_tag","embeddable":true,"href":"https:\/\/editura-unibuc.ro\/en\/wp-json\/wp\/v2\/product_tag?post=12768"}],"curies":[{"name":"wp","href":"https:\/\/api.w.org\/{rel}","templated":true}]}}