{"id":12796,"date":"2014-04-29T13:12:05","date_gmt":"2014-04-29T10:12:05","guid":{"rendered":"https:\/\/editura-unibuc.ro\/?p=12796"},"modified":"2015-03-13T01:25:25","modified_gmt":"2015-03-12T23:25:25","slug":"pietre-pretioase-colorate","status":"publish","type":"product","link":"https:\/\/editura-unibuc.ro\/en\/pietre-pretioase-colorate\/","title":{"rendered":"COLORED GEMSTONES"},"content":{"rendered":"<p>\u201eAceast\u0103 lucrare a fost g\u00e2ndit\u0103 ca un ghid de referin\u021b\u0103 la \u00eendem\u00e2na designerilor, a creatorilor de bijuterii, dar \u0219i a publicului interesat de acest domeniu. Un instrument care \u00eel poate ajuta pe creatorul de bijuterie \u00een alegerea pietrelor cu care lucreaz\u0103, cunosc\u00e2nd calit\u0103\u021bile cele mai apreciate, vulnerabilit\u0103\u021bile, disponibilitatea sau sursele de procurare\u201d.<\/p>\n","protected":false},"excerpt":{"rendered":"<p>\u201eAceast\u0103 lucrare a fost g\u00e2ndit\u0103 ca un ghid de referin\u021b\u0103 la \u00eendem\u00e2na designerilor, a creatorilor de bijuterii, dar \u0219i a publicului interesat de acest domeniu. Un instrument care \u00eel poate ajuta pe creatorul de bijuterie \u00een alegerea pietrelor cu care lucreaz\u0103, cunosc\u00e2nd calit\u0103\u021bile cele mai apreciate, vulnerabilit\u0103\u021bile, disponibilitatea sau sursele de procurare\u201d.<\/p>\n","protected":false},"featured_media":12797,"comment_status":"open","ping_status":"closed","template":"","meta":[],"product_brand":[],"product_cat":[1466,990],"product_tag":[909,1144],"class_list":{"0":"post-12796","1":"product","2":"type-product","3":"status-publish","4":"has-post-thumbnail","6":"product_cat-stiinte-ale-naturii","7":"product_cat-geologie","8":"product_tag-geologie","9":"product_tag-pietre-pretioase","11":"first","12":"outofstock","13":"shipping-taxable","14":"purchasable","15":"product-type-simple"},"_links":{"self":[{"href":"https:\/\/editura-unibuc.ro\/en\/wp-json\/wp\/v2\/product\/12796","targetHints":{"allow":["GET"]}}],"collection":[{"href":"https:\/\/editura-unibuc.ro\/en\/wp-json\/wp\/v2\/product"}],"about":[{"href":"https:\/\/editura-unibuc.ro\/en\/wp-json\/wp\/v2\/types\/product"}],"replies":[{"embeddable":true,"href":"https:\/\/editura-unibuc.ro\/en\/wp-json\/wp\/v2\/comments?post=12796"}],"wp:featuredmedia":[{"embeddable":true,"href":"https:\/\/editura-unibuc.ro\/en\/wp-json\/wp\/v2\/media\/12797"}],"wp:attachment":[{"href":"https:\/\/editura-unibuc.ro\/en\/wp-json\/wp\/v2\/media?parent=12796"}],"wp:term":[{"taxonomy":"product_brand","embeddable":true,"href":"https:\/\/editura-unibuc.ro\/en\/wp-json\/wp\/v2\/product_brand?post=12796"},{"taxonomy":"product_cat","embeddable":true,"href":"https:\/\/editura-unibuc.ro\/en\/wp-json\/wp\/v2\/product_cat?post=12796"},{"taxonomy":"product_tag","embeddable":true,"href":"https:\/\/editura-unibuc.ro\/en\/wp-json\/wp\/v2\/product_tag?post=12796"}],"curies":[{"name":"wp","href":"https:\/\/api.w.org\/{rel}","templated":true}]}}