{"id":12799,"date":"2014-05-07T16:36:01","date_gmt":"2014-05-07T13:36:01","guid":{"rendered":"https:\/\/editura-unibuc.ro\/?p=12799"},"modified":"2016-02-18T15:09:58","modified_gmt":"2016-02-18T13:09:58","slug":"sapientia-et-scientia-honorem-luciae-wald","status":"publish","type":"product","link":"https:\/\/editura-unibuc.ro\/en\/sapientia-et-scientia-honorem-luciae-wald\/","title":{"rendered":"SAPIENTIA ET SCIENTIA: IN HONOREM LUCIAE WALD"},"content":{"rendered":"<p>\u201eVolumul de fa\u021b\u0103 este un omagiu adus unui mare Profesor \u0219i unui mare Pedagog, purt\u0103tor de f\u0103clie \u00een universul \u0219tiin\u021bei filologice \u0219i care asemenea unei p\u0103s\u0103ri Phoenix, a ren\u0103scut, de fiecare dat\u0103, cu \u00een\u021belepciune, din propriile suferin\u021be. Majoritatea autorilor sunt tineri \u0219i foarte tineri cercet\u0103tori care au dorit s\u0103 se numere printre cei care o s\u0103rb\u0103toresc pe Doamna Profesoar\u0103. Varietatea tematic\u0103 a studiilor inserate \u00een acest volum reflect\u0103 multiplele domenii la a c\u0103ror dezvoltare a contribuit, prin operele Sale, Doamna Profesor Lucia Wald\u201d.<\/p>\n","protected":false},"excerpt":{"rendered":"<p>\u201eVolumul de fa\u021b\u0103 este un omagiu adus unui mare Profesor \u0219i unui mare Pedagog, purt\u0103tor de f\u0103clie \u00een universul \u0219tiin\u021bei filologice \u0219i care asemenea unei p\u0103s\u0103ri Phoenix, a ren\u0103scut, de fiecare dat\u0103, cu \u00een\u021belepciune, din propriile suferin\u021be. Majoritatea autorilor sunt tineri \u0219i foarte tineri cercet\u0103tori care au dorit s\u0103 se numere printre cei care o [&hellip;]<\/p>\n","protected":false},"featured_media":12800,"comment_status":"open","ping_status":"closed","template":"","meta":[],"product_brand":[],"product_cat":[1464,980],"product_tag":[971,972],"class_list":{"0":"post-12799","1":"product","2":"type-product","3":"status-publish","4":"has-post-thumbnail","6":"product_cat-filologie","7":"product_cat-limbi-romanice-clasice-si-orientale","8":"product_tag-in-honorem","9":"product_tag-wald","11":"first","12":"instock","13":"shipping-taxable","14":"purchasable","15":"product-type-simple"},"_links":{"self":[{"href":"https:\/\/editura-unibuc.ro\/en\/wp-json\/wp\/v2\/product\/12799","targetHints":{"allow":["GET"]}}],"collection":[{"href":"https:\/\/editura-unibuc.ro\/en\/wp-json\/wp\/v2\/product"}],"about":[{"href":"https:\/\/editura-unibuc.ro\/en\/wp-json\/wp\/v2\/types\/product"}],"replies":[{"embeddable":true,"href":"https:\/\/editura-unibuc.ro\/en\/wp-json\/wp\/v2\/comments?post=12799"}],"wp:featuredmedia":[{"embeddable":true,"href":"https:\/\/editura-unibuc.ro\/en\/wp-json\/wp\/v2\/media\/12800"}],"wp:attachment":[{"href":"https:\/\/editura-unibuc.ro\/en\/wp-json\/wp\/v2\/media?parent=12799"}],"wp:term":[{"taxonomy":"product_brand","embeddable":true,"href":"https:\/\/editura-unibuc.ro\/en\/wp-json\/wp\/v2\/product_brand?post=12799"},{"taxonomy":"product_cat","embeddable":true,"href":"https:\/\/editura-unibuc.ro\/en\/wp-json\/wp\/v2\/product_cat?post=12799"},{"taxonomy":"product_tag","embeddable":true,"href":"https:\/\/editura-unibuc.ro\/en\/wp-json\/wp\/v2\/product_tag?post=12799"}],"curies":[{"name":"wp","href":"https:\/\/api.w.org\/{rel}","templated":true}]}}