{"id":12802,"date":"2014-05-07T16:41:30","date_gmt":"2014-05-07T13:41:30","guid":{"rendered":"https:\/\/editura-unibuc.ro\/?p=12802"},"modified":"2024-04-10T09:47:26","modified_gmt":"2024-04-10T06:47:26","slug":"terra-aliena-lesilio-degli-intellettuali-europei","status":"publish","type":"product","link":"https:\/\/editura-unibuc.ro\/en\/terra-aliena-lesilio-degli-intellettuali-europei\/","title":{"rendered":"ALIEN EARTH-THE EXILE OF EUROPEAN INTELLECTUALS"},"content":{"rendered":"<p>Prezentul volum adun\u0103 \u00een paginile sale lucr\u0103rile sus\u021binute la Colocviul interna\u021bional, organizat la Padova \u0219i Venezia \u00een 2012, despre <em>Exilul intelectualilor europeni<\/em>. \u00cen total, Cuprinsul c\u0103r\u021bii adun\u0103 18 eseuri semnate de cercet\u0103tori rom\u00e2ni, italieni, francezi. <em>Exil \u0219i literatur\u0103: un secol \u0219i jum\u0103tate de scriitori de limb\u0103 francez\u0103 veni\u021bi din sud-estul Europei, Valoarea creativ\u0103 a exilului: limpezirea identit\u0103\u021bii literare prin schimbarea limbii, \u00censtr\u0103inare \u0219i autotraducere: c\u00e2teva observa\u021bii despre exilul lingvistic al lui Paul Celan<\/em> sunt doar c\u00e2teva dintre titlurile cuprinse \u00een volum.<\/p>","protected":false},"excerpt":{"rendered":"<p>Prezentul volum adun\u0103 \u00een paginile sale lucr\u0103rile sus\u021binute la Colocviul interna\u021bional, organizat la Padova \u0219i Venezia \u00een 2012, despre Exilul intelectualilor europeni. \u00cen total, Cuprinsul c\u0103r\u021bii adun\u0103 18 eseuri semnate de cercet\u0103tori rom\u00e2ni, italieni, francezi. Exil \u0219i literatur\u0103: un secol \u0219i jum\u0103tate de scriitori de limb\u0103 francez\u0103 veni\u021bi din sud-estul Europei, Valoarea creativ\u0103 a exilului: [&hellip;]<\/p>\n","protected":false},"featured_media":12804,"comment_status":"open","ping_status":"closed","template":"","meta":[],"product_brand":[],"product_cat":[1464,980],"product_tag":[1140,924],"class_list":{"0":"post-12802","1":"product","2":"type-product","3":"status-publish","4":"has-post-thumbnail","6":"product_cat-filologie","7":"product_cat-limbi-romanice-clasice-si-orientale","8":"product_tag-exil","9":"product_tag-italiana","11":"first","12":"instock","13":"shipping-taxable","14":"purchasable","15":"product-type-simple"},"_links":{"self":[{"href":"https:\/\/editura-unibuc.ro\/en\/wp-json\/wp\/v2\/product\/12802","targetHints":{"allow":["GET"]}}],"collection":[{"href":"https:\/\/editura-unibuc.ro\/en\/wp-json\/wp\/v2\/product"}],"about":[{"href":"https:\/\/editura-unibuc.ro\/en\/wp-json\/wp\/v2\/types\/product"}],"replies":[{"embeddable":true,"href":"https:\/\/editura-unibuc.ro\/en\/wp-json\/wp\/v2\/comments?post=12802"}],"wp:featuredmedia":[{"embeddable":true,"href":"https:\/\/editura-unibuc.ro\/en\/wp-json\/wp\/v2\/media\/12804"}],"wp:attachment":[{"href":"https:\/\/editura-unibuc.ro\/en\/wp-json\/wp\/v2\/media?parent=12802"}],"wp:term":[{"taxonomy":"product_brand","embeddable":true,"href":"https:\/\/editura-unibuc.ro\/en\/wp-json\/wp\/v2\/product_brand?post=12802"},{"taxonomy":"product_cat","embeddable":true,"href":"https:\/\/editura-unibuc.ro\/en\/wp-json\/wp\/v2\/product_cat?post=12802"},{"taxonomy":"product_tag","embeddable":true,"href":"https:\/\/editura-unibuc.ro\/en\/wp-json\/wp\/v2\/product_tag?post=12802"}],"curies":[{"name":"wp","href":"https:\/\/api.w.org\/{rel}","templated":true}]}}