{"id":12824,"date":"2014-05-15T17:14:42","date_gmt":"2014-05-15T14:14:42","guid":{"rendered":"https:\/\/editura-unibuc.ro\/?p=12824"},"modified":"2019-06-06T10:49:25","modified_gmt":"2019-06-06T07:49:25","slug":"lectii-de-mecanica-cuantica","status":"publish","type":"product","link":"https:\/\/editura-unibuc.ro\/en\/lectii-de-mecanica-cuantica\/","title":{"rendered":"LESSONS IN QUANTUM MECHANICS"},"content":{"rendered":"<p>\u201cLucrarea de fa\u021b\u0103 se adreseaz\u0103 studen\u021bilor din anul al doilea al Facult\u0103\u021bii de Fizic\u0103, pe care un nou program de \u00eenv\u0103\u021b\u0103m\u00e2nt \u00eei aduce \u00een contact cu fizica cuantic\u0103 mai devreme dec\u00e2t \u00een ultimii dou\u0103zeci de ani. O pozi\u021bie asem\u0103n\u0103toare a mecanicii cuantice a mai existat \u00een planul de \u00eenv\u0103\u021b\u0103m\u00e2nt, \u00eencep\u00e2nd cu anul universitar 1979\/1980 \u0219i p\u00e2n\u0103 \u00een anul universitar 1986\/1987. Pe parcursul a nou\u0103 capitole lucrarea de fa\u021b\u0103 \u00ee\u0219i propune s\u0103 transmit\u0103 cititorului cuno\u0219tin\u021bele de baz\u0103 care constituie mecanica cuantic\u0103 nerelativist\u0103\u201d.<\/p>","protected":false},"excerpt":{"rendered":"<p>\u201cLucrarea de fa\u021b\u0103 se adreseaz\u0103 studen\u021bilor din anul al doilea al Facult\u0103\u021bii de Fizic\u0103, pe care un nou program de \u00eenv\u0103\u021b\u0103m\u00e2nt \u00eei aduce \u00een contact cu fizica cuantic\u0103 mai devreme dec\u00e2t \u00een ultimii dou\u0103zeci de ani. O pozi\u021bie asem\u0103n\u0103toare a mecanicii cuantice a mai existat \u00een planul de \u00eenv\u0103\u021b\u0103m\u00e2nt, \u00eencep\u00e2nd cu anul universitar 1979\/1980 \u0219i [&hellip;]<\/p>\n","protected":false},"featured_media":12825,"comment_status":"open","ping_status":"closed","template":"","meta":[],"product_brand":[],"product_cat":[982,984],"product_tag":[1138,908,1139],"class_list":{"0":"post-12824","1":"product","2":"type-product","3":"status-publish","4":"has-post-thumbnail","6":"product_cat-stiinte-exacte","7":"product_cat-fizica","8":"product_tag-cuantica","9":"product_tag-fizica","10":"product_tag-mecanica-cuantica","12":"first","13":"outofstock","14":"shipping-taxable","15":"purchasable","16":"product-type-simple"},"_links":{"self":[{"href":"https:\/\/editura-unibuc.ro\/en\/wp-json\/wp\/v2\/product\/12824","targetHints":{"allow":["GET"]}}],"collection":[{"href":"https:\/\/editura-unibuc.ro\/en\/wp-json\/wp\/v2\/product"}],"about":[{"href":"https:\/\/editura-unibuc.ro\/en\/wp-json\/wp\/v2\/types\/product"}],"replies":[{"embeddable":true,"href":"https:\/\/editura-unibuc.ro\/en\/wp-json\/wp\/v2\/comments?post=12824"}],"wp:featuredmedia":[{"embeddable":true,"href":"https:\/\/editura-unibuc.ro\/en\/wp-json\/wp\/v2\/media\/12825"}],"wp:attachment":[{"href":"https:\/\/editura-unibuc.ro\/en\/wp-json\/wp\/v2\/media?parent=12824"}],"wp:term":[{"taxonomy":"product_brand","embeddable":true,"href":"https:\/\/editura-unibuc.ro\/en\/wp-json\/wp\/v2\/product_brand?post=12824"},{"taxonomy":"product_cat","embeddable":true,"href":"https:\/\/editura-unibuc.ro\/en\/wp-json\/wp\/v2\/product_cat?post=12824"},{"taxonomy":"product_tag","embeddable":true,"href":"https:\/\/editura-unibuc.ro\/en\/wp-json\/wp\/v2\/product_tag?post=12824"}],"curies":[{"name":"wp","href":"https:\/\/api.w.org\/{rel}","templated":true}]}}