{"id":12837,"date":"2014-05-21T15:46:06","date_gmt":"2014-05-21T12:46:06","guid":{"rendered":"https:\/\/editura-unibuc.ro\/?p=12837"},"modified":"2015-03-13T01:20:00","modified_gmt":"2015-03-12T23:20:00","slug":"deceniul-lui-bin-laden-surse-de-tensiune-era-post-11-septembrie","status":"publish","type":"product","link":"https:\/\/editura-unibuc.ro\/en\/deceniul-lui-bin-laden-surse-de-tensiune-era-post-11-septembrie\/","title":{"rendered":"DECADE OF BIN LADEN: SOURCES OF TENSIONS IN THE POST 9\/11 ERA"},"content":{"rendered":"<p>\u201eZ\u0103bovind asupra tezei lui Huntington, autorul constat\u0103 c\u0103, \u00een lumea de azi, factorul cultural are un rol \u00eensemnat \u00een determinarea peisajului beligen, dar \u201eciocnirea civiliza\u021biilor\u201d nu se valideaz\u0103 teoretic [\u2026] Ceea ce se cuvine spus este c\u0103 Mircea Marin are \u0219i metod\u0103 \u0219i ipoteze de lucru \u2013 ambele \u00eentemeiate pe o orientare teoretic\u0103 solid\u0103 -, pe care caut\u0103 s\u0103 le valorifice prin utilizarea unei \u00eentinse bibliografii \u0219i \u00een \u00eenf\u0103\u021bi\u0219area unor studii de caz relevante prin am\u0103nunte \u0219i semnifica\u021bii.\u201d Prof. Univ. Dr. Mihail E. Ionescu<\/p>\n","protected":false},"excerpt":{"rendered":"<p>\u201eZ\u0103bovind asupra tezei lui Huntington, autorul constat\u0103 c\u0103, \u00een lumea de azi, factorul cultural are un rol \u00eensemnat \u00een determinarea peisajului beligen, dar \u201eciocnirea civiliza\u021biilor\u201d nu se valideaz\u0103 teoretic [\u2026] Ceea ce se cuvine spus este c\u0103 Mircea Marin are \u0219i metod\u0103 \u0219i ipoteze de lucru \u2013 ambele \u00eentemeiate pe o orientare teoretic\u0103 solid\u0103 -, [&hellip;]<\/p>\n","protected":false},"featured_media":12838,"comment_status":"open","ping_status":"closed","template":"","meta":[],"product_brand":[],"product_cat":[991,995],"product_tag":[1136,1097],"class_list":{"0":"post-12837","1":"product","2":"type-product","3":"status-publish","4":"has-post-thumbnail","6":"product_cat-stiinte-sociale","7":"product_cat-istorie-stiinte-politice","8":"product_tag-bin-laden","9":"product_tag-stiinte-politice","11":"first","12":"outofstock","13":"shipping-taxable","14":"purchasable","15":"product-type-simple"},"_links":{"self":[{"href":"https:\/\/editura-unibuc.ro\/en\/wp-json\/wp\/v2\/product\/12837","targetHints":{"allow":["GET"]}}],"collection":[{"href":"https:\/\/editura-unibuc.ro\/en\/wp-json\/wp\/v2\/product"}],"about":[{"href":"https:\/\/editura-unibuc.ro\/en\/wp-json\/wp\/v2\/types\/product"}],"replies":[{"embeddable":true,"href":"https:\/\/editura-unibuc.ro\/en\/wp-json\/wp\/v2\/comments?post=12837"}],"wp:featuredmedia":[{"embeddable":true,"href":"https:\/\/editura-unibuc.ro\/en\/wp-json\/wp\/v2\/media\/12838"}],"wp:attachment":[{"href":"https:\/\/editura-unibuc.ro\/en\/wp-json\/wp\/v2\/media?parent=12837"}],"wp:term":[{"taxonomy":"product_brand","embeddable":true,"href":"https:\/\/editura-unibuc.ro\/en\/wp-json\/wp\/v2\/product_brand?post=12837"},{"taxonomy":"product_cat","embeddable":true,"href":"https:\/\/editura-unibuc.ro\/en\/wp-json\/wp\/v2\/product_cat?post=12837"},{"taxonomy":"product_tag","embeddable":true,"href":"https:\/\/editura-unibuc.ro\/en\/wp-json\/wp\/v2\/product_tag?post=12837"}],"curies":[{"name":"wp","href":"https:\/\/api.w.org\/{rel}","templated":true}]}}