{"id":12850,"date":"2014-05-21T16:06:02","date_gmt":"2014-05-21T13:06:02","guid":{"rendered":"https:\/\/editura-unibuc.ro\/?p=12850"},"modified":"2019-12-03T12:15:14","modified_gmt":"2019-12-03T10:15:14","slug":"istoria-literaturii-sarbe-vechi","status":"publish","type":"product","link":"https:\/\/editura-unibuc.ro\/en\/istoria-literaturii-sarbe-vechi\/","title":{"rendered":"HISTORY OF OLD SERBIAN LITERATURE"},"content":{"rendered":"<p>\u201eVolumul de fa\u021b\u0103 \u00eenm\u0103nunchiaz\u0103 prelegerile de literatur\u0103 s\u00e2rb\u0103 veche \u021binute \u2013 \u00een decursul a mai multor ani \u2013 \u00een fa\u021ba studen\u021bilor. Preg\u0103tind materialul \u00een vederea public\u0103rii, am urm\u0103rit s\u0103 complet\u0103m \u0219i s\u0103 sistematiz\u0103m discursul narativ, f\u0103c\u00e2ndu-l util unui cerc cat mai larg de cititori.\u201d<\/p>","protected":false},"excerpt":{"rendered":"<p>\u201eVolumul de fa\u021b\u0103 \u00eenm\u0103nunchiaz\u0103 prelegerile de literatur\u0103 s\u00e2rb\u0103 veche \u021binute \u2013 \u00een decursul a mai multor ani \u2013 \u00een fa\u021ba studen\u021bilor. Preg\u0103tind materialul \u00een vederea public\u0103rii, am urm\u0103rit s\u0103 complet\u0103m \u0219i s\u0103 sistematiz\u0103m discursul narativ, f\u0103c\u00e2ndu-l util unui cerc cat mai larg de cititori.\u201d<\/p>\n","protected":false},"featured_media":12851,"comment_status":"open","ping_status":"closed","template":"","meta":[],"product_brand":[],"product_cat":[1464,981],"product_tag":[919,947],"class_list":{"0":"post-12850","1":"product","2":"type-product","3":"status-publish","4":"has-post-thumbnail","6":"product_cat-filologie","7":"product_cat-limbi-slave","8":"product_tag-literatura","9":"product_tag-sarba","11":"first","12":"instock","13":"shipping-taxable","14":"purchasable","15":"product-type-simple"},"_links":{"self":[{"href":"https:\/\/editura-unibuc.ro\/en\/wp-json\/wp\/v2\/product\/12850","targetHints":{"allow":["GET"]}}],"collection":[{"href":"https:\/\/editura-unibuc.ro\/en\/wp-json\/wp\/v2\/product"}],"about":[{"href":"https:\/\/editura-unibuc.ro\/en\/wp-json\/wp\/v2\/types\/product"}],"replies":[{"embeddable":true,"href":"https:\/\/editura-unibuc.ro\/en\/wp-json\/wp\/v2\/comments?post=12850"}],"wp:featuredmedia":[{"embeddable":true,"href":"https:\/\/editura-unibuc.ro\/en\/wp-json\/wp\/v2\/media\/12851"}],"wp:attachment":[{"href":"https:\/\/editura-unibuc.ro\/en\/wp-json\/wp\/v2\/media?parent=12850"}],"wp:term":[{"taxonomy":"product_brand","embeddable":true,"href":"https:\/\/editura-unibuc.ro\/en\/wp-json\/wp\/v2\/product_brand?post=12850"},{"taxonomy":"product_cat","embeddable":true,"href":"https:\/\/editura-unibuc.ro\/en\/wp-json\/wp\/v2\/product_cat?post=12850"},{"taxonomy":"product_tag","embeddable":true,"href":"https:\/\/editura-unibuc.ro\/en\/wp-json\/wp\/v2\/product_tag?post=12850"}],"curies":[{"name":"wp","href":"https:\/\/api.w.org\/{rel}","templated":true}]}}