{"id":12880,"date":"2014-06-02T14:37:10","date_gmt":"2014-06-02T11:37:10","guid":{"rendered":"https:\/\/editura-unibuc.ro\/?p=12880"},"modified":"2017-05-02T10:27:15","modified_gmt":"2017-05-02T07:27:15","slug":"misterioasele-fatete-ale-jocului-teorie-si-practica","status":"publish","type":"product","link":"https:\/\/editura-unibuc.ro\/en\/misterioasele-fatete-ale-jocului-teorie-si-practica\/","title":{"rendered":"THE MYSTERIOUS FACETS OF THE GAME: THEORY AND PRACTICE"},"content":{"rendered":"<p>\u201cMariana Popa a f\u0103cut o sintez\u0103 bogat\u0103 \u0219i interesant\u0103 privind caracteristicile jocului \u00een toate fazele de dezvoltare subliniind aportul formativ al jocului \u0219i evolu\u021bia lui \u00een dou\u0103 direc\u021bii \u2013 una spre lumea exterioar\u0103, spre via\u021ba concret\u0103 \u0219i evolu\u021bia jocului spre via\u021ba interioar\u0103. Se expun aspecte mai ales ale evolu\u021biei jocului \u00een structurarea personalit\u0103\u021bii.\u201d<\/p>\n","protected":false},"excerpt":{"rendered":"<p>\u201cMariana Popa a f\u0103cut o sintez\u0103 bogat\u0103 \u0219i interesant\u0103 privind caracteristicile jocului \u00een toate fazele de dezvoltare subliniind aportul formativ al jocului \u0219i evolu\u021bia lui \u00een dou\u0103 direc\u021bii \u2013 una spre lumea exterioar\u0103, spre via\u021ba concret\u0103 \u0219i evolu\u021bia jocului spre via\u021ba interioar\u0103. Se expun aspecte mai ales ale evolu\u021biei jocului \u00een structurarea personalit\u0103\u021bii.\u201d<\/p>\n","protected":false},"featured_media":12882,"comment_status":"open","ping_status":"closed","template":"","meta":[],"product_brand":[],"product_cat":[991,997],"product_tag":[1128,1129,1111],"class_list":{"0":"post-12880","1":"product","2":"type-product","3":"status-publish","4":"has-post-thumbnail","6":"product_cat-stiinte-sociale","7":"product_cat-psihologie-stiintele-educatiei-si-pedagogie","8":"product_tag-jocul","9":"product_tag-mister","10":"product_tag-psihologie","12":"first","13":"outofstock","14":"shipping-taxable","15":"purchasable","16":"product-type-simple"},"_links":{"self":[{"href":"https:\/\/editura-unibuc.ro\/en\/wp-json\/wp\/v2\/product\/12880","targetHints":{"allow":["GET"]}}],"collection":[{"href":"https:\/\/editura-unibuc.ro\/en\/wp-json\/wp\/v2\/product"}],"about":[{"href":"https:\/\/editura-unibuc.ro\/en\/wp-json\/wp\/v2\/types\/product"}],"replies":[{"embeddable":true,"href":"https:\/\/editura-unibuc.ro\/en\/wp-json\/wp\/v2\/comments?post=12880"}],"wp:featuredmedia":[{"embeddable":true,"href":"https:\/\/editura-unibuc.ro\/en\/wp-json\/wp\/v2\/media\/12882"}],"wp:attachment":[{"href":"https:\/\/editura-unibuc.ro\/en\/wp-json\/wp\/v2\/media?parent=12880"}],"wp:term":[{"taxonomy":"product_brand","embeddable":true,"href":"https:\/\/editura-unibuc.ro\/en\/wp-json\/wp\/v2\/product_brand?post=12880"},{"taxonomy":"product_cat","embeddable":true,"href":"https:\/\/editura-unibuc.ro\/en\/wp-json\/wp\/v2\/product_cat?post=12880"},{"taxonomy":"product_tag","embeddable":true,"href":"https:\/\/editura-unibuc.ro\/en\/wp-json\/wp\/v2\/product_tag?post=12880"}],"curies":[{"name":"wp","href":"https:\/\/api.w.org\/{rel}","templated":true}]}}