{"id":12914,"date":"2014-06-10T16:24:15","date_gmt":"2014-06-10T13:24:15","guid":{"rendered":"https:\/\/editura-unibuc.ro\/?p=12914"},"modified":"2018-01-14T16:33:18","modified_gmt":"2018-01-14T14:33:18","slug":"ghid-de-conversatie-roman-polon","status":"publish","type":"product","link":"https:\/\/editura-unibuc.ro\/en\/ghid-de-conversatie-roman-polon\/","title":{"rendered":"ROMANIAN-POLISH PHRASEBOOK"},"content":{"rendered":"<p>Volumul de fa\u021b\u0103 reprezint\u0103 un instrument folositor, at\u00e2t studen\u021bilor de la Facultatea de limbi str\u0103ine, c\u00e2t \u0219i oric\u0103rei persoane care dore\u0219te s\u0103 \u00eenve\u021be expresii uzuale \u00een limba polonez\u0103.<\/p>","protected":false},"excerpt":{"rendered":"<p>Volumul de fa\u021b\u0103 reprezint\u0103 un instrument folositor, at\u00e2t studen\u021bilor de la Facultatea de limbi str\u0103ine, c\u00e2t \u0219i oric\u0103rei persoane care dore\u0219te s\u0103 \u00eenve\u021be expresii uzuale \u00een limba polonez\u0103.<\/p>\n","protected":false},"featured_media":12915,"comment_status":"open","ping_status":"closed","template":"","meta":[],"product_brand":[],"product_cat":[1464,981],"product_tag":[1122,1123],"class_list":{"0":"post-12914","1":"product","2":"type-product","3":"status-publish","4":"has-post-thumbnail","6":"product_cat-filologie","7":"product_cat-limbi-slave","8":"product_tag-ghid","9":"product_tag-limba-polona","11":"first","12":"outofstock","13":"shipping-taxable","14":"purchasable","15":"product-type-simple"},"_links":{"self":[{"href":"https:\/\/editura-unibuc.ro\/en\/wp-json\/wp\/v2\/product\/12914","targetHints":{"allow":["GET"]}}],"collection":[{"href":"https:\/\/editura-unibuc.ro\/en\/wp-json\/wp\/v2\/product"}],"about":[{"href":"https:\/\/editura-unibuc.ro\/en\/wp-json\/wp\/v2\/types\/product"}],"replies":[{"embeddable":true,"href":"https:\/\/editura-unibuc.ro\/en\/wp-json\/wp\/v2\/comments?post=12914"}],"wp:featuredmedia":[{"embeddable":true,"href":"https:\/\/editura-unibuc.ro\/en\/wp-json\/wp\/v2\/media\/12915"}],"wp:attachment":[{"href":"https:\/\/editura-unibuc.ro\/en\/wp-json\/wp\/v2\/media?parent=12914"}],"wp:term":[{"taxonomy":"product_brand","embeddable":true,"href":"https:\/\/editura-unibuc.ro\/en\/wp-json\/wp\/v2\/product_brand?post=12914"},{"taxonomy":"product_cat","embeddable":true,"href":"https:\/\/editura-unibuc.ro\/en\/wp-json\/wp\/v2\/product_cat?post=12914"},{"taxonomy":"product_tag","embeddable":true,"href":"https:\/\/editura-unibuc.ro\/en\/wp-json\/wp\/v2\/product_tag?post=12914"}],"curies":[{"name":"wp","href":"https:\/\/api.w.org\/{rel}","templated":true}]}}