{"id":12916,"date":"2014-06-10T16:26:17","date_gmt":"2014-06-10T13:26:17","guid":{"rendered":"https:\/\/editura-unibuc.ro\/?p=12916"},"modified":"2022-07-22T20:32:29","modified_gmt":"2022-07-22T17:32:29","slug":"societate-ideologie-dictaturi","status":"publish","type":"product","link":"https:\/\/editura-unibuc.ro\/en\/societate-ideologie-dictaturi\/","title":{"rendered":"SOCIETY \u2013 IDEOLOGY \u2013 DICTATORSHIPS"},"content":{"rendered":"<p>\u201eVolumul \u00eenaintat de Florin M\u00fcller reprezint\u0103 mai mult dec\u00e2t o colec\u021bie de studii meritorii ce \u00eencearc\u0103, fiecare \u00een parte \u0219i toate \u00eempreun\u0103, s\u0103 r\u0103spund\u0103 unor \u00eentreb\u0103ri f\u0103r\u0103 r\u0103spuns \u00een istoria \u0219i istoriografia rom\u00e2neasc\u0103. Fiecare contribu\u021bie din acest volum reprezint\u0103 \u00een sine un deschiz\u0103tor de drum ce s-ar putea concretiza \u00een noi teze de doctorat sau lucr\u0103ri de specialitate.\u201d Prof. univ. dr. Mihai Chioveanu<\/p>","protected":false},"excerpt":{"rendered":"<p>\u201eVolumul \u00eenaintat de Florin M\u00fcller reprezint\u0103 mai mult dec\u00e2t o colec\u021bie de studii meritorii ce \u00eencearc\u0103, fiecare \u00een parte \u0219i toate \u00eempreun\u0103, s\u0103 r\u0103spund\u0103 unor \u00eentreb\u0103ri f\u0103r\u0103 r\u0103spuns \u00een istoria \u0219i istoriografia rom\u00e2neasc\u0103. Fiecare contribu\u021bie din acest volum reprezint\u0103 \u00een sine un deschiz\u0103tor de drum ce s-ar putea concretiza \u00een noi teze de doctorat sau [&hellip;]<\/p>\n","protected":false},"featured_media":12917,"comment_status":"open","ping_status":"closed","template":"","meta":[],"product_brand":[],"product_cat":[991,995],"product_tag":[1119,1120,1121],"class_list":{"0":"post-12916","1":"product","2":"type-product","3":"status-publish","4":"has-post-thumbnail","6":"product_cat-stiinte-sociale","7":"product_cat-istorie-stiinte-politice","8":"product_tag-dictatura","9":"product_tag-ideologie","10":"product_tag-societate","12":"first","13":"instock","14":"shipping-taxable","15":"purchasable","16":"product-type-simple"},"_links":{"self":[{"href":"https:\/\/editura-unibuc.ro\/en\/wp-json\/wp\/v2\/product\/12916","targetHints":{"allow":["GET"]}}],"collection":[{"href":"https:\/\/editura-unibuc.ro\/en\/wp-json\/wp\/v2\/product"}],"about":[{"href":"https:\/\/editura-unibuc.ro\/en\/wp-json\/wp\/v2\/types\/product"}],"replies":[{"embeddable":true,"href":"https:\/\/editura-unibuc.ro\/en\/wp-json\/wp\/v2\/comments?post=12916"}],"wp:featuredmedia":[{"embeddable":true,"href":"https:\/\/editura-unibuc.ro\/en\/wp-json\/wp\/v2\/media\/12917"}],"wp:attachment":[{"href":"https:\/\/editura-unibuc.ro\/en\/wp-json\/wp\/v2\/media?parent=12916"}],"wp:term":[{"taxonomy":"product_brand","embeddable":true,"href":"https:\/\/editura-unibuc.ro\/en\/wp-json\/wp\/v2\/product_brand?post=12916"},{"taxonomy":"product_cat","embeddable":true,"href":"https:\/\/editura-unibuc.ro\/en\/wp-json\/wp\/v2\/product_cat?post=12916"},{"taxonomy":"product_tag","embeddable":true,"href":"https:\/\/editura-unibuc.ro\/en\/wp-json\/wp\/v2\/product_tag?post=12916"}],"curies":[{"name":"wp","href":"https:\/\/api.w.org\/{rel}","templated":true}]}}