{"id":12948,"date":"2014-06-30T20:32:19","date_gmt":"2014-06-30T17:32:19","guid":{"rendered":"https:\/\/editura-unibuc.ro\/?p=12948"},"modified":"2015-03-13T00:57:34","modified_gmt":"2015-03-12T22:57:34","slug":"atena-sisau-ierusalim-eseuri-despre-relatia-dintre-stiinta-si-religie","status":"publish","type":"product","link":"https:\/\/editura-unibuc.ro\/en\/atena-sisau-ierusalim-eseuri-despre-relatia-dintre-stiinta-si-religie\/","title":{"rendered":"ATHENS AND\/OR JERUSALEM: ESSAYS ON THE RELATIONSHIP BETWEEN SCIENCE AND RELIGION"},"content":{"rendered":"<p>\u201eAtena \u0219i Ierusalim au devenit simbolice pentru dou\u0103 tradi\u021bii constitutive ale civiliza\u021biei europene. Gruparea celor treisprezece studii \u00een sec\u021biuni tematice s-a f\u0103cut pentru a conferi unitate volumului \u0219i a oferi cititorului posibilitatea unei lecturi sistematice. Majoritatea contribu\u021biilor au ca punct de plecare expunerile sus\u021binute \u00een cadrul celor dou\u0103 cursuri de var\u0103 organizate sub genericul \u00ab\u0219tiin\u021b\u0103, religie \u0219i filosofie\u00bb la Facultatea de Filosofie a Universit\u0103\u021bii din Bucure\u0219ti \u00een anii 2011 \u0219i 2012\u201d.<\/p>\n","protected":false},"excerpt":{"rendered":"<p>\u201eAtena \u0219i Ierusalim au devenit simbolice pentru dou\u0103 tradi\u021bii constitutive ale civiliza\u021biei europene. Gruparea celor treisprezece studii \u00een sec\u021biuni tematice s-a f\u0103cut pentru a conferi unitate volumului \u0219i a oferi cititorului posibilitatea unei lecturi sistematice. Majoritatea contribu\u021biilor au ca punct de plecare expunerile sus\u021binute \u00een cadrul celor dou\u0103 cursuri de var\u0103 organizate sub genericul \u00ab\u0219tiin\u021b\u0103, [&hellip;]<\/p>\n","protected":false},"featured_media":12949,"comment_status":"open","ping_status":"closed","template":"","meta":[],"product_brand":[],"product_cat":[991,994],"product_tag":[1115,1116,1067,961],"class_list":{"0":"post-12948","1":"product","2":"type-product","3":"status-publish","4":"has-post-thumbnail","6":"product_cat-stiinte-sociale","7":"product_cat-filosofie","8":"product_tag-atena","9":"product_tag-ierusalim","10":"product_tag-religie","11":"product_tag-stiinta","13":"first","14":"instock","15":"shipping-taxable","16":"purchasable","17":"product-type-simple"},"_links":{"self":[{"href":"https:\/\/editura-unibuc.ro\/en\/wp-json\/wp\/v2\/product\/12948","targetHints":{"allow":["GET"]}}],"collection":[{"href":"https:\/\/editura-unibuc.ro\/en\/wp-json\/wp\/v2\/product"}],"about":[{"href":"https:\/\/editura-unibuc.ro\/en\/wp-json\/wp\/v2\/types\/product"}],"replies":[{"embeddable":true,"href":"https:\/\/editura-unibuc.ro\/en\/wp-json\/wp\/v2\/comments?post=12948"}],"wp:featuredmedia":[{"embeddable":true,"href":"https:\/\/editura-unibuc.ro\/en\/wp-json\/wp\/v2\/media\/12949"}],"wp:attachment":[{"href":"https:\/\/editura-unibuc.ro\/en\/wp-json\/wp\/v2\/media?parent=12948"}],"wp:term":[{"taxonomy":"product_brand","embeddable":true,"href":"https:\/\/editura-unibuc.ro\/en\/wp-json\/wp\/v2\/product_brand?post=12948"},{"taxonomy":"product_cat","embeddable":true,"href":"https:\/\/editura-unibuc.ro\/en\/wp-json\/wp\/v2\/product_cat?post=12948"},{"taxonomy":"product_tag","embeddable":true,"href":"https:\/\/editura-unibuc.ro\/en\/wp-json\/wp\/v2\/product_tag?post=12948"}],"curies":[{"name":"wp","href":"https:\/\/api.w.org\/{rel}","templated":true}]}}