{"id":12950,"date":"2014-06-30T20:35:25","date_gmt":"2014-06-30T17:35:25","guid":{"rendered":"https:\/\/editura-unibuc.ro\/?p=12950"},"modified":"2024-04-11T11:14:57","modified_gmt":"2024-04-11T08:14:57","slug":"krunk-haiastani-manual-de-limba-armeana-curs-introductiv","status":"publish","type":"product","link":"https:\/\/editura-unibuc.ro\/en\/krunk-haiastani-manual-de-limba-armeana-curs-introductiv\/","title":{"rendered":"KRUNK HAIASTANI: ARMENIAN LANGUAGE: INTRODUCTORY COURSEBOOK"},"content":{"rendered":"<p>\u201ePrezentul curs de limb\u0103 armean\u0103 este conceput \u00een primul r\u00e2nd pentru armenii din diaspora care nu cunosc limba armean\u0103 \u0219i doresc s\u0103 o \u00eenve\u021be. Prezenta edi\u021bie a fost adaptat\u0103 pentru vorbitorii de limb\u0103 rom\u00e2n\u0103 \u00een str\u00e2ns\u0103 colaborare cu Iulia Postolachi, fiind revizuit\u0103 \u0219i completat\u0103 \u00een rezultatul aplic\u0103rii practice \u00een cadrul procesului real de predare.\u201d<\/p>\n","protected":false},"excerpt":{"rendered":"<p>\u201ePrezentul curs de limb\u0103 armean\u0103 este conceput \u00een primul r\u00e2nd pentru armenii din diaspora care nu cunosc limba armean\u0103 \u0219i doresc s\u0103 o \u00eenve\u021be. Prezenta edi\u021bie a fost adaptat\u0103 pentru vorbitorii de limb\u0103 rom\u00e2n\u0103 \u00een str\u00e2ns\u0103 colaborare cu Iulia Postolachi, fiind revizuit\u0103 \u0219i completat\u0103 \u00een rezultatul aplic\u0103rii practice \u00een cadrul procesului real de predare.\u201d<\/p>\n","protected":false},"featured_media":12951,"comment_status":"open","ping_status":"closed","template":"","meta":[],"product_brand":[],"product_cat":[1464,980],"product_tag":[1113,1114],"class_list":{"0":"post-12950","1":"product","2":"type-product","3":"status-publish","4":"has-post-thumbnail","6":"product_cat-filologie","7":"product_cat-limbi-romanice-clasice-si-orientale","8":"product_tag-armeana","9":"product_tag-manual","11":"first","12":"instock","13":"shipping-taxable","14":"purchasable","15":"product-type-simple"},"_links":{"self":[{"href":"https:\/\/editura-unibuc.ro\/en\/wp-json\/wp\/v2\/product\/12950","targetHints":{"allow":["GET"]}}],"collection":[{"href":"https:\/\/editura-unibuc.ro\/en\/wp-json\/wp\/v2\/product"}],"about":[{"href":"https:\/\/editura-unibuc.ro\/en\/wp-json\/wp\/v2\/types\/product"}],"replies":[{"embeddable":true,"href":"https:\/\/editura-unibuc.ro\/en\/wp-json\/wp\/v2\/comments?post=12950"}],"wp:featuredmedia":[{"embeddable":true,"href":"https:\/\/editura-unibuc.ro\/en\/wp-json\/wp\/v2\/media\/12951"}],"wp:attachment":[{"href":"https:\/\/editura-unibuc.ro\/en\/wp-json\/wp\/v2\/media?parent=12950"}],"wp:term":[{"taxonomy":"product_brand","embeddable":true,"href":"https:\/\/editura-unibuc.ro\/en\/wp-json\/wp\/v2\/product_brand?post=12950"},{"taxonomy":"product_cat","embeddable":true,"href":"https:\/\/editura-unibuc.ro\/en\/wp-json\/wp\/v2\/product_cat?post=12950"},{"taxonomy":"product_tag","embeddable":true,"href":"https:\/\/editura-unibuc.ro\/en\/wp-json\/wp\/v2\/product_tag?post=12950"}],"curies":[{"name":"wp","href":"https:\/\/api.w.org\/{rel}","templated":true}]}}