{"id":12953,"date":"2014-06-30T20:38:15","date_gmt":"2014-06-30T17:38:15","guid":{"rendered":"https:\/\/editura-unibuc.ro\/?p=12953"},"modified":"2015-10-27T13:23:11","modified_gmt":"2015-10-27T11:23:11","slug":"studia-politica-romanian-political-science-review-vol-xiv-1-2014","status":"publish","type":"product","link":"https:\/\/editura-unibuc.ro\/en\/studia-politica-romanian-political-science-review-vol-xiv-1-2014\/","title":{"rendered":"STUDIA POLITICA. ROMANIAN POLITICAL SCIENCE REVIEW. VOL. XIV, NO. 1, 2014"},"content":{"rendered":"<p>Articole: Ramona Coman, Amandine Crespy, <i>A Critical Assesment of the Concept of Europeanization in Light of the State of the Union<\/i>; Florin N. Fe\u0219nic, Oana I. Armeanu, <i>Does Education Make Voters More Leftist of More Rightist? A West vs. East Cross-Regional Analysis<\/i>; Ionu\u021b Apahideanu, <i>Unicameralism versus Bicameralism Revisited. The Case of Romania<\/i>; D\u0103nu\u021b-Florin Sandovici, Republicile non-arabe din Orientul Mijlociu. Orient\u0103ri geopolitice \u0219i de securitate \u00een perioada post-R\u0103zboiul Rece; Raluca Alexandrescu, <i>Libert\u00e9, ordre et gouvernement, entre Anciens ei Modernes. Du mod\u00e8le politique roumain (1821-1830)<\/i>. Recenzii : Mauro Calise<i>, Fourigioco. La sinistra contro i suoi leader<\/i>, Laterza, Roma-Bari, 2013 (Alexandra Ionescu) ; Fabio Bordignon, <i>Il partido del capo. Da Berlusconi a Renzi<\/i>, Maggioli Editore, Santarcangelo di Romagna, 2013 (Sorina Soare).<\/p>","protected":false},"excerpt":{"rendered":"<p>Articole: Ramona Coman, Amandine Crespy, A Critical Assesment of the Concept of Europeanization in Light of the State of the Union; Florin N. Fe\u0219nic, Oana I. Armeanu, Does Education Make Voters More Leftist of More Rightist? A West vs. East Cross-Regional Analysis; Ionu\u021b Apahideanu, Unicameralism versus Bicameralism Revisited. The Case of Romania; D\u0103nu\u021b-Florin Sandovici, Republicile [&hellip;]<\/p>\n","protected":false},"featured_media":12954,"comment_status":"open","ping_status":"closed","template":"","meta":[],"product_brand":[],"product_cat":[991,995],"product_tag":[1097,1112],"class_list":{"0":"post-12953","1":"product","2":"type-product","3":"status-publish","4":"has-post-thumbnail","6":"product_cat-stiinte-sociale","7":"product_cat-istorie-stiinte-politice","8":"product_tag-stiinte-politice","9":"product_tag-studia-politica","11":"first","12":"outofstock","13":"shipping-taxable","14":"purchasable","15":"product-type-simple"},"_links":{"self":[{"href":"https:\/\/editura-unibuc.ro\/en\/wp-json\/wp\/v2\/product\/12953","targetHints":{"allow":["GET"]}}],"collection":[{"href":"https:\/\/editura-unibuc.ro\/en\/wp-json\/wp\/v2\/product"}],"about":[{"href":"https:\/\/editura-unibuc.ro\/en\/wp-json\/wp\/v2\/types\/product"}],"replies":[{"embeddable":true,"href":"https:\/\/editura-unibuc.ro\/en\/wp-json\/wp\/v2\/comments?post=12953"}],"wp:featuredmedia":[{"embeddable":true,"href":"https:\/\/editura-unibuc.ro\/en\/wp-json\/wp\/v2\/media\/12954"}],"wp:attachment":[{"href":"https:\/\/editura-unibuc.ro\/en\/wp-json\/wp\/v2\/media?parent=12953"}],"wp:term":[{"taxonomy":"product_brand","embeddable":true,"href":"https:\/\/editura-unibuc.ro\/en\/wp-json\/wp\/v2\/product_brand?post=12953"},{"taxonomy":"product_cat","embeddable":true,"href":"https:\/\/editura-unibuc.ro\/en\/wp-json\/wp\/v2\/product_cat?post=12953"},{"taxonomy":"product_tag","embeddable":true,"href":"https:\/\/editura-unibuc.ro\/en\/wp-json\/wp\/v2\/product_tag?post=12953"}],"curies":[{"name":"wp","href":"https:\/\/api.w.org\/{rel}","templated":true}]}}