{"id":12971,"date":"2014-07-09T21:27:50","date_gmt":"2014-07-09T18:27:50","guid":{"rendered":"https:\/\/editura-unibuc.ro\/?p=12971"},"modified":"2017-10-11T14:21:35","modified_gmt":"2017-10-11T11:21:35","slug":"culegere-de-teste-si-aplicatii-pentru-admiterea-la-programele-de-masterat-consultanta-afaceri-si-business-consulting-ed-iii-revizuita-si-adaugita","status":"publish","type":"product","link":"https:\/\/editura-unibuc.ro\/en\/culegere-de-teste-si-aplicatii-pentru-admiterea-la-programele-de-masterat-consultanta-afaceri-si-business-consulting-ed-iii-revizuita-si-adaugita\/","title":{"rendered":"COLLECTION OF TESTS AND APPLICATIONS FOR ADMISSION TO MASTER PROGRAMMES: BUSINESS CONSULTING AND BUSINESS ADVISING (3RD EDITION REVISED AND ENLARGED)"},"content":{"rendered":"<p>\u201eAflat\u0103 la a treia edi\u021bie, prezenta culegere de teste \u0219i aplica\u021bii cuprinde numeroase teste cu variante multiple de r\u0103spuns, \u00eentreb\u0103ri deschise \u0219i aplica\u021bii, care vizeaz\u0103 aspecte specifice domeniului afacerilor \u0219i care faciliteaz\u0103 o mai bun\u0103 \u00een\u021belegere a no\u021biunilor teoretice existente \u00een bibliografia recomandat\u0103\u201d.<\/p>\n","protected":false},"excerpt":{"rendered":"<p>\u201eAflat\u0103 la a treia edi\u021bie, prezenta culegere de teste \u0219i aplica\u021bii cuprinde numeroase teste cu variante multiple de r\u0103spuns, \u00eentreb\u0103ri deschise \u0219i aplica\u021bii, care vizeaz\u0103 aspecte specifice domeniului afacerilor \u0219i care faciliteaz\u0103 o mai bun\u0103 \u00een\u021belegere a no\u021biunilor teoretice existente \u00een bibliografia recomandat\u0103\u201d.<\/p>\n","protected":false},"featured_media":12972,"comment_status":"open","ping_status":"closed","template":"","meta":[],"product_brand":[],"product_cat":[991,992],"product_tag":[1102,1103,1026,1104],"class_list":{"0":"post-12971","1":"product","2":"type-product","3":"status-publish","4":"has-post-thumbnail","6":"product_cat-stiinte-sociale","7":"product_cat-administratie-si-afaceri","8":"product_tag-afaceri","9":"product_tag-business","10":"product_tag-culegere","11":"product_tag-master","13":"first","14":"outofstock","15":"shipping-taxable","16":"purchasable","17":"product-type-simple"},"_links":{"self":[{"href":"https:\/\/editura-unibuc.ro\/en\/wp-json\/wp\/v2\/product\/12971","targetHints":{"allow":["GET"]}}],"collection":[{"href":"https:\/\/editura-unibuc.ro\/en\/wp-json\/wp\/v2\/product"}],"about":[{"href":"https:\/\/editura-unibuc.ro\/en\/wp-json\/wp\/v2\/types\/product"}],"replies":[{"embeddable":true,"href":"https:\/\/editura-unibuc.ro\/en\/wp-json\/wp\/v2\/comments?post=12971"}],"wp:featuredmedia":[{"embeddable":true,"href":"https:\/\/editura-unibuc.ro\/en\/wp-json\/wp\/v2\/media\/12972"}],"wp:attachment":[{"href":"https:\/\/editura-unibuc.ro\/en\/wp-json\/wp\/v2\/media?parent=12971"}],"wp:term":[{"taxonomy":"product_brand","embeddable":true,"href":"https:\/\/editura-unibuc.ro\/en\/wp-json\/wp\/v2\/product_brand?post=12971"},{"taxonomy":"product_cat","embeddable":true,"href":"https:\/\/editura-unibuc.ro\/en\/wp-json\/wp\/v2\/product_cat?post=12971"},{"taxonomy":"product_tag","embeddable":true,"href":"https:\/\/editura-unibuc.ro\/en\/wp-json\/wp\/v2\/product_tag?post=12971"}],"curies":[{"name":"wp","href":"https:\/\/api.w.org\/{rel}","templated":true}]}}